{"id":40344,"date":"2026-04-19T02:30:42","date_gmt":"2026-04-19T02:30:42","guid":{"rendered":"https:\/\/singuli.wpress.me\/index.php\/proizvod\/braun-xt10-zamjenska-glava-za-elektricni-brijac-nastavak-za-seriju-x\/"},"modified":"2026-04-20T12:33:31","modified_gmt":"2026-04-20T12:33:31","slug":"braun-xt10-zamjenska-glava-za-elektricni-brijac-nastavak-za-seriju-x","status":"publish","type":"product","link":"https:\/\/singuli.wpress.me\/index.php\/proizvod\/braun-xt10-zamjenska-glava-za-elektricni-brijac-nastavak-za-seriju-x\/","title":{"rendered":"BRAUN XT10, zamjenska glava za elektri\u010dni brija\u010d, nastavak za seriju X"},"content":{"rendered":"<p><span style=\"font-weight: bold\">S tehnologijom 4D o\u0161trice<\/span><br \/>\nInovativna 4D o\u0161trica ima 2 sredi\u0161nje brija\u0107e zone i 2 bo\u010dna trimera. Koristi tehnologiju o\u0161trice prekrivene mre\u017eicom kako bi za\u0161titila ko\u017eu \u2013 za nje\u017eno brijanje, ne preblizu ko\u017ei a opet temeljito tako da izgledate odli\u010dno.<br \/>\n4D o\u0161trica stvorena je da traje i ostane o\u0161tra do 6 mjeseci.* Fleksibilnost glave omogu\u0107uje prilago\u0111avanje konturama lica, za lake i brze pokrete. 100% vodootpornu 4D o\u0161tricu mo\u017eete koristiti za ure\u0111ivanje dla\u010dica u kojem god stilu \u017eelite, nad umivaonikom ili pod tu\u0161em, a lako se \u010disti za higijensku upotrebu kod ku\u0107e.<br \/>\n*Produljite vijek svojeg ure\u0111aja Braun Series X novom o\u0161tricom svakih 6 mjeseci.<br \/>\nInovativna 4D o\u0161trica nje\u017ena je prema ko\u017ei i jednostavna za rukovanje pa s lako\u0107om mo\u017eete urediti dla\u010dice kako god \u017eelite.<\/p>\n<p><span style=\"font-weight: bold\">Karakteristike:<\/span><br \/>\n&#8211; Zamjenjiva glava Braun Series X stvorena je da traje dulje.<br \/>\n&#8211; Robusna i pouzdana<br \/>\n&#8211; Zamjenjiva glava Braun Series X ne\u0107e se odvojiti od ure\u0111aja tijekom putovanja, u pokretu ili pod pritiskom \u2013 stoga je uvijek spremna za upotrebu.<br \/>\n&#8211; 4 podru\u010dja podrezivanja s 450 pokreta u sekundi<br \/>\n&#8211; Dva bo\u010dna trimera i dva sredi\u0161nja brija\u010da rade 450 pokreta u sekundi za brzo i u\u010dinkovito brijanje.<br \/>\n&#8211; U\u010dinkovita fleksibilna glava<br \/>\n&#8211; Pokretljiva fleksibilna glava s 4D o\u0161tricom lijepo se prilago\u0111ava konturama lica, \u010dine\u0107i brijanje zahtjevnijih podru\u010dja znatno lak\u0161im.<\/p>\n<p><span style=\"font-weight: bold\">Testirana da traje<\/span><br \/>\n&#8211; Izdr\u017eljivost testirana na plasti\u010dnim vlaknima kako bi dobro brijala i najgu\u0161\u0107e brade. \u010cak smo je testirali i na pad s visine 1 metra kako bismo osigurali maksimalnu trajnost.<br \/>\n&#8211; Robustan dizajn i nehr\u0111aju\u0107i \u010delik, za o\u0161tre linije i rubove<br \/>\n&#8211; Izra\u0111ena od 100% nehr\u0111aju\u0107eg \u010delika, 4D o\u0161trica stvara o\u0161tre linije i rubove, poma\u017eu\u0107i vam da oblikujete svoj stil sa samopouzdanjem.<br \/>\n&#8211; Lako se mijenja, pristaje na svaki ure\u0111aj iz linije Braun Series X<br \/>\n&#8211; Produljite radni vijek svog ure\u0111aja Braun Series X. Ova zamjenjiva glava kompatibilna je sa svim ure\u0111ajima iz Series X. Samo odvijte postoje\u0107u zamjenjivu glavu i postavite novu.<br \/>\n&#8211; 100% vodootporna, za higijensku upotrebu kod ku\u0107e<br \/>\n&#8211; 100% vodootporna, 4D o\u0161trica mo\u017ee se koristiti nad umivaonikom i pod tu\u0161em. Lako se \u010disti pod teku\u0107om vodom za higijensku upotrebu kod ku\u0107e.<\/p>\n","protected":false},"excerpt":{"rendered":"<p>Inovativna 4D o\u0161trica nje\u017ena je prema ko\u017ei i jednostavna za rukovanje<br \/>\nJedan alat za sve stilove<br \/>\nZamjenjiva glava Braun Series X stvorena je da traje dulje<\/p>\n","protected":false},"featured_media":40345,"template":"","meta":{"_seopress_robots_primary_cat":"","_seopress_titles_title":"","_seopress_titles_desc":"","_seopress_robots_index":"","iawp_total_views":0},"product_brand":[144],"product_cat":[280,192,279],"product_tag":[],"class_list":{"0":"post-40344","1":"product","2":"type-product","3":"status-publish","4":"has-post-thumbnail","6":"product_brand-braun","7":"product_cat-aparati-za-muskarce-279","8":"product_cat-aparati-za-osobnu-njegu","9":"product_cat-brijanje-i-sisanje-192","11":"first","12":"instock","13":"shipping-taxable","14":"purchasable","15":"product-type-simple"},"_links":{"self":[{"href":"https:\/\/singuli.wpress.me\/index.php\/wp-json\/wp\/v2\/product\/40344","targetHints":{"allow":["GET"]}}],"collection":[{"href":"https:\/\/singuli.wpress.me\/index.php\/wp-json\/wp\/v2\/product"}],"about":[{"href":"https:\/\/singuli.wpress.me\/index.php\/wp-json\/wp\/v2\/types\/product"}],"version-history":[{"count":0,"href":"https:\/\/singuli.wpress.me\/index.php\/wp-json\/wp\/v2\/product\/40344\/revisions"}],"wp:featuredmedia":[{"embeddable":true,"href":"https:\/\/singuli.wpress.me\/index.php\/wp-json\/wp\/v2\/media\/40345"}],"wp:attachment":[{"href":"https:\/\/singuli.wpress.me\/index.php\/wp-json\/wp\/v2\/media?parent=40344"}],"wp:term":[{"taxonomy":"product_brand","embeddable":true,"href":"https:\/\/singuli.wpress.me\/index.php\/wp-json\/wp\/v2\/product_brand?post=40344"},{"taxonomy":"product_cat","embeddable":true,"href":"https:\/\/singuli.wpress.me\/index.php\/wp-json\/wp\/v2\/product_cat?post=40344"},{"taxonomy":"product_tag","embeddable":true,"href":"https:\/\/singuli.wpress.me\/index.php\/wp-json\/wp\/v2\/product_tag?post=40344"}],"curies":[{"name":"wp","href":"https:\/\/api.w.org\/{rel}","templated":true}]}}