{"id":40356,"date":"2026-04-19T02:30:46","date_gmt":"2026-04-19T02:30:46","guid":{"rendered":"https:\/\/singuli.wpress.me\/index.php\/proizvod\/glade-aromatherapy-punjenje-za-difuzor-naranca-i-cvijet-nerolij-17-4-ml\/"},"modified":"2026-04-20T12:33:31","modified_gmt":"2026-04-20T12:33:31","slug":"glade-aromatherapy-punjenje-za-difuzor-naranca-i-cvijet-nerolij-17-4-ml","status":"publish","type":"product","link":"https:\/\/singuli.wpress.me\/index.php\/proizvod\/glade-aromatherapy-punjenje-za-difuzor-naranca-i-cvijet-nerolij-17-4-ml\/","title":{"rendered":"GLADE Aromatherapy, punjenje za difuzor, naran\u010da i cvijet nerolij, 17.4\u00a0ml"},"content":{"rendered":"<p>Glade\u00ae Aromatherapy Cool Mist Diffuser Pure Happiness punjenje za difuzor pomo\u0107i \u0107e vam da prona\u0111ete nadahnu\u0107e i inspirirate se uz pomo\u0107 \u017eivopisne mje\u0161avine brazilske naran\u010de i slatkog sjevernoafri\u010dkog cvijeta nerolija, koja u svakom trenutku podi\u017ee razinu va\u0161e energije. <\/p>\n<p>Unesite pozitivnu energiju u va\u0161 dom! Pouzdana svje\u017eina u novom formatu sadr\u017ei dvostruku mje\u0161avinu premium esencijalnih ulja, a va\u0161 dom postat \u0107e mirisna oaza do \u010dak 60 dana. <\/p>\n<p>Punjenje je spremno za kori\u0161tenje i nije ga potrebno mije\u0161ati s vodom. <\/p>\n<p>Ova formula ne sadr\u017ei parabene, ftalate, nitro mo\u0161us, boje ili umjetna bojila. <\/p>\n<p>Pakiranje kartona izra\u0111eno je od 60 % kori\u0161tenog recikliranog papira i mo\u017ee se reciklirati.<\/p>\n","protected":false},"excerpt":{"rendered":"<p>Miris naran\u010de i cvijeta nerolija<br \/>\nOboga\u0107eno dvostrukom mje\u0161avinom esencijalnih ulja<br \/>\nDo 60 dana mirisa<\/p>\n","protected":false},"featured_media":40357,"template":"","meta":{"_seopress_robots_primary_cat":"","_seopress_titles_title":"","_seopress_titles_desc":"","_seopress_robots_index":"","iawp_total_views":0},"product_brand":[405],"product_cat":[294,238],"product_tag":[],"class_list":{"0":"post-40356","1":"product","2":"type-product","3":"status-publish","4":"has-post-thumbnail","6":"product_brand-glade","7":"product_cat-osvjezivaci-zraka-238","8":"product_cat-sve-za-dom","10":"first","11":"outofstock","12":"shipping-taxable","13":"purchasable","14":"product-type-simple"},"_links":{"self":[{"href":"https:\/\/singuli.wpress.me\/index.php\/wp-json\/wp\/v2\/product\/40356","targetHints":{"allow":["GET"]}}],"collection":[{"href":"https:\/\/singuli.wpress.me\/index.php\/wp-json\/wp\/v2\/product"}],"about":[{"href":"https:\/\/singuli.wpress.me\/index.php\/wp-json\/wp\/v2\/types\/product"}],"version-history":[{"count":0,"href":"https:\/\/singuli.wpress.me\/index.php\/wp-json\/wp\/v2\/product\/40356\/revisions"}],"wp:featuredmedia":[{"embeddable":true,"href":"https:\/\/singuli.wpress.me\/index.php\/wp-json\/wp\/v2\/media\/40357"}],"wp:attachment":[{"href":"https:\/\/singuli.wpress.me\/index.php\/wp-json\/wp\/v2\/media?parent=40356"}],"wp:term":[{"taxonomy":"product_brand","embeddable":true,"href":"https:\/\/singuli.wpress.me\/index.php\/wp-json\/wp\/v2\/product_brand?post=40356"},{"taxonomy":"product_cat","embeddable":true,"href":"https:\/\/singuli.wpress.me\/index.php\/wp-json\/wp\/v2\/product_cat?post=40356"},{"taxonomy":"product_tag","embeddable":true,"href":"https:\/\/singuli.wpress.me\/index.php\/wp-json\/wp\/v2\/product_tag?post=40356"}],"curies":[{"name":"wp","href":"https:\/\/api.w.org\/{rel}","templated":true}]}}