{"id":40361,"date":"2026-04-19T02:30:49","date_gmt":"2026-04-19T02:30:49","guid":{"rendered":"https:\/\/singuli.wpress.me\/index.php\/proizvod\/mr-proper-professional-univerzalno-sredstvo-za-ciscenje-lemon-5-l\/"},"modified":"2026-04-20T12:33:31","modified_gmt":"2026-04-20T12:33:31","slug":"mr-proper-professional-univerzalno-sredstvo-za-ciscenje-lemon-5-l","status":"publish","type":"product","link":"https:\/\/singuli.wpress.me\/index.php\/proizvod\/mr-proper-professional-univerzalno-sredstvo-za-ciscenje-lemon-5-l\/","title":{"rendered":"MR. PROPER PROFESSIONAL, univerzalno sredstvo za \u010di\u0161\u0107enje, Lemon, 5\u00a0l"},"content":{"rendered":"<p>Mr. Proper Lemon, profesionalno sredstvo za \u010di\u0161\u0107enje podova i razli\u010ditih povr\u0161ina, \u010disti za 5 zvjezdica te ostavlja dugotrajan sjaj na svim perivim tvrdim povr\u0161inama i podovima.<\/p>\n","protected":false},"excerpt":{"rendered":"<p>Temeljita \u010disto\u0107a<br \/>\nIntenzivna svje\u017eina<br \/>\nRastapa i uklanja do 100 % masno\u0107e<\/p>\n","protected":false},"featured_media":40362,"template":"","meta":{"_seopress_robots_primary_cat":"","_seopress_titles_title":"","_seopress_titles_desc":"","_seopress_robots_index":"","iawp_total_views":0},"product_brand":[468],"product_cat":[284,238],"product_tag":[],"class_list":{"0":"post-40361","1":"product","2":"type-product","3":"status-publish","4":"has-post-thumbnail","6":"product_brand-mr-proper-professional","7":"product_cat-sredstva-za-ciscenje-238","8":"product_cat-sve-za-dom","10":"first","11":"outofstock","12":"shipping-taxable","13":"purchasable","14":"product-type-simple"},"_links":{"self":[{"href":"https:\/\/singuli.wpress.me\/index.php\/wp-json\/wp\/v2\/product\/40361","targetHints":{"allow":["GET"]}}],"collection":[{"href":"https:\/\/singuli.wpress.me\/index.php\/wp-json\/wp\/v2\/product"}],"about":[{"href":"https:\/\/singuli.wpress.me\/index.php\/wp-json\/wp\/v2\/types\/product"}],"version-history":[{"count":0,"href":"https:\/\/singuli.wpress.me\/index.php\/wp-json\/wp\/v2\/product\/40361\/revisions"}],"wp:featuredmedia":[{"embeddable":true,"href":"https:\/\/singuli.wpress.me\/index.php\/wp-json\/wp\/v2\/media\/40362"}],"wp:attachment":[{"href":"https:\/\/singuli.wpress.me\/index.php\/wp-json\/wp\/v2\/media?parent=40361"}],"wp:term":[{"taxonomy":"product_brand","embeddable":true,"href":"https:\/\/singuli.wpress.me\/index.php\/wp-json\/wp\/v2\/product_brand?post=40361"},{"taxonomy":"product_cat","embeddable":true,"href":"https:\/\/singuli.wpress.me\/index.php\/wp-json\/wp\/v2\/product_cat?post=40361"},{"taxonomy":"product_tag","embeddable":true,"href":"https:\/\/singuli.wpress.me\/index.php\/wp-json\/wp\/v2\/product_tag?post=40361"}],"curies":[{"name":"wp","href":"https:\/\/api.w.org\/{rel}","templated":true}]}}