{"id":40365,"date":"2026-04-19T02:30:53","date_gmt":"2026-04-19T02:30:53","guid":{"rendered":"https:\/\/singuli.wpress.me\/index.php\/proizvod\/oral-b-pro-3-3500-cross-action-elektricna-cetkica-za-zube-bijela\/"},"modified":"2026-04-20T12:33:31","modified_gmt":"2026-04-20T12:33:31","slug":"oral-b-pro-3-3500-cross-action-elektricna-cetkica-za-zube-bijela","status":"publish","type":"product","link":"https:\/\/singuli.wpress.me\/index.php\/proizvod\/oral-b-pro-3-3500-cross-action-elektricna-cetkica-za-zube-bijela\/","title":{"rendered":"ORAL-B Pro 3 3500 Cross Action, elektri\u010dna \u010detkica za zube, bijela"},"content":{"rendered":"<p>Iskusite \u010detkicu za zube Oral-B Pro 3 marke broj 1 koju preporu\u010duju stomatolozi diljem svijeta.<\/p>\n<p>Pro 3 elektri\u010dna \u010detkica za zube poma\u017ee vam da perete zube ba\u0161 onako kako vam je stomatolog preporu\u010dio. Profesionalni mjera\u010d vremena postavljen je na 2 minute i podsje\u0107a vas svakih 30 sekundi da promijenite podru\u010dje koje \u010detkate. Samo pomi\u010dite \u010detkicu po ustima, a jedinstvena okrugla glava Oral-B u\u010dinit \u0107e ostalo.<\/p>\n<p>Uklanja do 100% vi\u0161e naslaga od obi\u010dne ru\u010dne \u010detkice za zube, pridonose\u0107i zdravim desnima i bjelijem osmijehu od prvog dana \u010detkanja uklanjanjem povr\u0161inskih mrlja. \u010cetkica za zube Oral-B Pro 3 s profesionalnim mjera\u010dem vremena odli\u010dna je za sve koji \u017eele prije\u0107i na elektri\u010dnu \u010detkicu za zube.<\/p>\n<p>Najva\u017enije karakteristike \u010detkice za zube:<br \/>\n&#8211; dubinsko \u010di\u0161\u0107enje i zdravije desni uz kontrolu pritiska od 360 stupnjeva na desni, koja vas vizualnim signalom upozorava ako \u010detkate prejako;<br \/>\n&#8211; za \u010disto\u0107u koja zadivljuje &#8211; uklonite bakterije uklanjanjem do 100% vi\u0161e naslaga u usporedbi s ru\u010dnom \u010detkicom za zube;<br \/>\n&#8211; 3 na\u010dina \u010detkanja: svakodnevno \u010di\u0161\u0107enje, izbjeljivanje i nje\u017eno \u010di\u0161\u0107enje;<br \/>\n&#8211; litij-ionska baterija omogu\u0107uje vi\u0161e od 2 tjedna kori\u0161tenja s jednim punjenjem;<br \/>\n&#8211; poma\u017ee vam da \u010detkate dulje s dvominutnim ugra\u0111enim mjera\u010dem vremena.<\/p>\n<p>Tehni\u010dki detalji:<br \/>\n&#8211; Tip: Rotacijsko-osciliraju\u0107i<br \/>\n&#8211; Broj programa: 3 (nje\u017eno \u010di\u0161\u0107enje, svakodnevno \u010di\u0161\u0107enje, izbjeljivanje)<br \/>\n&#8211; Razine intenziteta: 1<br \/>\n&#8211; Senzor pritiska: Da<br \/>\n&#8211; Intervalni mjera\u010d vremena: Da<br \/>\n&#8211; Baterija: litij-ionska<br \/>\n&#8211; Trajanje rada: Do 14 dana<br \/>\n&#8211; Vrijeme punjenja: do 12 sati<br \/>\n&#8211; Boja: bijela<br \/>\n&#8211; Sadr\u017eaj: 1 ru\u010dka s punja\u010dem, 1 nastavak za \u010detkicu za zube, 1 putna torbica<\/p>\n<p>Upute za uporabu: Namo\u010dite nastavak \u010detkice i nanesite pastu za zube. Stavite \u010detkicu za zube u usta i uklju\u010dite je. Polako vodite glavu \u010detkice od jednog zuba do drugog. Dr\u017eite glavu \u010detkice na mjestu nekoliko sekundi, a zatim prije\u0111ite na sljede\u0107i zub. \u010cetkajte desni i zube, prvo izvana, zatim iznutra i na kraju grizne povr\u0161ine.<\/p>\n<p>Jamstvo: 2 godine<\/p>\n","protected":false},"excerpt":{"rendered":"<p>Dizajnirao Braun<br \/>\n3 na\u010dina \u010detkanja: svakodnevno \u010di\u0161\u0107enje, izbjeljivanje i nje\u017eno \u010di\u0161\u0107enje<br \/>\nSadr\u017eaj: 1 dr\u017ea\u010d s punja\u010dem, 1 nastavak za \u010detkicu za zube, 1 putna torbica<\/p>\n","protected":false},"featured_media":40366,"template":"","meta":{"_seopress_robots_primary_cat":"","_seopress_titles_title":"","_seopress_titles_desc":"","_seopress_robots_index":"","iawp_total_views":0},"product_brand":[423],"product_cat":[293,192,292],"product_tag":[],"class_list":{"0":"post-40365","1":"product","2":"type-product","3":"status-publish","4":"has-post-thumbnail","6":"product_brand-oral-b-2","7":"product_cat-aparati-za-djecu-i-odrasle-292","8":"product_cat-aparati-za-osobnu-njegu","9":"product_cat-oralna-higijena-uredaji-192","11":"first","12":"outofstock","13":"shipping-taxable","14":"purchasable","15":"product-type-simple"},"_links":{"self":[{"href":"https:\/\/singuli.wpress.me\/index.php\/wp-json\/wp\/v2\/product\/40365","targetHints":{"allow":["GET"]}}],"collection":[{"href":"https:\/\/singuli.wpress.me\/index.php\/wp-json\/wp\/v2\/product"}],"about":[{"href":"https:\/\/singuli.wpress.me\/index.php\/wp-json\/wp\/v2\/types\/product"}],"version-history":[{"count":0,"href":"https:\/\/singuli.wpress.me\/index.php\/wp-json\/wp\/v2\/product\/40365\/revisions"}],"wp:featuredmedia":[{"embeddable":true,"href":"https:\/\/singuli.wpress.me\/index.php\/wp-json\/wp\/v2\/media\/40366"}],"wp:attachment":[{"href":"https:\/\/singuli.wpress.me\/index.php\/wp-json\/wp\/v2\/media?parent=40365"}],"wp:term":[{"taxonomy":"product_brand","embeddable":true,"href":"https:\/\/singuli.wpress.me\/index.php\/wp-json\/wp\/v2\/product_brand?post=40365"},{"taxonomy":"product_cat","embeddable":true,"href":"https:\/\/singuli.wpress.me\/index.php\/wp-json\/wp\/v2\/product_cat?post=40365"},{"taxonomy":"product_tag","embeddable":true,"href":"https:\/\/singuli.wpress.me\/index.php\/wp-json\/wp\/v2\/product_tag?post=40365"}],"curies":[{"name":"wp","href":"https:\/\/api.w.org\/{rel}","templated":true}]}}