{"id":40370,"date":"2026-04-19T02:30:54","date_gmt":"2026-04-19T02:30:54","guid":{"rendered":"https:\/\/singuli.wpress.me\/index.php\/proizvod\/old-spice-astronaut-dezodorans-u-spreju-150-ml\/"},"modified":"2026-04-20T12:33:31","modified_gmt":"2026-04-20T12:33:31","slug":"old-spice-astronaut-dezodorans-u-spreju-150-ml","status":"publish","type":"product","link":"https:\/\/singuli.wpress.me\/index.php\/proizvod\/old-spice-astronaut-dezodorans-u-spreju-150-ml\/","title":{"rendered":"OLD SPICE Astronaut, dezodorans u spreju, 150\u00a0ml"},"content":{"rendered":"<p>Miri\u0161i svemirski i odleti u nepoznato uz dugotrajnu za\u0161titu od neugodnih mirisa i galakti\u010dki miris deospreja za tijelo Old Spice Astronaut.  <\/p>\n<p>Miris Astronaut, kreiran za mu\u0161karce, \u010dist je miris s profinjenim vodenim notama, zaokru\u017een citrusnim notama na bogatoj bazi drvenih i mo\u0161usnih tonova. <\/p>\n<p>Formula bez aluminija ne ostavlja tragove ni \u017eute mrlje, a njezin zvjezdani miris je toliko dugotrajan da mo\u017ee\u0161 stalno u\u017eivati u njemu<\/p>\n","protected":false},"excerpt":{"rendered":"<p>Dugotrajna za\u0161tita od neugodnih mirisa<br \/>\n\u010cist miris s profinjenim vodenim notama, zaokru\u017een citrusnim notama na bogatoj bazi drvenihi i mo\u0161usnih tonova<br \/>\nZa\u0161tita od bijelih i \u017eutih mrlja<\/p>\n","protected":false},"featured_media":40371,"template":"","meta":{"_seopress_robots_primary_cat":"","_seopress_titles_title":"","_seopress_titles_desc":"","_seopress_robots_index":"","iawp_total_views":0},"product_brand":[448],"product_cat":[285,268],"product_tag":[],"class_list":{"0":"post-40370","1":"product","2":"type-product","3":"status-publish","4":"has-post-thumbnail","6":"product_brand-old-spice","7":"product_cat-dezodoransi-268","8":"product_cat-kozmetika-2","10":"first","11":"outofstock","12":"shipping-taxable","13":"purchasable","14":"product-type-simple"},"_links":{"self":[{"href":"https:\/\/singuli.wpress.me\/index.php\/wp-json\/wp\/v2\/product\/40370","targetHints":{"allow":["GET"]}}],"collection":[{"href":"https:\/\/singuli.wpress.me\/index.php\/wp-json\/wp\/v2\/product"}],"about":[{"href":"https:\/\/singuli.wpress.me\/index.php\/wp-json\/wp\/v2\/types\/product"}],"version-history":[{"count":0,"href":"https:\/\/singuli.wpress.me\/index.php\/wp-json\/wp\/v2\/product\/40370\/revisions"}],"wp:featuredmedia":[{"embeddable":true,"href":"https:\/\/singuli.wpress.me\/index.php\/wp-json\/wp\/v2\/media\/40371"}],"wp:attachment":[{"href":"https:\/\/singuli.wpress.me\/index.php\/wp-json\/wp\/v2\/media?parent=40370"}],"wp:term":[{"taxonomy":"product_brand","embeddable":true,"href":"https:\/\/singuli.wpress.me\/index.php\/wp-json\/wp\/v2\/product_brand?post=40370"},{"taxonomy":"product_cat","embeddable":true,"href":"https:\/\/singuli.wpress.me\/index.php\/wp-json\/wp\/v2\/product_cat?post=40370"},{"taxonomy":"product_tag","embeddable":true,"href":"https:\/\/singuli.wpress.me\/index.php\/wp-json\/wp\/v2\/product_tag?post=40370"}],"curies":[{"name":"wp","href":"https:\/\/api.w.org\/{rel}","templated":true}]}}