{"id":40372,"date":"2026-04-19T02:30:56","date_gmt":"2026-04-19T02:30:56","guid":{"rendered":"https:\/\/singuli.wpress.me\/index.php\/proizvod\/wc-net-bleach-gel-za-ciscenje-wc-skoljke-ocean-750-ml\/"},"modified":"2026-04-20T12:33:31","modified_gmt":"2026-04-20T12:33:31","slug":"wc-net-bleach-gel-za-ciscenje-wc-skoljke-ocean-750-ml","status":"publish","type":"product","link":"https:\/\/singuli.wpress.me\/index.php\/proizvod\/wc-net-bleach-gel-za-ciscenje-wc-skoljke-ocean-750-ml\/","title":{"rendered":"WC NET Bleach, gel za \u010di\u0161\u0107enje WC \u0161koljke, Ocean, 750\u00a0ml"},"content":{"rendered":"<p>Formula gela savr\u0161eno prianja uz stijenku WC \u0161koljke za dubinsku higijenu i izbjeljivanje. <\/p>\n<p>Ostavlja Va\u0161 WC dugotrajno \u010distim.<\/p>\n","protected":false},"excerpt":{"rendered":"<p>Savr\u0161eno \u010disti i ispod ruba WC \u0161koljke<br \/>\nIzbjeljuje i uklanja ne\u010disto\u0107e<br \/>\nPrianja uz stijenku WC \u0161koljke za pobolj\u0161anu u\u010dinkovitost<\/p>\n","protected":false},"featured_media":40373,"template":"","meta":{"_seopress_robots_primary_cat":"","_seopress_titles_title":"","_seopress_titles_desc":"","_seopress_robots_index":"","iawp_total_views":0},"product_brand":[778],"product_cat":[284,238],"product_tag":[],"class_list":{"0":"post-40372","1":"product","2":"type-product","3":"status-publish","4":"has-post-thumbnail","6":"product_brand-wc-net","7":"product_cat-sredstva-za-ciscenje-238","8":"product_cat-sve-za-dom","10":"first","11":"instock","12":"shipping-taxable","13":"purchasable","14":"product-type-simple"},"_links":{"self":[{"href":"https:\/\/singuli.wpress.me\/index.php\/wp-json\/wp\/v2\/product\/40372","targetHints":{"allow":["GET"]}}],"collection":[{"href":"https:\/\/singuli.wpress.me\/index.php\/wp-json\/wp\/v2\/product"}],"about":[{"href":"https:\/\/singuli.wpress.me\/index.php\/wp-json\/wp\/v2\/types\/product"}],"version-history":[{"count":0,"href":"https:\/\/singuli.wpress.me\/index.php\/wp-json\/wp\/v2\/product\/40372\/revisions"}],"wp:featuredmedia":[{"embeddable":true,"href":"https:\/\/singuli.wpress.me\/index.php\/wp-json\/wp\/v2\/media\/40373"}],"wp:attachment":[{"href":"https:\/\/singuli.wpress.me\/index.php\/wp-json\/wp\/v2\/media?parent=40372"}],"wp:term":[{"taxonomy":"product_brand","embeddable":true,"href":"https:\/\/singuli.wpress.me\/index.php\/wp-json\/wp\/v2\/product_brand?post=40372"},{"taxonomy":"product_cat","embeddable":true,"href":"https:\/\/singuli.wpress.me\/index.php\/wp-json\/wp\/v2\/product_cat?post=40372"},{"taxonomy":"product_tag","embeddable":true,"href":"https:\/\/singuli.wpress.me\/index.php\/wp-json\/wp\/v2\/product_tag?post=40372"}],"curies":[{"name":"wp","href":"https:\/\/api.w.org\/{rel}","templated":true}]}}