{"id":40374,"date":"2026-04-19T02:30:57","date_gmt":"2026-04-19T02:30:57","guid":{"rendered":"https:\/\/singuli.wpress.me\/index.php\/proizvod\/twistshake-ledeni-oblozi-5-kom\/"},"modified":"2026-04-21T00:27:03","modified_gmt":"2026-04-21T00:27:03","slug":"twistshake-ledeni-oblozi-5-kom","status":"publish","type":"product","link":"https:\/\/singuli.wpress.me\/index.php\/proizvod\/twistshake-ledeni-oblozi-5-kom\/","title":{"rendered":"TWISTSHAKE, ledeni oblozi, 5\u00a0kom"},"content":{"rendered":"<p>Twistshake plo\u010dice za hla\u0111enje su vrlo tanke i zbog toga zauzimaju jako malo prostora u torbi za hla\u0111enje! Hrana zbog njih ostaje svje\u017ea i hladna \u010dak i na va\u0161im izletima.<\/p>\n<p>Idealno odgovaraju Twistshake torbi za hla\u0111enje, naravno mo\u017eete ih koristiti i za druge svrhe.<\/p>\n<p>Dimenzije: 12 x 12 x 1,3 cm<\/p>\n","protected":false},"excerpt":{"rendered":"<p>Vrlo tanke, ne zauzimaju puno mjesta<br \/>\nHrana ostaje svje\u017ea<br \/>\nPakiranje od 5 komada<\/p>\n","protected":false},"featured_media":40375,"template":"","meta":{"_seopress_robots_primary_cat":"","_seopress_titles_title":"","_seopress_titles_desc":"","_seopress_robots_index":"","iawp_total_views":0},"product_brand":[433],"product_cat":[274,238],"product_tag":[],"class_list":{"0":"post-40374","1":"product","2":"type-product","3":"status-publish","4":"has-post-thumbnail","6":"product_brand-twistshake","7":"product_cat-kucanski-pribor-238","8":"product_cat-sve-za-dom","10":"first","11":"instock","12":"shipping-taxable","13":"purchasable","14":"product-type-simple"},"_links":{"self":[{"href":"https:\/\/singuli.wpress.me\/index.php\/wp-json\/wp\/v2\/product\/40374","targetHints":{"allow":["GET"]}}],"collection":[{"href":"https:\/\/singuli.wpress.me\/index.php\/wp-json\/wp\/v2\/product"}],"about":[{"href":"https:\/\/singuli.wpress.me\/index.php\/wp-json\/wp\/v2\/types\/product"}],"version-history":[{"count":0,"href":"https:\/\/singuli.wpress.me\/index.php\/wp-json\/wp\/v2\/product\/40374\/revisions"}],"wp:featuredmedia":[{"embeddable":true,"href":"https:\/\/singuli.wpress.me\/index.php\/wp-json\/wp\/v2\/media\/40375"}],"wp:attachment":[{"href":"https:\/\/singuli.wpress.me\/index.php\/wp-json\/wp\/v2\/media?parent=40374"}],"wp:term":[{"taxonomy":"product_brand","embeddable":true,"href":"https:\/\/singuli.wpress.me\/index.php\/wp-json\/wp\/v2\/product_brand?post=40374"},{"taxonomy":"product_cat","embeddable":true,"href":"https:\/\/singuli.wpress.me\/index.php\/wp-json\/wp\/v2\/product_cat?post=40374"},{"taxonomy":"product_tag","embeddable":true,"href":"https:\/\/singuli.wpress.me\/index.php\/wp-json\/wp\/v2\/product_tag?post=40374"}],"curies":[{"name":"wp","href":"https:\/\/api.w.org\/{rel}","templated":true}]}}