{"id":40376,"date":"2026-04-19T02:30:57","date_gmt":"2026-04-19T02:30:57","guid":{"rendered":"https:\/\/singuli.wpress.me\/index.php\/proizvod\/pampers-sensitive-vlazne-maramice-4-pakiranja-208-kom-3\/"},"modified":"2026-04-20T12:33:31","modified_gmt":"2026-04-20T12:33:31","slug":"pampers-sensitive-vlazne-maramice-4-pakiranja-208-kom-3","status":"publish","type":"product","link":"https:\/\/singuli.wpress.me\/index.php\/proizvod\/pampers-sensitive-vlazne-maramice-4-pakiranja-208-kom-3\/","title":{"rendered":"PAMPERS Sensitive, vla\u017ene maramice, 4 pakiranja, 208\u00a0kom"},"content":{"rendered":"<p>Osjetljiva ko\u017ea va\u0161e bebe vrlo je nje\u017ena i zaslu\u017euje nje\u017eno \u010di\u0161\u0107enje, po\u010dev\u0161i s mijenjanjem pelena. <\/p>\n<p>Zahvaljuju\u0107i mek\u0161oj i gu\u0161\u0107oj tkanini vla\u017ene maramice Pampers Sensitive sada omogu\u0107uju jo\u0161 nje\u017enije i bolje \u010di\u0161\u0107enje (u odnosu na dosada\u0161nju verziju tih maramica) i njegu osjetljive ko\u017ee va\u0161e bebe. Enzimi u mokra\u0107i i stolici mijenjaju pH ko\u017ee i tako pove\u0107avaju rizik od iritacije i osipa. <\/p>\n<p>Sve vla\u017ene maramice Pampers sadr\u017ee jedinstvenu formulu koja \u0161titi prirodni pH ko\u017ee bolje od pamuka i vode, tako da je \u010dak i najnje\u017enija ko\u017ea \u010dista i za\u0161ti\u0107ena od iritacija. <\/p>\n<p>Maramice Pampers Sensitive dermatolo\u0161ki su ispitali i odobrili dermatolozi udru\u017eenja Skin Health Alliance. <\/p>\n<p>Budu\u0107i da su maramice Pampers Sensitive namijenjene najosjetljivijoj dje\u010djoj ko\u017ei, ne sadr\u017ee alkohol, dodane mirise, boje.<\/p>\n","protected":false},"excerpt":{"rendered":"<p>Prikladne i za novoro\u0111en\u010dad<br \/>\nBez alkohola, dodanih mirisa i boja<br \/>\nDermatolo\u0161ki testirane<\/p>\n","protected":false},"featured_media":40377,"template":"","meta":{"_seopress_robots_primary_cat":"","_seopress_titles_title":"","_seopress_titles_desc":"","_seopress_robots_index":"","iawp_total_views":0},"product_brand":[444],"product_cat":[268,278],"product_tag":[],"class_list":{"0":"post-40376","1":"product","2":"type-product","3":"status-publish","4":"has-post-thumbnail","6":"product_brand-pampers","7":"product_cat-kozmetika-2","8":"product_cat-njega-tijela-268","10":"first","11":"outofstock","12":"shipping-taxable","13":"purchasable","14":"product-type-simple"},"_links":{"self":[{"href":"https:\/\/singuli.wpress.me\/index.php\/wp-json\/wp\/v2\/product\/40376","targetHints":{"allow":["GET"]}}],"collection":[{"href":"https:\/\/singuli.wpress.me\/index.php\/wp-json\/wp\/v2\/product"}],"about":[{"href":"https:\/\/singuli.wpress.me\/index.php\/wp-json\/wp\/v2\/types\/product"}],"version-history":[{"count":0,"href":"https:\/\/singuli.wpress.me\/index.php\/wp-json\/wp\/v2\/product\/40376\/revisions"}],"wp:featuredmedia":[{"embeddable":true,"href":"https:\/\/singuli.wpress.me\/index.php\/wp-json\/wp\/v2\/media\/40377"}],"wp:attachment":[{"href":"https:\/\/singuli.wpress.me\/index.php\/wp-json\/wp\/v2\/media?parent=40376"}],"wp:term":[{"taxonomy":"product_brand","embeddable":true,"href":"https:\/\/singuli.wpress.me\/index.php\/wp-json\/wp\/v2\/product_brand?post=40376"},{"taxonomy":"product_cat","embeddable":true,"href":"https:\/\/singuli.wpress.me\/index.php\/wp-json\/wp\/v2\/product_cat?post=40376"},{"taxonomy":"product_tag","embeddable":true,"href":"https:\/\/singuli.wpress.me\/index.php\/wp-json\/wp\/v2\/product_tag?post=40376"}],"curies":[{"name":"wp","href":"https:\/\/api.w.org\/{rel}","templated":true}]}}