{"id":40380,"date":"2026-04-19T02:30:58","date_gmt":"2026-04-19T02:30:58","guid":{"rendered":"https:\/\/singuli.wpress.me\/index.php\/proizvod\/plantaze-sauvignon-bijelo-vino-0-75-l\/"},"modified":"2026-04-20T12:33:31","modified_gmt":"2026-04-20T12:33:31","slug":"plantaze-sauvignon-bijelo-vino-0-75-l","status":"publish","type":"product","link":"https:\/\/singuli.wpress.me\/index.php\/proizvod\/plantaze-sauvignon-bijelo-vino-0-75-l\/","title":{"rendered":"PLANTA\u017dE Sauvignon, bijelo vino, 0.75\u00a0l"},"content":{"rendered":"<p>Vrhunsko suho bijelo vino,  osvje\u017eavaju\u0107e i aromati\u010dno bijelo vino.<\/p>\n<p>Veoma je skladno, puno, lijepo zaokru\u017eeno, ispunjeno sa finim mineralim i citrusnim tonovima u zavr\u0161nici. <\/p>\n<p>Temperatura serviranja: 8-10\u00b0C<\/p>\n","protected":false},"excerpt":{"rendered":"<p>Vrhunsko suho bijelo vino<br \/>\nVeoma je skladno, puno, lijepo zaokru\u017eeno, ispunjeno sa finim mineralim i citrusnim tonovima u zavr\u0161nici<br \/>\nTemperatura serviranja: 8-10\u00b0C<\/p>\n","protected":false},"featured_media":40381,"template":"","meta":{"_seopress_robots_primary_cat":"","_seopress_titles_title":"","_seopress_titles_desc":"","_seopress_robots_index":"","iawp_total_views":0},"product_brand":[508],"product_cat":[298,261],"product_tag":[],"class_list":{"0":"post-40380","1":"product","2":"type-product","3":"status-publish","4":"has-post-thumbnail","6":"product_brand-plantaze","7":"product_cat-alkoholna-pica-261","8":"product_cat-hrana-i-pice","10":"first","11":"instock","12":"shipping-taxable","13":"purchasable","14":"product-type-simple"},"_links":{"self":[{"href":"https:\/\/singuli.wpress.me\/index.php\/wp-json\/wp\/v2\/product\/40380","targetHints":{"allow":["GET"]}}],"collection":[{"href":"https:\/\/singuli.wpress.me\/index.php\/wp-json\/wp\/v2\/product"}],"about":[{"href":"https:\/\/singuli.wpress.me\/index.php\/wp-json\/wp\/v2\/types\/product"}],"version-history":[{"count":0,"href":"https:\/\/singuli.wpress.me\/index.php\/wp-json\/wp\/v2\/product\/40380\/revisions"}],"wp:featuredmedia":[{"embeddable":true,"href":"https:\/\/singuli.wpress.me\/index.php\/wp-json\/wp\/v2\/media\/40381"}],"wp:attachment":[{"href":"https:\/\/singuli.wpress.me\/index.php\/wp-json\/wp\/v2\/media?parent=40380"}],"wp:term":[{"taxonomy":"product_brand","embeddable":true,"href":"https:\/\/singuli.wpress.me\/index.php\/wp-json\/wp\/v2\/product_brand?post=40380"},{"taxonomy":"product_cat","embeddable":true,"href":"https:\/\/singuli.wpress.me\/index.php\/wp-json\/wp\/v2\/product_cat?post=40380"},{"taxonomy":"product_tag","embeddable":true,"href":"https:\/\/singuli.wpress.me\/index.php\/wp-json\/wp\/v2\/product_tag?post=40380"}],"curies":[{"name":"wp","href":"https:\/\/api.w.org\/{rel}","templated":true}]}}