{"id":40390,"date":"2026-04-19T02:31:00","date_gmt":"2026-04-19T02:31:00","guid":{"rendered":"https:\/\/singuli.wpress.me\/index.php\/proizvod\/rio-mare-fileti-skuse-sa-zara-u-vlastitom-soku-120-g\/"},"modified":"2026-04-20T12:33:31","modified_gmt":"2026-04-20T12:33:31","slug":"rio-mare-fileti-skuse-sa-zara-u-vlastitom-soku-120-g","status":"publish","type":"product","link":"https:\/\/singuli.wpress.me\/index.php\/proizvod\/rio-mare-fileti-skuse-sa-zara-u-vlastitom-soku-120-g\/","title":{"rendered":"RIO MARE, fileti sku\u0161e sa \u017eara, u vlastitom soku, 120\u00a0g"},"content":{"rendered":"<p>Fileti sku\u0161e sa \u017eara u vlastitom soku donose na Va\u0161 stol okus i nutritivna svojstva najboljih ru\u010dno obra\u0111enih fileta sku\u0161e sa \u017eara za potpuni do\u017eivljaj omiljenog jela morske kuhinje. <\/p>\n<p>Idealni uz salatu od cherry-raj\u010dica, za\u010dinjenu sitno nasjeckanim crvenim lukom, maslinama i par kapi ekstra djevi\u010danskog maslinovog ulja.<\/p>\n","protected":false},"excerpt":{"rendered":"<p>Odli\u010dna nutritivna svojstva<br \/>\nDosljedna kvaliteta<br \/>\nKonzervirani filteti<\/p>\n","protected":false},"featured_media":40391,"template":"","meta":{"_seopress_robots_primary_cat":"","_seopress_titles_title":"","_seopress_titles_desc":"","_seopress_robots_index":"","iawp_total_views":0},"product_brand":[456],"product_cat":[261,299],"product_tag":[],"class_list":{"0":"post-40390","1":"product","2":"type-product","3":"status-publish","4":"has-post-thumbnail","6":"product_brand-rio-mare","7":"product_cat-hrana-i-pice","8":"product_cat-konzervirana-i-gotova-hrana-261","10":"first","11":"instock","12":"shipping-taxable","13":"purchasable","14":"product-type-simple"},"_links":{"self":[{"href":"https:\/\/singuli.wpress.me\/index.php\/wp-json\/wp\/v2\/product\/40390","targetHints":{"allow":["GET"]}}],"collection":[{"href":"https:\/\/singuli.wpress.me\/index.php\/wp-json\/wp\/v2\/product"}],"about":[{"href":"https:\/\/singuli.wpress.me\/index.php\/wp-json\/wp\/v2\/types\/product"}],"version-history":[{"count":0,"href":"https:\/\/singuli.wpress.me\/index.php\/wp-json\/wp\/v2\/product\/40390\/revisions"}],"wp:featuredmedia":[{"embeddable":true,"href":"https:\/\/singuli.wpress.me\/index.php\/wp-json\/wp\/v2\/media\/40391"}],"wp:attachment":[{"href":"https:\/\/singuli.wpress.me\/index.php\/wp-json\/wp\/v2\/media?parent=40390"}],"wp:term":[{"taxonomy":"product_brand","embeddable":true,"href":"https:\/\/singuli.wpress.me\/index.php\/wp-json\/wp\/v2\/product_brand?post=40390"},{"taxonomy":"product_cat","embeddable":true,"href":"https:\/\/singuli.wpress.me\/index.php\/wp-json\/wp\/v2\/product_cat?post=40390"},{"taxonomy":"product_tag","embeddable":true,"href":"https:\/\/singuli.wpress.me\/index.php\/wp-json\/wp\/v2\/product_tag?post=40390"}],"curies":[{"name":"wp","href":"https:\/\/api.w.org\/{rel}","templated":true}]}}