{"id":40401,"date":"2026-04-19T02:31:05","date_gmt":"2026-04-19T02:31:05","guid":{"rendered":"https:\/\/singuli.wpress.me\/index.php\/proizvod\/cunga-lunga-guma-za-zvakanje\/"},"modified":"2026-04-20T12:33:31","modified_gmt":"2026-04-20T12:33:31","slug":"cunga-lunga-guma-za-zvakanje","status":"publish","type":"product","link":"https:\/\/singuli.wpress.me\/index.php\/proizvod\/cunga-lunga-guma-za-zvakanje\/","title":{"rendered":"\u010cUNGA LUNGA, guma za \u017evakanje"},"content":{"rendered":"<p>Najbolja i najpoznatija \u017evaka\u0107a guma s dugotrajnim tutti frutti okusom. <\/p>\n<p>Svaka \u017evaka\u0107a guma sadr\u017ei umetak s jednim od likova \u010cunga lunge.<\/p>\n<p>\u010cuvati na suhom i hladnom mjestu.<\/p>\n","protected":false},"excerpt":{"rendered":"<p>Najbolja i najpoznatija \u017evaka\u0107a guma<br \/>\nDugotrajni okus<br \/>\nU svakom pakiranju 5 tetova\u017ea<\/p>\n","protected":false},"featured_media":40402,"template":"","meta":{"_seopress_robots_primary_cat":"","_seopress_titles_title":"","_seopress_titles_desc":"","_seopress_robots_index":"","iawp_total_views":0},"product_brand":[850],"product_cat":[261,277],"product_tag":[],"class_list":{"0":"post-40401","1":"product","2":"type-product","3":"status-publish","4":"has-post-thumbnail","6":"product_brand-cunga-lunga","7":"product_cat-hrana-i-pice","8":"product_cat-slatkisi-i-grickalice-261","10":"first","11":"instock","12":"shipping-taxable","13":"purchasable","14":"product-type-simple"},"_links":{"self":[{"href":"https:\/\/singuli.wpress.me\/index.php\/wp-json\/wp\/v2\/product\/40401","targetHints":{"allow":["GET"]}}],"collection":[{"href":"https:\/\/singuli.wpress.me\/index.php\/wp-json\/wp\/v2\/product"}],"about":[{"href":"https:\/\/singuli.wpress.me\/index.php\/wp-json\/wp\/v2\/types\/product"}],"version-history":[{"count":0,"href":"https:\/\/singuli.wpress.me\/index.php\/wp-json\/wp\/v2\/product\/40401\/revisions"}],"wp:featuredmedia":[{"embeddable":true,"href":"https:\/\/singuli.wpress.me\/index.php\/wp-json\/wp\/v2\/media\/40402"}],"wp:attachment":[{"href":"https:\/\/singuli.wpress.me\/index.php\/wp-json\/wp\/v2\/media?parent=40401"}],"wp:term":[{"taxonomy":"product_brand","embeddable":true,"href":"https:\/\/singuli.wpress.me\/index.php\/wp-json\/wp\/v2\/product_brand?post=40401"},{"taxonomy":"product_cat","embeddable":true,"href":"https:\/\/singuli.wpress.me\/index.php\/wp-json\/wp\/v2\/product_cat?post=40401"},{"taxonomy":"product_tag","embeddable":true,"href":"https:\/\/singuli.wpress.me\/index.php\/wp-json\/wp\/v2\/product_tag?post=40401"}],"curies":[{"name":"wp","href":"https:\/\/api.w.org\/{rel}","templated":true}]}}