{"id":40403,"date":"2026-04-19T02:31:05","date_gmt":"2026-04-19T02:31:05","guid":{"rendered":"https:\/\/singuli.wpress.me\/index.php\/proizvod\/braun-silkepil-3-3-440-epilator\/"},"modified":"2026-04-20T12:33:31","modified_gmt":"2026-04-20T12:33:31","slug":"braun-silkepil-3-3-440-epilator","status":"publish","type":"product","link":"https:\/\/singuli.wpress.me\/index.php\/proizvod\/braun-silkepil-3-3-440-epilator\/","title":{"rendered":"BRAUN SilkEpil 3 3-440, epilator"},"content":{"rendered":"<p>Predstavljamo epilator Braun Silk-\u00e9pil 3, komplet 3-u-1 za uklanjanje dla\u010dica na tijelu, s nastavcima za epilaciju, brijanje i podrezivanje dla\u010dica.<br \/>\nEpilator nje\u017eno uklanja dla\u010dice iz korijena, pru\u017eaju\u0107i tako dugotrajne rezultate. Uklanja kratke dla\u010dice koje vosku ostaju neuhvatljive, pa ko\u017ea ostaje glatka do 4 tjedna.<br \/>\nOdli\u010dan je za po\u010detnice, jer masa\u017eni kota\u010di\u0107i svojim kretanjem stimuliraju ko\u017eu \u0161to omogu\u0107uje nje\u017enu epilaciju. Njegovo svjetlo Smartlight otkriva i najtanje dla\u010dice kako vam niti jedna ne bi promakla. Brija\u0107a glava i trimer idealni su za osjetljiva podru\u010dja poput bikini-zone ili pazuha.<\/p>\n","protected":false},"excerpt":{"rendered":"<p>Epilator Silk-\u00e9pil 3 nje\u017eno uklanja dla\u010dice iz korijena, za dugotrajne rezultate<br \/>\nSvjetlo Smartlight otkriva i najtanje dla\u010dice kako vam niti jedna ne bi promaknula<br \/>\nS brija\u0107om glavom i nastavkom s trimerom, idealno za osjetljiva podru\u010dja<\/p>\n","protected":false},"featured_media":40404,"template":"","meta":{"_seopress_robots_primary_cat":"","_seopress_titles_title":"","_seopress_titles_desc":"","_seopress_robots_index":"","iawp_total_views":0},"product_brand":[144],"product_cat":[192,282,281],"product_tag":[],"class_list":{"0":"post-40403","1":"product","2":"type-product","3":"status-publish","4":"has-post-thumbnail","6":"product_brand-braun","7":"product_cat-aparati-za-osobnu-njegu","8":"product_cat-aparati-za-zene-281","9":"product_cat-epilatori-i-ipl-192","11":"first","12":"outofstock","13":"shipping-taxable","14":"purchasable","15":"product-type-simple"},"_links":{"self":[{"href":"https:\/\/singuli.wpress.me\/index.php\/wp-json\/wp\/v2\/product\/40403","targetHints":{"allow":["GET"]}}],"collection":[{"href":"https:\/\/singuli.wpress.me\/index.php\/wp-json\/wp\/v2\/product"}],"about":[{"href":"https:\/\/singuli.wpress.me\/index.php\/wp-json\/wp\/v2\/types\/product"}],"version-history":[{"count":0,"href":"https:\/\/singuli.wpress.me\/index.php\/wp-json\/wp\/v2\/product\/40403\/revisions"}],"wp:featuredmedia":[{"embeddable":true,"href":"https:\/\/singuli.wpress.me\/index.php\/wp-json\/wp\/v2\/media\/40404"}],"wp:attachment":[{"href":"https:\/\/singuli.wpress.me\/index.php\/wp-json\/wp\/v2\/media?parent=40403"}],"wp:term":[{"taxonomy":"product_brand","embeddable":true,"href":"https:\/\/singuli.wpress.me\/index.php\/wp-json\/wp\/v2\/product_brand?post=40403"},{"taxonomy":"product_cat","embeddable":true,"href":"https:\/\/singuli.wpress.me\/index.php\/wp-json\/wp\/v2\/product_cat?post=40403"},{"taxonomy":"product_tag","embeddable":true,"href":"https:\/\/singuli.wpress.me\/index.php\/wp-json\/wp\/v2\/product_tag?post=40403"}],"curies":[{"name":"wp","href":"https:\/\/api.w.org\/{rel}","templated":true}]}}