{"id":40447,"date":"2026-04-19T02:31:23","date_gmt":"2026-04-19T02:31:23","guid":{"rendered":"https:\/\/singuli.wpress.me\/index.php\/proizvod\/fisher-price-gamer-za-sveznalice\/"},"modified":"2026-04-20T12:33:31","modified_gmt":"2026-04-20T12:33:31","slug":"fisher-price-gamer-za-sveznalice","status":"publish","type":"product","link":"https:\/\/singuli.wpress.me\/index.php\/proizvod\/fisher-price-gamer-za-sveznalice\/","title":{"rendered":"FISHER PRICE, gamer za sveznalice"},"content":{"rendered":"<p>Bebina najnovija igra\u010dka gamer, opremljena je svjetlima, tipkama i sadr\u017eajem za u\u010denje!<\/p>\n<p>Preko 10 tipki za aktivaciju zabavnih pjesmica, zvukova i rije\u010di! Rub ekrana svijetli kako se tipke priti\u0161\u0107u. Dok va\u0161i maleni istra\u017euju, igra tipkama koja obiluje akcijom u\u010di ih ranim konceptima u\u010denja. Potaknite svoje male igra\u010de na pjevanje i brojenje uz pjesmice dok priti\u0161\u0107u tipke.<\/p>\n<p>Za vje\u017ebanje motorike, dijete mo\u017ee vrtjeti \u017eutu ru\u010dku uz zvuk klikanja i pomicati crvenu ru\u010dku prema gore i dolje! Na hrvatskom i engleskom jeziku.<\/p>\n<p>Dob: 9-36 mjeseci.<\/p>\n","protected":false},"excerpt":{"rendered":"<p>opremljena je svjetlima, tipkama i sadr\u017eajem za u\u010denje<br \/>\nPreko 10 tipki za aktivaciju zabavnih pjesmica, zvukova i rije\u010di<br \/>\nDob: 9-36 mjeseci<\/p>\n","protected":false},"featured_media":40448,"template":"","meta":{"_seopress_robots_primary_cat":"","_seopress_titles_title":"","_seopress_titles_desc":"","_seopress_robots_index":"","iawp_total_views":0},"product_brand":[458],"product_cat":[221,291],"product_tag":[],"class_list":{"0":"post-40447","1":"product","2":"type-product","3":"status-publish","4":"has-post-thumbnail","6":"product_brand-fisher-price","7":"product_cat-igracke","8":"product_cat-igracke-za-djecu-221","10":"first","11":"instock","12":"shipping-taxable","13":"purchasable","14":"product-type-simple"},"_links":{"self":[{"href":"https:\/\/singuli.wpress.me\/index.php\/wp-json\/wp\/v2\/product\/40447","targetHints":{"allow":["GET"]}}],"collection":[{"href":"https:\/\/singuli.wpress.me\/index.php\/wp-json\/wp\/v2\/product"}],"about":[{"href":"https:\/\/singuli.wpress.me\/index.php\/wp-json\/wp\/v2\/types\/product"}],"version-history":[{"count":0,"href":"https:\/\/singuli.wpress.me\/index.php\/wp-json\/wp\/v2\/product\/40447\/revisions"}],"wp:featuredmedia":[{"embeddable":true,"href":"https:\/\/singuli.wpress.me\/index.php\/wp-json\/wp\/v2\/media\/40448"}],"wp:attachment":[{"href":"https:\/\/singuli.wpress.me\/index.php\/wp-json\/wp\/v2\/media?parent=40447"}],"wp:term":[{"taxonomy":"product_brand","embeddable":true,"href":"https:\/\/singuli.wpress.me\/index.php\/wp-json\/wp\/v2\/product_brand?post=40447"},{"taxonomy":"product_cat","embeddable":true,"href":"https:\/\/singuli.wpress.me\/index.php\/wp-json\/wp\/v2\/product_cat?post=40447"},{"taxonomy":"product_tag","embeddable":true,"href":"https:\/\/singuli.wpress.me\/index.php\/wp-json\/wp\/v2\/product_tag?post=40447"}],"curies":[{"name":"wp","href":"https:\/\/api.w.org\/{rel}","templated":true}]}}