{"id":40459,"date":"2026-04-19T02:31:26","date_gmt":"2026-04-19T02:31:26","guid":{"rendered":"https:\/\/singuli.wpress.me\/index.php\/proizvod\/bison-set-odstranjivac-plijesni-500ml-vileda-spuzvica\/"},"modified":"2026-04-20T12:33:31","modified_gmt":"2026-04-20T12:33:31","slug":"bison-set-odstranjivac-plijesni-500ml-vileda-spuzvica","status":"publish","type":"product","link":"https:\/\/singuli.wpress.me\/index.php\/proizvod\/bison-set-odstranjivac-plijesni-500ml-vileda-spuzvica\/","title":{"rendered":"BISON, set, odstranjiva\u010d plijesni 500ml + Vileda spu\u017evica"},"content":{"rendered":"<p>Odstranjiva\u010d Plijesni bez klora u\u010dinkovito uni\u0161tava plijesan u cijelom domu<\/p>\n","protected":false},"excerpt":{"rendered":"<p>Trenutno uni\u0161tava plijesan<br \/>\nSna\u017ena aktivna formula u pjeni<br \/>\nZa unutarnju i vanjsku upotrebu<\/p>\n","protected":false},"featured_media":40460,"template":"","meta":{"_seopress_robots_primary_cat":"","_seopress_titles_title":"","_seopress_titles_desc":"","_seopress_robots_index":"","iawp_total_views":0},"product_brand":[494],"product_cat":[284,238],"product_tag":[],"class_list":{"0":"post-40459","1":"product","2":"type-product","3":"status-publish","4":"has-post-thumbnail","6":"product_brand-bison","7":"product_cat-sredstva-za-ciscenje-238","8":"product_cat-sve-za-dom","10":"first","11":"outofstock","12":"shipping-taxable","13":"purchasable","14":"product-type-simple"},"_links":{"self":[{"href":"https:\/\/singuli.wpress.me\/index.php\/wp-json\/wp\/v2\/product\/40459","targetHints":{"allow":["GET"]}}],"collection":[{"href":"https:\/\/singuli.wpress.me\/index.php\/wp-json\/wp\/v2\/product"}],"about":[{"href":"https:\/\/singuli.wpress.me\/index.php\/wp-json\/wp\/v2\/types\/product"}],"version-history":[{"count":0,"href":"https:\/\/singuli.wpress.me\/index.php\/wp-json\/wp\/v2\/product\/40459\/revisions"}],"wp:featuredmedia":[{"embeddable":true,"href":"https:\/\/singuli.wpress.me\/index.php\/wp-json\/wp\/v2\/media\/40460"}],"wp:attachment":[{"href":"https:\/\/singuli.wpress.me\/index.php\/wp-json\/wp\/v2\/media?parent=40459"}],"wp:term":[{"taxonomy":"product_brand","embeddable":true,"href":"https:\/\/singuli.wpress.me\/index.php\/wp-json\/wp\/v2\/product_brand?post=40459"},{"taxonomy":"product_cat","embeddable":true,"href":"https:\/\/singuli.wpress.me\/index.php\/wp-json\/wp\/v2\/product_cat?post=40459"},{"taxonomy":"product_tag","embeddable":true,"href":"https:\/\/singuli.wpress.me\/index.php\/wp-json\/wp\/v2\/product_tag?post=40459"}],"curies":[{"name":"wp","href":"https:\/\/api.w.org\/{rel}","templated":true}]}}