{"id":40461,"date":"2026-04-19T02:31:27","date_gmt":"2026-04-19T02:31:27","guid":{"rendered":"https:\/\/singuli.wpress.me\/index.php\/proizvod\/bissell-turbo-spotclean-cetka-za-mrlje\/"},"modified":"2026-04-20T12:33:31","modified_gmt":"2026-04-20T12:33:31","slug":"bissell-turbo-spotclean-cetka-za-mrlje","status":"publish","type":"product","link":"https:\/\/singuli.wpress.me\/index.php\/proizvod\/bissell-turbo-spotclean-cetka-za-mrlje\/","title":{"rendered":"BISSELL Turbo Spotclean, \u010detka, za mrlje"},"content":{"rendered":"<p>Rotiraju\u0107a turbo \u010detka pru\u017ea sna\u017enu akciju \u010di\u0161\u0107enja za uklanjanje prljav\u0161tine i mrlja zakopanih duboko u vlaknima tkanine.<\/p>\n<p>Turbo \u010detka Spot Cleaning Power mo\u017ee se pri\u010dvrstiti na crijevo va\u0161eg Bisswll sredstva za \u010di\u0161\u0107enje tepiha ili sredstva za uklanjanje mrlja. Rotiraju\u0107a turbo \u010detka pru\u017ea sna\u017enu akciju \u010di\u0161\u0107enja za uklanjanje prljav\u0161tine i mrlja zakopanih duboko u vlaknima tepiha.<\/p>\n","protected":false},"excerpt":{"rendered":"<p>Rotiraju\u0107a turbo \u010detka pri\u010dvr\u0161\u0107ena je na crijevo usisava\u010da<br \/>\nSna\u017eno djelovanje \u010di\u0161\u0107enja za uklanjanje prljav\u0161tine i mrlja<br \/>\nPrikladno za kori\u0161tenje s Bissell SpotClean Professional (1558N)<\/p>\n","protected":false},"featured_media":40462,"template":"","meta":{"_seopress_robots_primary_cat":"","_seopress_titles_title":"","_seopress_titles_desc":"","_seopress_robots_index":"","iawp_total_views":0},"product_brand":[819],"product_cat":[160,271],"product_tag":[],"class_list":{"0":"post-40461","1":"product","2":"type-product","3":"status-publish","4":"has-post-thumbnail","6":"product_brand-bissell","7":"product_cat-mali-kucanski-aparati","8":"product_cat-usisavaci-i-ciscenje-160","10":"first","11":"outofstock","12":"shipping-taxable","13":"purchasable","14":"product-type-simple"},"_links":{"self":[{"href":"https:\/\/singuli.wpress.me\/index.php\/wp-json\/wp\/v2\/product\/40461","targetHints":{"allow":["GET"]}}],"collection":[{"href":"https:\/\/singuli.wpress.me\/index.php\/wp-json\/wp\/v2\/product"}],"about":[{"href":"https:\/\/singuli.wpress.me\/index.php\/wp-json\/wp\/v2\/types\/product"}],"version-history":[{"count":0,"href":"https:\/\/singuli.wpress.me\/index.php\/wp-json\/wp\/v2\/product\/40461\/revisions"}],"wp:featuredmedia":[{"embeddable":true,"href":"https:\/\/singuli.wpress.me\/index.php\/wp-json\/wp\/v2\/media\/40462"}],"wp:attachment":[{"href":"https:\/\/singuli.wpress.me\/index.php\/wp-json\/wp\/v2\/media?parent=40461"}],"wp:term":[{"taxonomy":"product_brand","embeddable":true,"href":"https:\/\/singuli.wpress.me\/index.php\/wp-json\/wp\/v2\/product_brand?post=40461"},{"taxonomy":"product_cat","embeddable":true,"href":"https:\/\/singuli.wpress.me\/index.php\/wp-json\/wp\/v2\/product_cat?post=40461"},{"taxonomy":"product_tag","embeddable":true,"href":"https:\/\/singuli.wpress.me\/index.php\/wp-json\/wp\/v2\/product_tag?post=40461"}],"curies":[{"name":"wp","href":"https:\/\/api.w.org\/{rel}","templated":true}]}}