{"id":40466,"date":"2026-04-19T02:31:28","date_gmt":"2026-04-19T02:31:28","guid":{"rendered":"https:\/\/singuli.wpress.me\/index.php\/proizvod\/medex-ceramidi-vitamini-a-c-e-i-cink-kapsule-20-kom\/"},"modified":"2026-04-20T12:33:31","modified_gmt":"2026-04-20T12:33:31","slug":"medex-ceramidi-vitamini-a-c-e-i-cink-kapsule-20-kom","status":"publish","type":"product","link":"https:\/\/singuli.wpress.me\/index.php\/proizvod\/medex-ceramidi-vitamini-a-c-e-i-cink-kapsule-20-kom\/","title":{"rendered":"MEDEX ceramidi, vitamini A, C, E i cink, kapsule, 20\u00a0kom"},"content":{"rendered":"<p>ZA KO\u017dU<br \/>\nSadr\u017ei vitamin A i cink koji doprinose odr\u017eavanju normalne ko\u017ee.<br \/>\nSadr\u017ei vitamin C, E i cink  koji doprinose za\u0161titi stanica od oksidativnog stresa.<br \/>\nSadr\u017ei vitamin C koji doprinosi normalnom stvaranju kolagena za normalnu funkciju ko\u017ee.<br \/>\nCeramidi Ceramosides\u2122, vitamini A, C, E i cink u kapsuli doprinose*:<br \/>\npobolj\u0161anju hidratacije i elasti\u010dnosti ko\u017ee.<br \/>\nPrvi u\u010dinci vidljivi su nakon 15 dana.<\/p>\n<p>Kako djeluje? U\u010dinci kapsula Ceramidi su sljede\u0107i:<br \/>\nPatentirani oblik ceramida Ceramosides\u2122 su koncentrirani p\u0161eni\u010dni bioaktivni lipidi koji pobolj\u0161avaju apsorpciju i metabolizam ceramida. S godinama se koli\u010dina ceramida u epidermi smanjuje, zbog \u010dega ko\u017ea gubi vlagu i elasti\u010dnost. Prirodni ceramidi Ceramosides\u2122 su izvor prirodnih ceramida koji doprinose hidrataciji i elasti\u010dnosti ko\u017ee po cijelom tijelu. Uz ceramide proizvod sadr\u017ei  vitamin A i cink, koji doprinose odr\u017eavanju zdrave ko\u017ee, te vitamin C koji doprinosi normalnom stvaranju kolagena za normalnu funkciju ko\u017ee i  vitamin E koji doprinosi za\u0161titi stanica od oksidativnog stresa.<\/p>\n<p>Preporu\u010dena dnevna doza je jedna kapsula. Uzmite je s 2 dl vode. Preporu\u010dujemo redovitu uporabu od najmanje 60 dana. Prvi efekti su vidljivi nakon 15 dana. Jedno pakiranje je dovoljno za 20 dana primjene.<\/p>\n<p>Sastojci u preporu\u010denoj dnevnoj dozi (1 kapsula): Koncentrirani ekstrakt ceramida CeramosidesTM: 30 mg, Vitamin C: 36 mg (45% PU), Vitamin E: 5,4 mg (45% PU), Vitamin A: 320 \u00b5g (40% PU), Cink: 4,5 mg (45% PU).  PU-preporu\u010deni dnevni unos<\/p>\n","protected":false},"excerpt":{"rendered":"<p>Za bolju hidrataciju i elasti\u010dnosti ko\u017ee<br \/>\nPrvi u\u010dinci vidljivi su nakon 15 dana.<br \/>\nSadr\u017ei vitamine A, C, E i cink<\/p>\n","protected":false},"featured_media":40467,"template":"","meta":{"_seopress_robots_primary_cat":"","_seopress_titles_title":"","_seopress_titles_desc":"","_seopress_robots_index":"","iawp_total_views":0},"product_brand":[415],"product_cat":[268,278],"product_tag":[],"class_list":{"0":"post-40466","1":"product","2":"type-product","3":"status-publish","4":"has-post-thumbnail","6":"product_brand-medex","7":"product_cat-kozmetika-2","8":"product_cat-njega-tijela-268","10":"first","11":"outofstock","12":"shipping-taxable","13":"purchasable","14":"product-type-simple"},"_links":{"self":[{"href":"https:\/\/singuli.wpress.me\/index.php\/wp-json\/wp\/v2\/product\/40466","targetHints":{"allow":["GET"]}}],"collection":[{"href":"https:\/\/singuli.wpress.me\/index.php\/wp-json\/wp\/v2\/product"}],"about":[{"href":"https:\/\/singuli.wpress.me\/index.php\/wp-json\/wp\/v2\/types\/product"}],"version-history":[{"count":0,"href":"https:\/\/singuli.wpress.me\/index.php\/wp-json\/wp\/v2\/product\/40466\/revisions"}],"wp:featuredmedia":[{"embeddable":true,"href":"https:\/\/singuli.wpress.me\/index.php\/wp-json\/wp\/v2\/media\/40467"}],"wp:attachment":[{"href":"https:\/\/singuli.wpress.me\/index.php\/wp-json\/wp\/v2\/media?parent=40466"}],"wp:term":[{"taxonomy":"product_brand","embeddable":true,"href":"https:\/\/singuli.wpress.me\/index.php\/wp-json\/wp\/v2\/product_brand?post=40466"},{"taxonomy":"product_cat","embeddable":true,"href":"https:\/\/singuli.wpress.me\/index.php\/wp-json\/wp\/v2\/product_cat?post=40466"},{"taxonomy":"product_tag","embeddable":true,"href":"https:\/\/singuli.wpress.me\/index.php\/wp-json\/wp\/v2\/product_tag?post=40466"}],"curies":[{"name":"wp","href":"https:\/\/api.w.org\/{rel}","templated":true}]}}