{"id":40472,"date":"2026-04-19T02:31:29","date_gmt":"2026-04-19T02:31:29","guid":{"rendered":"https:\/\/singuli.wpress.me\/index.php\/proizvod\/df-motorno-ulje-performance-engine-oil-5w30-4-l\/"},"modified":"2026-04-20T12:33:31","modified_gmt":"2026-04-20T12:33:31","slug":"df-motorno-ulje-performance-engine-oil-5w30-4-l","status":"publish","type":"product","link":"https:\/\/singuli.wpress.me\/index.php\/proizvod\/df-motorno-ulje-performance-engine-oil-5w30-4-l\/","title":{"rendered":"DF, motorno ulje, PERFORMANCE ENGINE OIL 5W30, 4\u00a0l"},"content":{"rendered":"<p>Deutz-Fahr PERFORMANCE 5W-30 ENGINE OIL visoko je kvalitetan proizvod stvoren za moderne motore s unutarnjim izgaranjem. Ovo ulje je posebno dizajnirano za Deutz-Fahr kamione i poljoprivredne strojeve, ali se mo\u017ee koristiti i u drugim vozilima koja zahtijevaju ulje viskozne gradacije 5W-30. Od istaknutih zna\u010dajki tu su izvrsna mazivna i za\u0161titna svojstva, \u0161to jam\u010di dug vijek trajanja motora, izvrsna fluidnost, \u0161to omogu\u0107uje lako pokretanje \u010dak i pri niskim temperaturama. Dodatno, zahvaljuju\u0107i odgovaraju\u0107oj mje\u0161avini aditiva, ovo ulje pru\u017ea u\u010dinkovitu za\u0161titu od tro\u0161enja, korozije i one\u010di\u0161\u0107enja. testirano je i zadovoljava zahtjeve standarda API SN\/CF i ACEA C3, \u0161to jam\u010di njegovu visoku kvalitetu i u\u010dinkovitost. <\/p>\n<p>Specifikacije i odobrenja: ACEA E7, E6, API CI-4, DEUTZ DQC IV 10 LA<\/p>\n","protected":false},"excerpt":{"rendered":"<p>Ovo ulje je posebno dizajnirano za Deutz-Fahr kamione i poljoprivredne strojeve, ali se mo\u017ee koristiti i u drugim vozilima koja zahtijevaju ulje viskozne gradacije 5W-32<br \/>\nOd istaknutih zna\u010dajki tu su izvrsna mazivna i za\u0161titna svojstva, \u0161to jam\u010di dug vijek trajanja motora, izvrsna fluidnost, \u0161to omogu\u0107uje lako pokretanje \u010dak i pri niskim temperaturama<br \/>\nZahvaljuju\u0107i odgovaraju\u0107oj mje\u0161avini aditiva, ovo ulje pru\u017ea u\u010dinkovitu za\u0161titu od tro\u0161enja, korozije i one\u010di\u0161\u0107enja<\/p>\n","protected":false},"featured_media":40473,"template":"","meta":{"_seopress_robots_primary_cat":"","_seopress_titles_title":"","_seopress_titles_desc":"","_seopress_robots_index":"","iawp_total_views":0},"product_brand":[839],"product_cat":[243,276],"product_tag":[],"class_list":{"0":"post-40472","1":"product","2":"type-product","3":"status-publish","4":"has-post-thumbnail","6":"product_brand-df","7":"product_cat-automobili-i-motori","8":"product_cat-industrijska-i-specijalna-ulja-243","10":"first","11":"outofstock","12":"shipping-taxable","13":"purchasable","14":"product-type-simple"},"_links":{"self":[{"href":"https:\/\/singuli.wpress.me\/index.php\/wp-json\/wp\/v2\/product\/40472","targetHints":{"allow":["GET"]}}],"collection":[{"href":"https:\/\/singuli.wpress.me\/index.php\/wp-json\/wp\/v2\/product"}],"about":[{"href":"https:\/\/singuli.wpress.me\/index.php\/wp-json\/wp\/v2\/types\/product"}],"version-history":[{"count":0,"href":"https:\/\/singuli.wpress.me\/index.php\/wp-json\/wp\/v2\/product\/40472\/revisions"}],"wp:featuredmedia":[{"embeddable":true,"href":"https:\/\/singuli.wpress.me\/index.php\/wp-json\/wp\/v2\/media\/40473"}],"wp:attachment":[{"href":"https:\/\/singuli.wpress.me\/index.php\/wp-json\/wp\/v2\/media?parent=40472"}],"wp:term":[{"taxonomy":"product_brand","embeddable":true,"href":"https:\/\/singuli.wpress.me\/index.php\/wp-json\/wp\/v2\/product_brand?post=40472"},{"taxonomy":"product_cat","embeddable":true,"href":"https:\/\/singuli.wpress.me\/index.php\/wp-json\/wp\/v2\/product_cat?post=40472"},{"taxonomy":"product_tag","embeddable":true,"href":"https:\/\/singuli.wpress.me\/index.php\/wp-json\/wp\/v2\/product_tag?post=40472"}],"curies":[{"name":"wp","href":"https:\/\/api.w.org\/{rel}","templated":true}]}}