{"id":40478,"date":"2026-04-19T02:31:32","date_gmt":"2026-04-19T02:31:32","guid":{"rendered":"https:\/\/singuli.wpress.me\/index.php\/proizvod\/gillette-venus-3-colors-jednokratne-britvice-3-kom\/"},"modified":"2026-04-21T00:27:03","modified_gmt":"2026-04-21T00:27:03","slug":"gillette-venus-3-colors-jednokratne-britvice-3-kom","status":"publish","type":"product","link":"https:\/\/singuli.wpress.me\/index.php\/proizvod\/gillette-venus-3-colors-jednokratne-britvice-3-kom\/","title":{"rendered":"GILLETTE Venus 3 Colors, jednokratne britvice, 3\u00a0kom"},"content":{"rendered":"<p>Jednokratne \u017eenske britvice Gillette Venus 3 Colors omogu\u0107avaju temeljito brijanje po nevjerojatnoj cijeni. <\/p>\n<p>Ove britvice dostupne su s dr\u0161kama u razli\u010ditim bojama uz koje brijanje postaje zabavan i \u0161aren do\u017eivljaj. <\/p>\n<p>Imaju pokretljivu glavu s tri o\u0161trice za podru\u010dja koja je te\u017ee obrijati i lubrikantnu trakicu za pobolj\u0161ano klizanje o\u0161trica. <\/p>\n<p>U\u017eivajte u temeljitom i ugodnijem brijanju (u odnosu na Venus Simply 2).<\/p>\n","protected":false},"excerpt":{"rendered":"<p>Omogu\u0107uje temeljito i ugodno brijanje<br \/>\nPokretljiva glava omogu\u0107uje da brija\u010d lak\u0161e klizi po ko\u017ei<br \/>\nDr\u0161ke u razli\u010ditim bojama za zabavan i \u0161aren do\u017eivljaj brijanja<\/p>\n","protected":false},"featured_media":40479,"template":"","meta":{"_seopress_robots_primary_cat":"","_seopress_titles_title":"","_seopress_titles_desc":"","_seopress_robots_index":"","iawp_total_views":0},"product_brand":[323],"product_cat":[266,265,160],"product_tag":[],"class_list":{"0":"post-40478","1":"product","2":"type-product","3":"status-publish","4":"has-post-thumbnail","6":"product_brand-gillette","7":"product_cat-aparati-za-kuhanje-265","8":"product_cat-kuhinjski-aparati-160","9":"product_cat-mali-kucanski-aparati","11":"first","12":"outofstock","13":"shipping-taxable","14":"purchasable","15":"product-type-simple"},"_links":{"self":[{"href":"https:\/\/singuli.wpress.me\/index.php\/wp-json\/wp\/v2\/product\/40478","targetHints":{"allow":["GET"]}}],"collection":[{"href":"https:\/\/singuli.wpress.me\/index.php\/wp-json\/wp\/v2\/product"}],"about":[{"href":"https:\/\/singuli.wpress.me\/index.php\/wp-json\/wp\/v2\/types\/product"}],"version-history":[{"count":0,"href":"https:\/\/singuli.wpress.me\/index.php\/wp-json\/wp\/v2\/product\/40478\/revisions"}],"wp:featuredmedia":[{"embeddable":true,"href":"https:\/\/singuli.wpress.me\/index.php\/wp-json\/wp\/v2\/media\/40479"}],"wp:attachment":[{"href":"https:\/\/singuli.wpress.me\/index.php\/wp-json\/wp\/v2\/media?parent=40478"}],"wp:term":[{"taxonomy":"product_brand","embeddable":true,"href":"https:\/\/singuli.wpress.me\/index.php\/wp-json\/wp\/v2\/product_brand?post=40478"},{"taxonomy":"product_cat","embeddable":true,"href":"https:\/\/singuli.wpress.me\/index.php\/wp-json\/wp\/v2\/product_cat?post=40478"},{"taxonomy":"product_tag","embeddable":true,"href":"https:\/\/singuli.wpress.me\/index.php\/wp-json\/wp\/v2\/product_tag?post=40478"}],"curies":[{"name":"wp","href":"https:\/\/api.w.org\/{rel}","templated":true}]}}