{"id":40480,"date":"2026-04-19T02:31:33","date_gmt":"2026-04-19T02:31:33","guid":{"rendered":"https:\/\/singuli.wpress.me\/index.php\/proizvod\/aeroshell-turbine-oil-2-turbinsko-ulje-20-l\/"},"modified":"2026-04-20T12:33:31","modified_gmt":"2026-04-20T12:33:31","slug":"aeroshell-turbine-oil-2-turbinsko-ulje-20-l","status":"publish","type":"product","link":"https:\/\/singuli.wpress.me\/index.php\/proizvod\/aeroshell-turbine-oil-2-turbinsko-ulje-20-l\/","title":{"rendered":"AEROSHELL TURBINE OIL 2, turbinsko ulje, 20\u00a0l"},"content":{"rendered":"<p><p><span style=\"font-weight: bold\">Mineralno turbinsko ulje<\/span> viskoznosti 2 mm2\/s namje\u0161ano od odabranih mineralnih baznih ulja uz dodatak pobolj\u0161iva\u010da to\u010dke te\u010denja i antioksidansa, analogno ruskom MK-8 te se mo\u017ee koristiti tamo gdje se to ulje zahtijeva. AeroShell Turbine Oil 2 se na \u0161iroko koristi za inhibiranje sistema za gorivo te komponenata sistema za gorivo tijekom njihovog skladi\u0161tenja. <\/p>\n<p><span style=\"font-weight: bold\">Specifikacija: <\/span>MIL-PRF-6081E Grade 1010\/1010N, Rusia: MK-8, Nato Code O-133.<\/p>\n<p><span style=\"font-weight: bold\">Sigurnosno upozorenje:,<\/span><\/p>\n<p><img decoding=\"async\" src=\"https:\/\/prod-minio-orbico.nd0.pl\/orbico.ohr\/Piktogrami\/Zdravlje.png\" alt=\"Zdravlje\" style=\"max-width: 10%;height: auto\">\n<\/p>\n<p>&#8211; H304 &#8211;&nbsp;Mo\u017ee biti smrtonosno ako se proguta i u\u0111e u di\u0161ni sustav.<\/p>\n","protected":false},"excerpt":{"rendered":"<p>Turbinsko ulje za zrakoplove<br \/>\nSadr\u017ei dodatak pobolj\u0161iva\u010da to\u010dke te\u010denja<br \/>\nKoristi se za inhibiranje sistema za gorivo<\/p>\n","protected":false},"featured_media":40481,"template":"","meta":{"_seopress_robots_primary_cat":"","_seopress_titles_title":"","_seopress_titles_desc":"","_seopress_robots_index":"","iawp_total_views":0},"product_brand":[482],"product_cat":[221,263],"product_tag":[],"class_list":{"0":"post-40480","1":"product","2":"type-product","3":"status-publish","4":"has-post-thumbnail","6":"product_brand-aeroshell","7":"product_cat-igracke","8":"product_cat-tematske-igracke-221","10":"first","11":"outofstock","12":"shipping-taxable","13":"purchasable","14":"product-type-simple"},"_links":{"self":[{"href":"https:\/\/singuli.wpress.me\/index.php\/wp-json\/wp\/v2\/product\/40480","targetHints":{"allow":["GET"]}}],"collection":[{"href":"https:\/\/singuli.wpress.me\/index.php\/wp-json\/wp\/v2\/product"}],"about":[{"href":"https:\/\/singuli.wpress.me\/index.php\/wp-json\/wp\/v2\/types\/product"}],"version-history":[{"count":0,"href":"https:\/\/singuli.wpress.me\/index.php\/wp-json\/wp\/v2\/product\/40480\/revisions"}],"wp:featuredmedia":[{"embeddable":true,"href":"https:\/\/singuli.wpress.me\/index.php\/wp-json\/wp\/v2\/media\/40481"}],"wp:attachment":[{"href":"https:\/\/singuli.wpress.me\/index.php\/wp-json\/wp\/v2\/media?parent=40480"}],"wp:term":[{"taxonomy":"product_brand","embeddable":true,"href":"https:\/\/singuli.wpress.me\/index.php\/wp-json\/wp\/v2\/product_brand?post=40480"},{"taxonomy":"product_cat","embeddable":true,"href":"https:\/\/singuli.wpress.me\/index.php\/wp-json\/wp\/v2\/product_cat?post=40480"},{"taxonomy":"product_tag","embeddable":true,"href":"https:\/\/singuli.wpress.me\/index.php\/wp-json\/wp\/v2\/product_tag?post=40480"}],"curies":[{"name":"wp","href":"https:\/\/api.w.org\/{rel}","templated":true}]}}