{"id":40496,"date":"2026-04-19T02:31:38","date_gmt":"2026-04-19T02:31:38","guid":{"rendered":"https:\/\/singuli.wpress.me\/index.php\/proizvod\/lavazza-xxl-kava-u-zrnu-qualita-rossa-3x1kg\/"},"modified":"2026-04-20T12:33:32","modified_gmt":"2026-04-20T12:33:32","slug":"lavazza-xxl-kava-u-zrnu-qualita-rossa-3x1kg","status":"publish","type":"product","link":"https:\/\/singuli.wpress.me\/index.php\/proizvod\/lavazza-xxl-kava-u-zrnu-qualita-rossa-3x1kg\/","title":{"rendered":"LAVAZZA XXL, kava u zrnu, Qualita Rossa, 3x1kg"},"content":{"rendered":"<p><span style=\"font-weight: bold\">Lavazza Qualita Rossa<\/span>, tradicionalni blend kave koji postoji na tr\u017ei\u0161tu ve\u0107 50 godina.<br \/>\nNepogre\u0161iva aroma za odli\u010dan po\u010detak dana.<\/p>\n<p>Sastav kave: Arabica\/Robusta<br \/>\nIntenzitet: 5\/10<br \/>\nNota okusa: \u010dokolada<br \/>\nPr\u017eenje: srednje pr\u017eena<\/p>\n","protected":false},"excerpt":{"rendered":"<p>Arabica i Robusta<br \/>\nIntenzitet: 5\/10<br \/>\nAroma: \u010dokolada<\/p>\n","protected":false},"featured_media":40497,"template":"","meta":{"_seopress_robots_primary_cat":"","_seopress_titles_title":"","_seopress_titles_desc":"","_seopress_robots_index":"","iawp_total_views":0},"product_brand":[393],"product_cat":[261,275],"product_tag":[],"class_list":{"0":"post-40496","1":"product","2":"type-product","3":"status-publish","4":"has-post-thumbnail","6":"product_brand-lavazza","7":"product_cat-hrana-i-pice","8":"product_cat-kava-i-cajevi-261","10":"first","11":"instock","12":"shipping-taxable","13":"purchasable","14":"product-type-simple"},"_links":{"self":[{"href":"https:\/\/singuli.wpress.me\/index.php\/wp-json\/wp\/v2\/product\/40496","targetHints":{"allow":["GET"]}}],"collection":[{"href":"https:\/\/singuli.wpress.me\/index.php\/wp-json\/wp\/v2\/product"}],"about":[{"href":"https:\/\/singuli.wpress.me\/index.php\/wp-json\/wp\/v2\/types\/product"}],"version-history":[{"count":0,"href":"https:\/\/singuli.wpress.me\/index.php\/wp-json\/wp\/v2\/product\/40496\/revisions"}],"wp:featuredmedia":[{"embeddable":true,"href":"https:\/\/singuli.wpress.me\/index.php\/wp-json\/wp\/v2\/media\/40497"}],"wp:attachment":[{"href":"https:\/\/singuli.wpress.me\/index.php\/wp-json\/wp\/v2\/media?parent=40496"}],"wp:term":[{"taxonomy":"product_brand","embeddable":true,"href":"https:\/\/singuli.wpress.me\/index.php\/wp-json\/wp\/v2\/product_brand?post=40496"},{"taxonomy":"product_cat","embeddable":true,"href":"https:\/\/singuli.wpress.me\/index.php\/wp-json\/wp\/v2\/product_cat?post=40496"},{"taxonomy":"product_tag","embeddable":true,"href":"https:\/\/singuli.wpress.me\/index.php\/wp-json\/wp\/v2\/product_tag?post=40496"}],"curies":[{"name":"wp","href":"https:\/\/api.w.org\/{rel}","templated":true}]}}