{"id":40501,"date":"2026-04-19T02:31:44","date_gmt":"2026-04-19T02:31:44","guid":{"rendered":"https:\/\/singuli.wpress.me\/index.php\/proizvod\/hot-wheels-clip-strip-autic\/"},"modified":"2026-04-20T12:33:32","modified_gmt":"2026-04-20T12:33:32","slug":"hot-wheels-clip-strip-autic","status":"publish","type":"product","link":"https:\/\/singuli.wpress.me\/index.php\/proizvod\/hot-wheels-clip-strip-autic\/","title":{"rendered":"HOT WHEELS Clip Strip, auti\u0107"},"content":{"rendered":"<p>Hot Wheels auti\u0107i odu\u0161evljavaju male i velike!<\/p>\n<p>Metalni auti\u0107i koje ne mo\u017ee\u0161 vidjeti na cesti.<\/p>\n<p>Brzi, jedinstveni, cool!<\/p>\n<p>Veli\u010dina 1:64.<\/p>\n<p>Igra\u010dka dolazi u vi\u0161e razli\u010ditih modela, a isporuka ovisi o njihovoj trenutnoj raspolo\u017eivosti. <\/p>\n<p>Uz kupnju 12 kom Hot Wheels auti\u0107a dolazi trakica (clip strip) na kojoj su pozicionirani auti\u0107i radi lak\u0161eg pozicioniranja na polici.<\/p>\n","protected":false},"excerpt":{"rendered":"<p>Brzi, jedinstveni, cool<br \/>\nVeli\u010dina 1:64<br \/>\nIgra\u010dka dolazi u vi\u0161e razli\u010ditih modela<\/p>\n","protected":false},"featured_media":40502,"template":"","meta":{"_seopress_robots_primary_cat":"","_seopress_titles_title":"","_seopress_titles_desc":"","_seopress_robots_index":"","iawp_total_views":0},"product_brand":[429],"product_cat":[243,273],"product_tag":[],"class_list":{"0":"post-40501","1":"product","2":"type-product","3":"status-publish","4":"has-post-thumbnail","6":"product_brand-hot-wheels","7":"product_cat-automobili-i-motori","8":"product_cat-njega-vozila-243","10":"first","11":"instock","12":"shipping-taxable","13":"purchasable","14":"product-type-simple"},"_links":{"self":[{"href":"https:\/\/singuli.wpress.me\/index.php\/wp-json\/wp\/v2\/product\/40501","targetHints":{"allow":["GET"]}}],"collection":[{"href":"https:\/\/singuli.wpress.me\/index.php\/wp-json\/wp\/v2\/product"}],"about":[{"href":"https:\/\/singuli.wpress.me\/index.php\/wp-json\/wp\/v2\/types\/product"}],"version-history":[{"count":0,"href":"https:\/\/singuli.wpress.me\/index.php\/wp-json\/wp\/v2\/product\/40501\/revisions"}],"wp:featuredmedia":[{"embeddable":true,"href":"https:\/\/singuli.wpress.me\/index.php\/wp-json\/wp\/v2\/media\/40502"}],"wp:attachment":[{"href":"https:\/\/singuli.wpress.me\/index.php\/wp-json\/wp\/v2\/media?parent=40501"}],"wp:term":[{"taxonomy":"product_brand","embeddable":true,"href":"https:\/\/singuli.wpress.me\/index.php\/wp-json\/wp\/v2\/product_brand?post=40501"},{"taxonomy":"product_cat","embeddable":true,"href":"https:\/\/singuli.wpress.me\/index.php\/wp-json\/wp\/v2\/product_cat?post=40501"},{"taxonomy":"product_tag","embeddable":true,"href":"https:\/\/singuli.wpress.me\/index.php\/wp-json\/wp\/v2\/product_tag?post=40501"}],"curies":[{"name":"wp","href":"https:\/\/api.w.org\/{rel}","templated":true}]}}