{"id":40507,"date":"2026-04-19T02:31:47","date_gmt":"2026-04-19T02:31:47","guid":{"rendered":"https:\/\/singuli.wpress.me\/index.php\/proizvod\/lenor-mirisne-perlice-sensitive-cotton-210-g\/"},"modified":"2026-04-21T00:27:03","modified_gmt":"2026-04-21T00:27:03","slug":"lenor-mirisne-perlice-sensitive-cotton-210-g","status":"publish","type":"product","link":"https:\/\/singuli.wpress.me\/index.php\/proizvod\/lenor-mirisne-perlice-sensitive-cotton-210-g\/","title":{"rendered":"LENOR, mirisne perlice, Sensitive Cotton, 210\u00a0g"},"content":{"rendered":"<p>Lenor mirisne perlice za intenzivniji miris rublja <span style=\"font-weight: bold\">Sensitive Cotton <\/span>va\u0161em rublju daju dodatnu dugotrajnu svje\u017einu i ispunjavaju ga ugodnim svje\u017eim mirisom pamuka. <\/p>\n<p>Prikladno za sve boje i tkanine, posebno za ru\u010dnike. <\/p>\n<p>Miris ostaje na va\u0161oj odje\u0107i do 12 tjedana.<\/p>\n","protected":false},"excerpt":{"rendered":"<p>Dugotrajna svje\u017eina va\u0161eg rublja<br \/>\nUgodan svje\u017ei miris pamuka<br \/>\nMiris traje do 12 tjedana<\/p>\n","protected":false},"featured_media":40508,"template":"","meta":{"_seopress_robots_primary_cat":"","_seopress_titles_title":"","_seopress_titles_desc":"","_seopress_robots_index":"","iawp_total_views":0},"product_brand":[446],"product_cat":[283,238],"product_tag":[],"class_list":{"0":"post-40507","1":"product","2":"type-product","3":"status-publish","4":"has-post-thumbnail","6":"product_brand-lenor","7":"product_cat-pranje-rublja-238","8":"product_cat-sve-za-dom","10":"first","11":"outofstock","12":"shipping-taxable","13":"purchasable","14":"product-type-simple"},"_links":{"self":[{"href":"https:\/\/singuli.wpress.me\/index.php\/wp-json\/wp\/v2\/product\/40507","targetHints":{"allow":["GET"]}}],"collection":[{"href":"https:\/\/singuli.wpress.me\/index.php\/wp-json\/wp\/v2\/product"}],"about":[{"href":"https:\/\/singuli.wpress.me\/index.php\/wp-json\/wp\/v2\/types\/product"}],"version-history":[{"count":0,"href":"https:\/\/singuli.wpress.me\/index.php\/wp-json\/wp\/v2\/product\/40507\/revisions"}],"wp:featuredmedia":[{"embeddable":true,"href":"https:\/\/singuli.wpress.me\/index.php\/wp-json\/wp\/v2\/media\/40508"}],"wp:attachment":[{"href":"https:\/\/singuli.wpress.me\/index.php\/wp-json\/wp\/v2\/media?parent=40507"}],"wp:term":[{"taxonomy":"product_brand","embeddable":true,"href":"https:\/\/singuli.wpress.me\/index.php\/wp-json\/wp\/v2\/product_brand?post=40507"},{"taxonomy":"product_cat","embeddable":true,"href":"https:\/\/singuli.wpress.me\/index.php\/wp-json\/wp\/v2\/product_cat?post=40507"},{"taxonomy":"product_tag","embeddable":true,"href":"https:\/\/singuli.wpress.me\/index.php\/wp-json\/wp\/v2\/product_tag?post=40507"}],"curies":[{"name":"wp","href":"https:\/\/api.w.org\/{rel}","templated":true}]}}