{"id":40510,"date":"2026-04-19T02:31:50","date_gmt":"2026-04-19T02:31:50","guid":{"rendered":"https:\/\/singuli.wpress.me\/index.php\/proizvod\/helix-ultra-5w40-motorno-ulje-za-osobna-vozila-20-l\/"},"modified":"2026-04-20T12:33:32","modified_gmt":"2026-04-20T12:33:32","slug":"helix-ultra-5w40-motorno-ulje-za-osobna-vozila-20-l","status":"publish","type":"product","link":"https:\/\/singuli.wpress.me\/index.php\/proizvod\/helix-ultra-5w40-motorno-ulje-za-osobna-vozila-20-l\/","title":{"rendered":"HELIX ULTRA 5W40, motorno ulje za osobna vozila, 20\u00a0l"},"content":{"rendered":"<p>Potpuno sinteti\u010dko motorno ulje koje koristi Shellovu vrhunsku aktivnu tehnologiju \u010di\u0161\u0107enja za odr\u017eavanje motora visokih performansi na najvi\u0161oj razini u\u010dinkovitosti. Osigurava \u010disto\u0107u motora kontinuiranim sprje\u010davanjem nastajanja taloga i naslaga prljav\u0161tine. Prikladno je i za najdu\u017ee intervale zamjene ulja koje preporu\u010duju OEM-ovi. Mo\u017ee se koristiti u benzinskim, dizelskim i motorima na plin, kao i u motorima na biodizel i mje\u0161avine benzina i etanola. Prikladno koristiti za benzinske motori s turbopunja\u010dem i izravnim ubrizgavanjem koji su osjetljivi na LSPI efekt (preuranjeno paljenje pri niskom broju okretaja i velikom optere\u0107enju).<\/p>\n","protected":false},"excerpt":{"rendered":"<p>Potpuno sinteti\u010dko motorno ulje<br \/>\nOsigurava \u010disto\u0107u motora kontinuiranim sprje\u010davanjem nastajanja taloga i naslaga prljav\u0161tine<br \/>\nPrikladno je i za najdu\u017ee intervale zamjene ulja<\/p>\n","protected":false},"featured_media":40511,"template":"","meta":{"_seopress_robots_primary_cat":"","_seopress_titles_title":"","_seopress_titles_desc":"","_seopress_robots_index":"","iawp_total_views":0},"product_brand":[398],"product_cat":[243,272],"product_tag":[],"class_list":{"0":"post-40510","1":"product","2":"type-product","3":"status-publish","4":"has-post-thumbnail","6":"product_brand-helix","7":"product_cat-automobili-i-motori","8":"product_cat-motorna-ulja-243","10":"first","11":"instock","12":"shipping-taxable","13":"purchasable","14":"product-type-simple"},"_links":{"self":[{"href":"https:\/\/singuli.wpress.me\/index.php\/wp-json\/wp\/v2\/product\/40510","targetHints":{"allow":["GET"]}}],"collection":[{"href":"https:\/\/singuli.wpress.me\/index.php\/wp-json\/wp\/v2\/product"}],"about":[{"href":"https:\/\/singuli.wpress.me\/index.php\/wp-json\/wp\/v2\/types\/product"}],"version-history":[{"count":0,"href":"https:\/\/singuli.wpress.me\/index.php\/wp-json\/wp\/v2\/product\/40510\/revisions"}],"wp:featuredmedia":[{"embeddable":true,"href":"https:\/\/singuli.wpress.me\/index.php\/wp-json\/wp\/v2\/media\/40511"}],"wp:attachment":[{"href":"https:\/\/singuli.wpress.me\/index.php\/wp-json\/wp\/v2\/media?parent=40510"}],"wp:term":[{"taxonomy":"product_brand","embeddable":true,"href":"https:\/\/singuli.wpress.me\/index.php\/wp-json\/wp\/v2\/product_brand?post=40510"},{"taxonomy":"product_cat","embeddable":true,"href":"https:\/\/singuli.wpress.me\/index.php\/wp-json\/wp\/v2\/product_cat?post=40510"},{"taxonomy":"product_tag","embeddable":true,"href":"https:\/\/singuli.wpress.me\/index.php\/wp-json\/wp\/v2\/product_tag?post=40510"}],"curies":[{"name":"wp","href":"https:\/\/api.w.org\/{rel}","templated":true}]}}