{"id":40530,"date":"2026-04-19T02:31:56","date_gmt":"2026-04-19T02:31:56","guid":{"rendered":"https:\/\/singuli.wpress.me\/index.php\/proizvod\/rio-mare-tunjevina-u-umaku-od-luka-160-g\/"},"modified":"2026-04-20T12:33:32","modified_gmt":"2026-04-20T12:33:32","slug":"rio-mare-tunjevina-u-umaku-od-luka-160-g","status":"publish","type":"product","link":"https:\/\/singuli.wpress.me\/index.php\/proizvod\/rio-mare-tunjevina-u-umaku-od-luka-160-g\/","title":{"rendered":"RIO MARE, tunjevina u umaku, od luka, 160\u00a0g"},"content":{"rendered":"<p>Sva kvaliteta tunjevine Rio Mare u kombinaciji s ukusnim umakom od raj\u010dice i oboga\u0107ena s primamljivim povr\u0107em. <\/p>\n<p>Primamljiv okus luka, zajedno s bar\u0161unastim umakom od raj\u010dice izvrsno se ve\u017ee na okus tradicionalne tunjevine.<\/p>\n","protected":false},"excerpt":{"rendered":"<p>Nepogre\u0161iv okus Rio Mare tunjevine<br \/>\nDosljedna kvaliteta<br \/>\nKombinacija luka i raj\u010dice<\/p>\n","protected":false},"featured_media":40531,"template":"","meta":{"_seopress_robots_primary_cat":"","_seopress_titles_title":"","_seopress_titles_desc":"","_seopress_robots_index":"","iawp_total_views":0},"product_brand":[456],"product_cat":[261,299],"product_tag":[],"class_list":{"0":"post-40530","1":"product","2":"type-product","3":"status-publish","4":"has-post-thumbnail","6":"product_brand-rio-mare","7":"product_cat-hrana-i-pice","8":"product_cat-konzervirana-i-gotova-hrana-261","10":"first","11":"outofstock","12":"shipping-taxable","13":"purchasable","14":"product-type-simple"},"_links":{"self":[{"href":"https:\/\/singuli.wpress.me\/index.php\/wp-json\/wp\/v2\/product\/40530","targetHints":{"allow":["GET"]}}],"collection":[{"href":"https:\/\/singuli.wpress.me\/index.php\/wp-json\/wp\/v2\/product"}],"about":[{"href":"https:\/\/singuli.wpress.me\/index.php\/wp-json\/wp\/v2\/types\/product"}],"version-history":[{"count":0,"href":"https:\/\/singuli.wpress.me\/index.php\/wp-json\/wp\/v2\/product\/40530\/revisions"}],"wp:featuredmedia":[{"embeddable":true,"href":"https:\/\/singuli.wpress.me\/index.php\/wp-json\/wp\/v2\/media\/40531"}],"wp:attachment":[{"href":"https:\/\/singuli.wpress.me\/index.php\/wp-json\/wp\/v2\/media?parent=40530"}],"wp:term":[{"taxonomy":"product_brand","embeddable":true,"href":"https:\/\/singuli.wpress.me\/index.php\/wp-json\/wp\/v2\/product_brand?post=40530"},{"taxonomy":"product_cat","embeddable":true,"href":"https:\/\/singuli.wpress.me\/index.php\/wp-json\/wp\/v2\/product_cat?post=40530"},{"taxonomy":"product_tag","embeddable":true,"href":"https:\/\/singuli.wpress.me\/index.php\/wp-json\/wp\/v2\/product_tag?post=40530"}],"curies":[{"name":"wp","href":"https:\/\/api.w.org\/{rel}","templated":true}]}}