{"id":40541,"date":"2026-04-19T02:32:01","date_gmt":"2026-04-19T02:32:01","guid":{"rendered":"https:\/\/singuli.wpress.me\/index.php\/proizvod\/karlovacko-svijetlo-pivo-0-33-l\/"},"modified":"2026-04-21T00:27:03","modified_gmt":"2026-04-21T00:27:03","slug":"karlovacko-svijetlo-pivo-0-33-l","status":"publish","type":"product","link":"https:\/\/singuli.wpress.me\/index.php\/proizvod\/karlovacko-svijetlo-pivo-0-33-l\/","title":{"rendered":"KARLOVA\u010cKO Svijetlo, pivo, 0.33\u00a0l"},"content":{"rendered":"<p>Karlova\u010dko Svijetlo Lager pivo posebno je po svojoj skladnoj aromi slada i puno\u0107i okusa, a napravljeno je od prirodnih sastojaka: vode, je\u010dmenog slada, kvalitetnog je\u010dma i ekstrakta hmelja. <\/p>\n<p>Najbolje stvari su jednostavne. A tvoje omiljeno pivo je jednostavno najbolje.<\/p>\n","protected":false},"excerpt":{"rendered":"<p>Svijetlo lager pivo<br \/>\nAlkohol: 5,0% vol.<br \/>\n\u010cuvati na suhom i hladnom mjestu<\/p>\n","protected":false},"featured_media":40542,"template":"","meta":{"_seopress_robots_primary_cat":"","_seopress_titles_title":"","_seopress_titles_desc":"","_seopress_robots_index":"","iawp_total_views":0},"product_brand":[526],"product_cat":[243,276],"product_tag":[],"class_list":{"0":"post-40541","1":"product","2":"type-product","3":"status-publish","4":"has-post-thumbnail","6":"product_brand-karlovacko","7":"product_cat-automobili-i-motori","8":"product_cat-industrijska-i-specijalna-ulja-243","10":"first","11":"outofstock","12":"shipping-taxable","13":"purchasable","14":"product-type-simple"},"_links":{"self":[{"href":"https:\/\/singuli.wpress.me\/index.php\/wp-json\/wp\/v2\/product\/40541","targetHints":{"allow":["GET"]}}],"collection":[{"href":"https:\/\/singuli.wpress.me\/index.php\/wp-json\/wp\/v2\/product"}],"about":[{"href":"https:\/\/singuli.wpress.me\/index.php\/wp-json\/wp\/v2\/types\/product"}],"version-history":[{"count":0,"href":"https:\/\/singuli.wpress.me\/index.php\/wp-json\/wp\/v2\/product\/40541\/revisions"}],"wp:featuredmedia":[{"embeddable":true,"href":"https:\/\/singuli.wpress.me\/index.php\/wp-json\/wp\/v2\/media\/40542"}],"wp:attachment":[{"href":"https:\/\/singuli.wpress.me\/index.php\/wp-json\/wp\/v2\/media?parent=40541"}],"wp:term":[{"taxonomy":"product_brand","embeddable":true,"href":"https:\/\/singuli.wpress.me\/index.php\/wp-json\/wp\/v2\/product_brand?post=40541"},{"taxonomy":"product_cat","embeddable":true,"href":"https:\/\/singuli.wpress.me\/index.php\/wp-json\/wp\/v2\/product_cat?post=40541"},{"taxonomy":"product_tag","embeddable":true,"href":"https:\/\/singuli.wpress.me\/index.php\/wp-json\/wp\/v2\/product_tag?post=40541"}],"curies":[{"name":"wp","href":"https:\/\/api.w.org\/{rel}","templated":true}]}}