{"id":40546,"date":"2026-04-19T02:32:04","date_gmt":"2026-04-19T02:32:04","guid":{"rendered":"https:\/\/singuli.wpress.me\/index.php\/proizvod\/mr-proper-univerzalno-sredstvo-za-ciscenje-ocean-1-l\/"},"modified":"2026-04-20T12:33:32","modified_gmt":"2026-04-20T12:33:32","slug":"mr-proper-univerzalno-sredstvo-za-ciscenje-ocean-1-l","status":"publish","type":"product","link":"https:\/\/singuli.wpress.me\/index.php\/proizvod\/mr-proper-univerzalno-sredstvo-za-ciscenje-ocean-1-l\/","title":{"rendered":"MR. PROPER, univerzalno sredstvo za \u010di\u0161\u0107enje, ocean, 1\u00a0l"},"content":{"rendered":"<p>Univerzalni deterd\u017eent Mr. Proper idealan je za \u010di\u0161\u0107enje gotovo svih tvrdih povr\u0161ina u va\u0161em domu. <\/p>\n<p>Mo\u017ee se koristiti za \u010di\u0161\u0107enje sudopera, uklanjanje masno\u0107e sa \u0161tednjaka pa \u010dak i podova.<\/p>\n","protected":false},"excerpt":{"rendered":"<p>Univerzalno sredstvo za \u010di\u0161\u0107enje<br \/>\nMiris oceana<br \/>\nIdealan za \u010di\u0161\u0107enje gotovo svih tvrdih povr\u0161ina<\/p>\n","protected":false},"featured_media":40547,"template":"","meta":{"_seopress_robots_primary_cat":"","_seopress_titles_title":"","_seopress_titles_desc":"","_seopress_robots_index":"","iawp_total_views":0},"product_brand":[521],"product_cat":[274,238],"product_tag":[],"class_list":{"0":"post-40546","1":"product","2":"type-product","3":"status-publish","4":"has-post-thumbnail","6":"product_brand-mr-proper","7":"product_cat-kucanski-pribor-238","8":"product_cat-sve-za-dom","10":"first","11":"outofstock","12":"shipping-taxable","13":"purchasable","14":"product-type-simple"},"_links":{"self":[{"href":"https:\/\/singuli.wpress.me\/index.php\/wp-json\/wp\/v2\/product\/40546","targetHints":{"allow":["GET"]}}],"collection":[{"href":"https:\/\/singuli.wpress.me\/index.php\/wp-json\/wp\/v2\/product"}],"about":[{"href":"https:\/\/singuli.wpress.me\/index.php\/wp-json\/wp\/v2\/types\/product"}],"version-history":[{"count":0,"href":"https:\/\/singuli.wpress.me\/index.php\/wp-json\/wp\/v2\/product\/40546\/revisions"}],"wp:featuredmedia":[{"embeddable":true,"href":"https:\/\/singuli.wpress.me\/index.php\/wp-json\/wp\/v2\/media\/40547"}],"wp:attachment":[{"href":"https:\/\/singuli.wpress.me\/index.php\/wp-json\/wp\/v2\/media?parent=40546"}],"wp:term":[{"taxonomy":"product_brand","embeddable":true,"href":"https:\/\/singuli.wpress.me\/index.php\/wp-json\/wp\/v2\/product_brand?post=40546"},{"taxonomy":"product_cat","embeddable":true,"href":"https:\/\/singuli.wpress.me\/index.php\/wp-json\/wp\/v2\/product_cat?post=40546"},{"taxonomy":"product_tag","embeddable":true,"href":"https:\/\/singuli.wpress.me\/index.php\/wp-json\/wp\/v2\/product_tag?post=40546"}],"curies":[{"name":"wp","href":"https:\/\/api.w.org\/{rel}","templated":true}]}}