{"id":40560,"date":"2026-04-19T02:32:13","date_gmt":"2026-04-19T02:32:13","guid":{"rendered":"https:\/\/singuli.wpress.me\/index.php\/proizvod\/shell-little-joe-osvjezivac-za-auto-black-velvet\/"},"modified":"2026-04-20T12:33:32","modified_gmt":"2026-04-20T12:33:32","slug":"shell-little-joe-osvjezivac-za-auto-black-velvet","status":"publish","type":"product","link":"https:\/\/singuli.wpress.me\/index.php\/proizvod\/shell-little-joe-osvjezivac-za-auto-black-velvet\/","title":{"rendered":"SHELL Little Joe, osvje\u017eiva\u010d za auto, black velvet"},"content":{"rendered":"<p>Osvje\u017eiva\u010d za auto, izuzetno dugotrajan, osvje\u017eava prostor \u010dak do 45 dana.<\/p>\n","protected":false},"excerpt":{"rendered":"<p>Osvje\u017eiva\u010d za auto<br \/>\nDugotrajan<br \/>\nOsvje\u017eava prostor do 45 dana<\/p>\n","protected":false},"featured_media":40561,"template":"","meta":{"_seopress_robots_primary_cat":"","_seopress_titles_title":"","_seopress_titles_desc":"","_seopress_robots_index":"","iawp_total_views":0},"product_brand":[326],"product_cat":[243,273],"product_tag":[],"class_list":{"0":"post-40560","1":"product","2":"type-product","3":"status-publish","4":"has-post-thumbnail","6":"product_brand-shell","7":"product_cat-automobili-i-motori","8":"product_cat-njega-vozila-243","10":"first","11":"instock","12":"shipping-taxable","13":"purchasable","14":"product-type-simple"},"_links":{"self":[{"href":"https:\/\/singuli.wpress.me\/index.php\/wp-json\/wp\/v2\/product\/40560","targetHints":{"allow":["GET"]}}],"collection":[{"href":"https:\/\/singuli.wpress.me\/index.php\/wp-json\/wp\/v2\/product"}],"about":[{"href":"https:\/\/singuli.wpress.me\/index.php\/wp-json\/wp\/v2\/types\/product"}],"version-history":[{"count":0,"href":"https:\/\/singuli.wpress.me\/index.php\/wp-json\/wp\/v2\/product\/40560\/revisions"}],"wp:featuredmedia":[{"embeddable":true,"href":"https:\/\/singuli.wpress.me\/index.php\/wp-json\/wp\/v2\/media\/40561"}],"wp:attachment":[{"href":"https:\/\/singuli.wpress.me\/index.php\/wp-json\/wp\/v2\/media?parent=40560"}],"wp:term":[{"taxonomy":"product_brand","embeddable":true,"href":"https:\/\/singuli.wpress.me\/index.php\/wp-json\/wp\/v2\/product_brand?post=40560"},{"taxonomy":"product_cat","embeddable":true,"href":"https:\/\/singuli.wpress.me\/index.php\/wp-json\/wp\/v2\/product_cat?post=40560"},{"taxonomy":"product_tag","embeddable":true,"href":"https:\/\/singuli.wpress.me\/index.php\/wp-json\/wp\/v2\/product_tag?post=40560"}],"curies":[{"name":"wp","href":"https:\/\/api.w.org\/{rel}","templated":true}]}}