{"id":40565,"date":"2026-04-19T02:32:14","date_gmt":"2026-04-19T02:32:14","guid":{"rendered":"https:\/\/singuli.wpress.me\/index.php\/proizvod\/natureta-ajvar-ljuti-290-g\/"},"modified":"2026-04-20T12:33:32","modified_gmt":"2026-04-20T12:33:32","slug":"natureta-ajvar-ljuti-290-g","status":"publish","type":"product","link":"https:\/\/singuli.wpress.me\/index.php\/proizvod\/natureta-ajvar-ljuti-290-g\/","title":{"rendered":"NATURETA, ajvar, ljuti, 290\u00a0g"},"content":{"rendered":"<p>Ljuti ajvar stvoren je za ljubitelje jakih okusa. <\/p>\n<p>Izvrstan je kao predjelo i prilog, a sve \u010de\u0161\u0107e i kao salata. <\/p>\n<p>Za istan\u010dan i pomalo neobi\u010dan okus poslu\u017eite ga uz vodu i kiselo mlijeko, kako se to ve\u0107 tisu\u0107ama godina radi na Srednjem, Srednjem i Dalekom istoku. <\/p>\n<p>U Natureti jam\u010dimo izvrstan okus uz provjerenu doma\u0107u recepturu temeljenu na dugogodi\u0161njoj tradiciji.<\/p>\n","protected":false},"excerpt":{"rendered":"<p>Ljuti ajvar<br \/>\nIzvrstan okus<br \/>\nDugogodi\u0161nja tradicija<\/p>\n","protected":false},"featured_media":40566,"template":"","meta":{"_seopress_robots_primary_cat":"","_seopress_titles_title":"","_seopress_titles_desc":"","_seopress_robots_index":"","iawp_total_views":0},"product_brand":[811],"product_cat":[261,299],"product_tag":[],"class_list":{"0":"post-40565","1":"product","2":"type-product","3":"status-publish","4":"has-post-thumbnail","6":"product_brand-natureta","7":"product_cat-hrana-i-pice","8":"product_cat-konzervirana-i-gotova-hrana-261","10":"first","11":"outofstock","12":"shipping-taxable","13":"purchasable","14":"product-type-simple"},"_links":{"self":[{"href":"https:\/\/singuli.wpress.me\/index.php\/wp-json\/wp\/v2\/product\/40565","targetHints":{"allow":["GET"]}}],"collection":[{"href":"https:\/\/singuli.wpress.me\/index.php\/wp-json\/wp\/v2\/product"}],"about":[{"href":"https:\/\/singuli.wpress.me\/index.php\/wp-json\/wp\/v2\/types\/product"}],"version-history":[{"count":0,"href":"https:\/\/singuli.wpress.me\/index.php\/wp-json\/wp\/v2\/product\/40565\/revisions"}],"wp:featuredmedia":[{"embeddable":true,"href":"https:\/\/singuli.wpress.me\/index.php\/wp-json\/wp\/v2\/media\/40566"}],"wp:attachment":[{"href":"https:\/\/singuli.wpress.me\/index.php\/wp-json\/wp\/v2\/media?parent=40565"}],"wp:term":[{"taxonomy":"product_brand","embeddable":true,"href":"https:\/\/singuli.wpress.me\/index.php\/wp-json\/wp\/v2\/product_brand?post=40565"},{"taxonomy":"product_cat","embeddable":true,"href":"https:\/\/singuli.wpress.me\/index.php\/wp-json\/wp\/v2\/product_cat?post=40565"},{"taxonomy":"product_tag","embeddable":true,"href":"https:\/\/singuli.wpress.me\/index.php\/wp-json\/wp\/v2\/product_tag?post=40565"}],"curies":[{"name":"wp","href":"https:\/\/api.w.org\/{rel}","templated":true}]}}