{"id":40572,"date":"2026-04-19T02:32:15","date_gmt":"2026-04-19T02:32:15","guid":{"rendered":"https:\/\/singuli.wpress.me\/index.php\/proizvod\/uhu-super-glue-control-tekuce-ljepilo-3-g\/"},"modified":"2026-04-20T12:33:32","modified_gmt":"2026-04-20T12:33:32","slug":"uhu-super-glue-control-tekuce-ljepilo-3-g","status":"publish","type":"product","link":"https:\/\/singuli.wpress.me\/index.php\/proizvod\/uhu-super-glue-control-tekuce-ljepilo-3-g\/","title":{"rendered":"UHU Super Glue Control, teku\u0107e ljepilo, 3\u00a0g"},"content":{"rendered":"<p>Super brzo i ekstremno sna\u017eno teku\u0107e ljepilo s Direct Stop Tehnologijom. <\/p>\n<p>Ne kaplje, s usisnim u\u010dinkom za jednostavno i \u010disto nano\u0161enje. <\/p>\n<p>Lijepi razli\u010dite materijale kao \u0161to su plastika, metal, guma, porculan, drvo i pluto.<\/p>\n","protected":false},"excerpt":{"rendered":"<p>Direct-Stop tehnologija<br \/>\nSuper brzo i ekstremno sna\u017eno<br \/>\nNe kaplje<\/p>\n","protected":false},"featured_media":40573,"template":"","meta":{"_seopress_robots_primary_cat":"","_seopress_titles_title":"","_seopress_titles_desc":"","_seopress_robots_index":"","iawp_total_views":0},"product_brand":[445],"product_cat":[264,238],"product_tag":[],"class_list":{"0":"post-40572","1":"product","2":"type-product","3":"status-publish","4":"has-post-thumbnail","6":"product_brand-uhu","7":"product_cat-ljepila-i-brtvila-238","8":"product_cat-sve-za-dom","10":"first","11":"instock","12":"shipping-taxable","13":"purchasable","14":"product-type-simple"},"_links":{"self":[{"href":"https:\/\/singuli.wpress.me\/index.php\/wp-json\/wp\/v2\/product\/40572","targetHints":{"allow":["GET"]}}],"collection":[{"href":"https:\/\/singuli.wpress.me\/index.php\/wp-json\/wp\/v2\/product"}],"about":[{"href":"https:\/\/singuli.wpress.me\/index.php\/wp-json\/wp\/v2\/types\/product"}],"version-history":[{"count":0,"href":"https:\/\/singuli.wpress.me\/index.php\/wp-json\/wp\/v2\/product\/40572\/revisions"}],"wp:featuredmedia":[{"embeddable":true,"href":"https:\/\/singuli.wpress.me\/index.php\/wp-json\/wp\/v2\/media\/40573"}],"wp:attachment":[{"href":"https:\/\/singuli.wpress.me\/index.php\/wp-json\/wp\/v2\/media?parent=40572"}],"wp:term":[{"taxonomy":"product_brand","embeddable":true,"href":"https:\/\/singuli.wpress.me\/index.php\/wp-json\/wp\/v2\/product_brand?post=40572"},{"taxonomy":"product_cat","embeddable":true,"href":"https:\/\/singuli.wpress.me\/index.php\/wp-json\/wp\/v2\/product_cat?post=40572"},{"taxonomy":"product_tag","embeddable":true,"href":"https:\/\/singuli.wpress.me\/index.php\/wp-json\/wp\/v2\/product_tag?post=40572"}],"curies":[{"name":"wp","href":"https:\/\/api.w.org\/{rel}","templated":true}]}}