{"id":40579,"date":"2026-04-19T02:32:17","date_gmt":"2026-04-19T02:32:17","guid":{"rendered":"https:\/\/singuli.wpress.me\/index.php\/proizvod\/dana-koktel-pina-colada-14-0-7-l-2\/"},"modified":"2026-04-20T12:33:32","modified_gmt":"2026-04-20T12:33:32","slug":"dana-koktel-pina-colada-14-0-7-l-2","status":"publish","type":"product","link":"https:\/\/singuli.wpress.me\/index.php\/proizvod\/dana-koktel-pina-colada-14-0-7-l-2\/","title":{"rendered":"DANA, koktel, Pina Colada 14%, 0.7\u00a0l"},"content":{"rendered":"<p>Ima li i\u0161ta bolje ljeti od ananasa i kokosa? Naravno da ima- kad ih spojimo u prekrasnu, kultnu <span style=\"font-weight: bold\">Pina Coladu<\/span> koja ve\u0107 pri prvom gutljaju do\u010darava karipski povjetarac i \u0161um mora.<\/p>\n<p>Poslu\u017eite s puno zdrobljenog leda i ukrasite kri\u0161kom ananasa i\/ili kandirane tre\u0161nje<\/p>\n","protected":false},"excerpt":{"rendered":"<p>Alkoholno pi\u0107e s vo\u0107nim sokom<br \/>\nAnanas i aroma kokosa<br \/>\n14% alkohola<\/p>\n","protected":false},"featured_media":40580,"template":"","meta":{"_seopress_robots_primary_cat":"","_seopress_titles_title":"","_seopress_titles_desc":"","_seopress_robots_index":"","iawp_total_views":0},"product_brand":[485],"product_cat":[298,261],"product_tag":[],"class_list":{"0":"post-40579","1":"product","2":"type-product","3":"status-publish","4":"has-post-thumbnail","6":"product_brand-dana","7":"product_cat-alkoholna-pica-261","8":"product_cat-hrana-i-pice","10":"first","11":"outofstock","12":"shipping-taxable","13":"purchasable","14":"product-type-simple"},"_links":{"self":[{"href":"https:\/\/singuli.wpress.me\/index.php\/wp-json\/wp\/v2\/product\/40579","targetHints":{"allow":["GET"]}}],"collection":[{"href":"https:\/\/singuli.wpress.me\/index.php\/wp-json\/wp\/v2\/product"}],"about":[{"href":"https:\/\/singuli.wpress.me\/index.php\/wp-json\/wp\/v2\/types\/product"}],"version-history":[{"count":0,"href":"https:\/\/singuli.wpress.me\/index.php\/wp-json\/wp\/v2\/product\/40579\/revisions"}],"wp:featuredmedia":[{"embeddable":true,"href":"https:\/\/singuli.wpress.me\/index.php\/wp-json\/wp\/v2\/media\/40580"}],"wp:attachment":[{"href":"https:\/\/singuli.wpress.me\/index.php\/wp-json\/wp\/v2\/media?parent=40579"}],"wp:term":[{"taxonomy":"product_brand","embeddable":true,"href":"https:\/\/singuli.wpress.me\/index.php\/wp-json\/wp\/v2\/product_brand?post=40579"},{"taxonomy":"product_cat","embeddable":true,"href":"https:\/\/singuli.wpress.me\/index.php\/wp-json\/wp\/v2\/product_cat?post=40579"},{"taxonomy":"product_tag","embeddable":true,"href":"https:\/\/singuli.wpress.me\/index.php\/wp-json\/wp\/v2\/product_tag?post=40579"}],"curies":[{"name":"wp","href":"https:\/\/api.w.org\/{rel}","templated":true}]}}