{"id":40588,"date":"2026-04-19T02:32:18","date_gmt":"2026-04-19T02:32:18","guid":{"rendered":"https:\/\/singuli.wpress.me\/index.php\/proizvod\/braun-xt5200-trimer-brada-sisac\/"},"modified":"2026-04-21T00:27:03","modified_gmt":"2026-04-21T00:27:03","slug":"braun-xt5200-trimer-brada-sisac","status":"publish","type":"product","link":"https:\/\/singuli.wpress.me\/index.php\/proizvod\/braun-xt5200-trimer-brada-sisac\/","title":{"rendered":"BRAUN XT5200, trimer brada\/\u0161i\u0161a\u010d"},"content":{"rendered":"<p>Braun Series XT5 \u2013 elektri\u010dni brija\u0107i aparat i trimer za mu\u0161karce, komplet za ure\u0111ivanje dla\u010dica na cijelom tijelu, izdr\u017eljiva o\u0161trica, putna torbica, XT5200<\/p>\n<p>Istaknute zna\u010dajke<br \/>\n\u2022 Brijanje, podrezivanje i oblikovanje rubova \u2013 sve s jednim alatom: multifunkcionalni brija\u0107i aparat i trimer za mu\u0161karce. Lako, brzo i ugodno re\u017ee dla\u010dice pri svakom potezu. \u010cak i na zahtjevnijim podru\u010djima. Za lice (\u010de\u0161lji\u0107i: 1, 2, 3 i 5 mm) i tijelo (\u010de\u0161lji\u0107i: 0 i 3 mm).<br \/>\n\u2022 Tehnologija 4D o\u0161trice: jedna o\u0161trica s 4 elementa za podrezivanje \u2013 2 bo\u010dna trimera i 2 sredi\u0161nje brija\u0107e zone \u2013 koji rade 450 pokreta u sekundi. Odli\u010dno brije uz ko\u017eu, a pritom ostaje nje\u017ena.<br \/>\n\u2022 Stvorena da traje: 4D o\u0161trica ovog brija\u0107eg aparata i trimera izra\u0111ena je od nehr\u0111aju\u0107eg \u010delika, tako da dulje traje i ostane o\u0161tra do 6 mjeseci.*<br \/>\n\u2022 Za\u0161tita ko\u017ee: ovaj trimer i brija\u0107i aparat ima \u010de\u0161lji\u0107 SkinGuard koji \u0161titi ko\u017eu \u010dak i na izuzetno osjetljivim podru\u010djima \u2013 od prsa, pazuha i prepona do lica, vrata ili obrva. <br \/>\n\u2022 Dizajniran za preciznost i kontrolu: dvosmjerni \u010de\u0161lji\u0107 podrezuje prema gore i prema dolje. Brijanje i ure\u0111ivanje intimne zone je sigurno i na suhom i pod vodom zahvaljuju\u0107i gumiranoj protukliznoj dr\u0161ci.<\/p>\n<p>*na temelju dva brijanja tjedno, stvarni rezultati mogu biti druk\u010diji<\/p>\n<p>Lako, brzo i ugodno \u2014 zahvaljuju\u0107i 4D o\u0161trici<br \/>\n&#8211; Inovativna 4D o\u0161trica ima dvije sredi\u0161nje brija\u0107e zone i dva bo\u010dna trimera. \u010ce\u0161lji\u0107 SkinGuard \u0161titi ko\u017eu od o\u0161trica za nje\u017eno brijanje, ne preblizu ko\u017ei, a opet temeljito tako da izgledate odli\u010dno.<br \/>\n &#8211; 4D o\u0161trica stvorena je da traje i ostane o\u0161tra do 6 mjeseci.* Ima dvosmjerni \u010de\u0161lji\u0107 pa dla\u010dice mo\u017eete podrezivati i prema gore i prema dolje, \u0161to cijeli posao \u010dini lak\u0161im i br\u017eim. 100% vodootporan, Braun Series XT5 mo\u017eete koristiti za ure\u0111ivanje dla\u010dica u kojem god stilu \u017eelite, s pjenom ili gelom, nad umivaonikom ili pod tu\u0161em.<\/p>\n<p>Jedan alat za sve stilove<br \/>\nBraun Series XT5 ima inovativnu 4D o\u0161tricu koja traje do 6 mjeseci.*<br \/>\nNje\u017ean je prema ko\u017ei, jednostavan za rukovanje pa s lako\u0107om mo\u017eete urediti dla\u010dice kako god \u017eelite.<\/p>\n<p>Brzo do ujedna\u010denog podrezivanja<br \/>\nPodrezujte dla\u010dice prema gore i prema dolje uz pomo\u0107 prakti\u010dnog dvosmjernog \u010de\u0161lji\u0107a. Tako jednostavnim pokretima mo\u017eete podrezati dla\u010dice brzo i lako, i to na na\u010din koji vam najbolje odgovara.<\/p>\n<p>Brzo, ali i precizno ure\u0111ivanje dla\u010dica<br \/>\nUvedite preciznost u svoju rutinu ure\u0111ivanja dla\u010dica uz pomo\u0107 4D o\u0161trice i protuklizne, gumirane dr\u0161ke. Za precizno i kontrolirano oblikovanje, koje daje samopouzdanje \u010dak i po\u010detnicima.<\/p>\n<p>Lako, brzo i ugodno pri svakom potezu<br \/>\nBez obzira koliko ste vje\u0161ti u brijanju i podrezivanju, s ovim \u0107ete ure\u0111ajem u\u017eivati u ugodnom brijanju koje nije preblizu ko\u017ei. To je mogu\u0107e zahvaljuju\u0107i u potpunosti aktiviranoj 4D o\u0161trici sa\u010dinjenoj od \u010detiri mo\u0107na elementa za podrezivanja koji rade 450 pokreta u sekundi.<\/p>\n<p>Ugodno ure\u0111ivanje dla\u010dica na tijelu<br \/>\nPostavite SkinGuard za sigurno ure\u0111ivanje osjetljivih podru\u010dja poput prepona, prsa i pazuha. On \u0107e za\u0161tititi va\u0161u ko\u017eu i pru\u017eiti nje\u017eno iskustvo brijanja za \u0161to gla\u0111u ko\u017eu.<\/p>\n<p>Kontrola na zahtjevnijim podru\u010djima<br \/>\nBrze i precizne rezultate osigurava pokretljiva fleksibilna glava koja se prilago\u0111ava konturama lica, \u0161to je posebno korisno na kompliciranijim podru\u010djima. Brijte se intuitivno: gore, dolje, natrag ili naprijed.<\/p>\n<p>O\u0161trica traje do 6 mjeseci<br \/>\nIzdr\u017eljiva 4D o\u0161trica stvorena je da traje dulje. Izra\u0111ena je od 100% nehr\u0111aju\u0107eg \u010delika i neprekidno podrezuje dla\u010dice do 6 mjeseci.*<br \/>\n*izra\u010dun utemeljen na 2 potpuna brijanja tjedno<\/p>\n<p>Potpuno vodootporan<br \/>\nSeries X mo\u017eete koristiti s pjenom ili gelom, iznad umivaonika ili pod tu\u0161em. O\u010distiti ga mo\u017eete pod teku\u0107om vodom, lako i jednostavno, u skladu sa svojim standardima higijene.<\/p>\n<p>Odaberite preferiranu duljinu<br \/>\nPodre\u017eite dla\u010dice na \u017eeljenu duljinu uz pomo\u0107 \u010de\u0161lji\u0107a koji se lako postavljaju \u2013 dostupni su u duljinama od 1, 2, 3 i 5 mm za lice te 3 mm i 0 mm (SkinGuard) za tijelo.<\/p>\n<p>Opis proizvoda<br \/>\nBraun Series XT5 je trimer i brija\u0107i aparat za dla\u010dice na licu i tijelu: jedan ure\u0111aj za najrazli\u010ditije zadatke. Njegova inovativna 4D o\u0161trica lako i ugodno brije, podrezuje i oblikuje dla\u010dice, ostaju\u0107i pritom nje\u017ena prema ko\u017ei. Ure\u0111aj je 100% vodootporan, mo\u017ee se koristiti pod vodom i na suhom, a metalna o\u0161trica mu traje do 6 mjeseci,* dok usko ku\u0107i\u0161te s protukliznim hvati\u0161tem \u010dine rukovanje nevjerojatno laganim.<br \/>\n*na temelju dva brijanja tjedno, stvarni rezultati mogu biti druk\u010diji<\/p>\n<p>Sadr\u017eaj pakiranja:<br \/>\n1x elektri\u010dni brija\u0107i aparat<br \/>\n4x \u010de\u0161lji\u0107 za lice (1 mm, 2 mm, 3 mm, 5 mm)<br \/>\n2x \u010de\u0161lji\u0107 za tijelo (0 mm SkinGuard, 3 mm)<br \/>\n1x putna torbica<br \/>\n1x punja\u010d SmartPlug<\/p>\n","protected":false},"excerpt":{"rendered":"<p>Inovativna 4D o\u0161trica lako i ugodno brije, podrezuje i oblikuje dla\u010dice, ostaju\u0107i pritom nje\u017ena prema ko\u017ei<br \/>\n\u010ce\u0161lji\u0107 SkinGuard \u0161titi ko\u017eu od o\u0161trica za nje\u017eno brijanje, ne preblizu ko\u017ei, a opet temeljito<br \/>\nDizajniran za preciznost i kontrolu<\/p>\n","protected":false},"featured_media":40589,"template":"","meta":{"_seopress_robots_primary_cat":"","_seopress_titles_title":"","_seopress_titles_desc":"","_seopress_robots_index":"","iawp_total_views":0},"product_brand":[144],"product_cat":[280,192,279],"product_tag":[],"class_list":{"0":"post-40588","1":"product","2":"type-product","3":"status-publish","4":"has-post-thumbnail","6":"product_brand-braun","7":"product_cat-aparati-za-muskarce-279","8":"product_cat-aparati-za-osobnu-njegu","9":"product_cat-brijanje-i-sisanje-192","11":"first","12":"outofstock","13":"shipping-taxable","14":"purchasable","15":"product-type-simple"},"_links":{"self":[{"href":"https:\/\/singuli.wpress.me\/index.php\/wp-json\/wp\/v2\/product\/40588","targetHints":{"allow":["GET"]}}],"collection":[{"href":"https:\/\/singuli.wpress.me\/index.php\/wp-json\/wp\/v2\/product"}],"about":[{"href":"https:\/\/singuli.wpress.me\/index.php\/wp-json\/wp\/v2\/types\/product"}],"version-history":[{"count":0,"href":"https:\/\/singuli.wpress.me\/index.php\/wp-json\/wp\/v2\/product\/40588\/revisions"}],"wp:featuredmedia":[{"embeddable":true,"href":"https:\/\/singuli.wpress.me\/index.php\/wp-json\/wp\/v2\/media\/40589"}],"wp:attachment":[{"href":"https:\/\/singuli.wpress.me\/index.php\/wp-json\/wp\/v2\/media?parent=40588"}],"wp:term":[{"taxonomy":"product_brand","embeddable":true,"href":"https:\/\/singuli.wpress.me\/index.php\/wp-json\/wp\/v2\/product_brand?post=40588"},{"taxonomy":"product_cat","embeddable":true,"href":"https:\/\/singuli.wpress.me\/index.php\/wp-json\/wp\/v2\/product_cat?post=40588"},{"taxonomy":"product_tag","embeddable":true,"href":"https:\/\/singuli.wpress.me\/index.php\/wp-json\/wp\/v2\/product_tag?post=40588"}],"curies":[{"name":"wp","href":"https:\/\/api.w.org\/{rel}","templated":true}]}}