{"id":40594,"date":"2026-04-19T02:32:21","date_gmt":"2026-04-19T02:32:21","guid":{"rendered":"https:\/\/singuli.wpress.me\/index.php\/proizvod\/john-deere-torq-gard-supreme-15w-40-motorno-ulje-20-l\/"},"modified":"2026-04-20T12:33:32","modified_gmt":"2026-04-20T12:33:32","slug":"john-deere-torq-gard-supreme-15w-40-motorno-ulje-20-l","status":"publish","type":"product","link":"https:\/\/singuli.wpress.me\/index.php\/proizvod\/john-deere-torq-gard-supreme-15w-40-motorno-ulje-20-l\/","title":{"rendered":"JOHN DEERE Torq-Gard Supreme 15W-40, motorno ulje, 20\u00a0l"},"content":{"rendered":"<p>John Deere Torq\u2011Gard 15W-40 je sna\u017eno motorno ulje za razli\u010dite primjene, s standardnim intervalima izmjene, koje \u0161titi motor od korozije, \u010disti ga od mulja i osigurava optimalnu viskoznost u \u0161irokom temperaturnom rasponu.<\/p>\n","protected":false},"excerpt":{"rendered":"<p>Aktivno sprje\u010dava nakupljanje mulja i naslaga, odr\u017eavaju\u0107i unutra\u0161njost motora \u010distom i funkcionalnom tijekom cijelog intervala izmjene<br \/>\nPosebni aditivi \u0161tite vitalne dijelove motora od korozije i preranog tro\u0161enja, \u010dak i kod strojeva koji rade u promjenjivim uvjetima<br \/>\nOsigurava pouzdano podmazivanje u \u0161irokom temperaturnom rasponu, jam\u010de\u0107i siguran start i stabilan rad motora bez obzira na vremenske prilike<\/p>\n","protected":false},"featured_media":40595,"template":"","meta":{"_seopress_robots_primary_cat":"","_seopress_titles_title":"","_seopress_titles_desc":"","_seopress_robots_index":"","iawp_total_views":0},"product_brand":[822],"product_cat":[243,272],"product_tag":[],"class_list":{"0":"post-40594","1":"product","2":"type-product","3":"status-publish","4":"has-post-thumbnail","6":"product_brand-john-deere","7":"product_cat-automobili-i-motori","8":"product_cat-motorna-ulja-243","10":"first","11":"outofstock","12":"shipping-taxable","13":"purchasable","14":"product-type-simple"},"_links":{"self":[{"href":"https:\/\/singuli.wpress.me\/index.php\/wp-json\/wp\/v2\/product\/40594","targetHints":{"allow":["GET"]}}],"collection":[{"href":"https:\/\/singuli.wpress.me\/index.php\/wp-json\/wp\/v2\/product"}],"about":[{"href":"https:\/\/singuli.wpress.me\/index.php\/wp-json\/wp\/v2\/types\/product"}],"version-history":[{"count":0,"href":"https:\/\/singuli.wpress.me\/index.php\/wp-json\/wp\/v2\/product\/40594\/revisions"}],"wp:featuredmedia":[{"embeddable":true,"href":"https:\/\/singuli.wpress.me\/index.php\/wp-json\/wp\/v2\/media\/40595"}],"wp:attachment":[{"href":"https:\/\/singuli.wpress.me\/index.php\/wp-json\/wp\/v2\/media?parent=40594"}],"wp:term":[{"taxonomy":"product_brand","embeddable":true,"href":"https:\/\/singuli.wpress.me\/index.php\/wp-json\/wp\/v2\/product_brand?post=40594"},{"taxonomy":"product_cat","embeddable":true,"href":"https:\/\/singuli.wpress.me\/index.php\/wp-json\/wp\/v2\/product_cat?post=40594"},{"taxonomy":"product_tag","embeddable":true,"href":"https:\/\/singuli.wpress.me\/index.php\/wp-json\/wp\/v2\/product_tag?post=40594"}],"curies":[{"name":"wp","href":"https:\/\/api.w.org\/{rel}","templated":true}]}}