{"id":40598,"date":"2026-04-19T02:32:22","date_gmt":"2026-04-19T02:32:22","guid":{"rendered":"https:\/\/singuli.wpress.me\/index.php\/proizvod\/oral-b-baby-winnie-the-pooh-zubna-pasta-0-2-god-75-ml\/"},"modified":"2026-04-20T12:33:32","modified_gmt":"2026-04-20T12:33:32","slug":"oral-b-baby-winnie-the-pooh-zubna-pasta-0-2-god-75-ml","status":"publish","type":"product","link":"https:\/\/singuli.wpress.me\/index.php\/proizvod\/oral-b-baby-winnie-the-pooh-zubna-pasta-0-2-god-75-ml\/","title":{"rendered":"ORAL-B Baby Winnie The Pooh, zubna pasta, 0-2 god, 75\u00a0ml"},"content":{"rendered":"<p>Zubna pasta Oral-B Baby s likom medvjedi\u0107a Winnieja sadr\u017ei fluorid za bolju za\u0161titu zubi od kvarenja. <\/p>\n<p>Namijenjena je maloj djeci starosti do 2 godine.<\/p>\n","protected":false},"excerpt":{"rendered":"<p>Motiv medvjedi\u0107a Winnieja<br \/>\nSadr\u017ei fluorid za bolju za\u0161titu zubi od kvarenja<br \/>\nNamijenjena djeci starosti do 2 godine<\/p>\n","protected":false},"featured_media":40599,"template":"","meta":{"_seopress_robots_primary_cat":"","_seopress_titles_title":"","_seopress_titles_desc":"","_seopress_robots_index":"","iawp_total_views":0},"product_brand":[423],"product_cat":[268,309,320],"product_tag":[],"class_list":{"0":"post-40598","1":"product","2":"type-product","3":"status-publish","4":"has-post-thumbnail","6":"product_brand-oral-b-2","7":"product_cat-kozmetika-2","8":"product_cat-oralna-higijena-268","9":"product_cat-paste-za-zube-309","11":"first","12":"outofstock","13":"shipping-taxable","14":"purchasable","15":"product-type-simple"},"_links":{"self":[{"href":"https:\/\/singuli.wpress.me\/index.php\/wp-json\/wp\/v2\/product\/40598","targetHints":{"allow":["GET"]}}],"collection":[{"href":"https:\/\/singuli.wpress.me\/index.php\/wp-json\/wp\/v2\/product"}],"about":[{"href":"https:\/\/singuli.wpress.me\/index.php\/wp-json\/wp\/v2\/types\/product"}],"version-history":[{"count":0,"href":"https:\/\/singuli.wpress.me\/index.php\/wp-json\/wp\/v2\/product\/40598\/revisions"}],"wp:featuredmedia":[{"embeddable":true,"href":"https:\/\/singuli.wpress.me\/index.php\/wp-json\/wp\/v2\/media\/40599"}],"wp:attachment":[{"href":"https:\/\/singuli.wpress.me\/index.php\/wp-json\/wp\/v2\/media?parent=40598"}],"wp:term":[{"taxonomy":"product_brand","embeddable":true,"href":"https:\/\/singuli.wpress.me\/index.php\/wp-json\/wp\/v2\/product_brand?post=40598"},{"taxonomy":"product_cat","embeddable":true,"href":"https:\/\/singuli.wpress.me\/index.php\/wp-json\/wp\/v2\/product_cat?post=40598"},{"taxonomy":"product_tag","embeddable":true,"href":"https:\/\/singuli.wpress.me\/index.php\/wp-json\/wp\/v2\/product_tag?post=40598"}],"curies":[{"name":"wp","href":"https:\/\/api.w.org\/{rel}","templated":true}]}}