{"id":40606,"date":"2026-04-19T02:32:24","date_gmt":"2026-04-19T02:32:24","guid":{"rendered":"https:\/\/singuli.wpress.me\/index.php\/proizvod\/twistshake-podbradak-pastel-rozi-i-ljubicasti-2x4m\/"},"modified":"2026-04-20T12:33:32","modified_gmt":"2026-04-20T12:33:32","slug":"twistshake-podbradak-pastel-rozi-i-ljubicasti-2x4m","status":"publish","type":"product","link":"https:\/\/singuli.wpress.me\/index.php\/proizvod\/twistshake-podbradak-pastel-rozi-i-ljubicasti-2x4m\/","title":{"rendered":"TWISTSHAKE, podbradak, pastel rozi i ljubi\u010dasti, 2&#215;4+m"},"content":{"rendered":"<p>Stabilan i udoban podbradak s velikim otvorenim d\u017eepom za hvatanje otpadaka hrane izra\u0111en od mekane i udobne plastike. Traka oko vrata mo\u017ee se prilagoditi svim dobima i situacijama va\u0161e bebe. Prikladno za djecu od 4 mjeseca nadalje. U paketu dolaze dva podbradka. Prikladno za dvomjese\u010dne bebe.<\/p>\n","protected":false},"excerpt":{"rendered":"<p>Stabilan i udoban<br \/>\nDubok d\u017eepi\u0107 za hvatanje hrane<br \/>\nPakiranje od 2 komada<\/p>\n","protected":false},"featured_media":40607,"template":"","meta":{"_seopress_robots_primary_cat":"","_seopress_titles_title":"","_seopress_titles_desc":"","_seopress_robots_index":"","iawp_total_views":0},"product_brand":[433],"product_cat":[274,238],"product_tag":[],"class_list":{"0":"post-40606","1":"product","2":"type-product","3":"status-publish","4":"has-post-thumbnail","6":"product_brand-twistshake","7":"product_cat-kucanski-pribor-238","8":"product_cat-sve-za-dom","10":"first","11":"instock","12":"shipping-taxable","13":"purchasable","14":"product-type-simple"},"_links":{"self":[{"href":"https:\/\/singuli.wpress.me\/index.php\/wp-json\/wp\/v2\/product\/40606","targetHints":{"allow":["GET"]}}],"collection":[{"href":"https:\/\/singuli.wpress.me\/index.php\/wp-json\/wp\/v2\/product"}],"about":[{"href":"https:\/\/singuli.wpress.me\/index.php\/wp-json\/wp\/v2\/types\/product"}],"version-history":[{"count":0,"href":"https:\/\/singuli.wpress.me\/index.php\/wp-json\/wp\/v2\/product\/40606\/revisions"}],"wp:featuredmedia":[{"embeddable":true,"href":"https:\/\/singuli.wpress.me\/index.php\/wp-json\/wp\/v2\/media\/40607"}],"wp:attachment":[{"href":"https:\/\/singuli.wpress.me\/index.php\/wp-json\/wp\/v2\/media?parent=40606"}],"wp:term":[{"taxonomy":"product_brand","embeddable":true,"href":"https:\/\/singuli.wpress.me\/index.php\/wp-json\/wp\/v2\/product_brand?post=40606"},{"taxonomy":"product_cat","embeddable":true,"href":"https:\/\/singuli.wpress.me\/index.php\/wp-json\/wp\/v2\/product_cat?post=40606"},{"taxonomy":"product_tag","embeddable":true,"href":"https:\/\/singuli.wpress.me\/index.php\/wp-json\/wp\/v2\/product_tag?post=40606"}],"curies":[{"name":"wp","href":"https:\/\/api.w.org\/{rel}","templated":true}]}}