{"id":40611,"date":"2026-04-19T02:32:25","date_gmt":"2026-04-19T02:32:25","guid":{"rendered":"https:\/\/singuli.wpress.me\/index.php\/proizvod\/games-drustvena-igra-phase-10-karte\/"},"modified":"2026-04-20T12:33:32","modified_gmt":"2026-04-20T12:33:32","slug":"games-drustvena-igra-phase-10-karte","status":"publish","type":"product","link":"https:\/\/singuli.wpress.me\/index.php\/proizvod\/games-drustvena-igra-phase-10-karte\/","title":{"rendered":"GAMES, dru\u0161tvena igra, Phase 10 karte"},"content":{"rendered":"<p>Phase 10 je igra kartama sli\u010dna remiju, ali s dodatnim zaokretom!<\/p>\n<p>Izazov: mora\u0161 biti prvi igra\u010d koji \u0107e izvr\u0161iti 10 zadataka (faza).<\/p>\n<p>Zaokret: Onaj koji izvr\u0161i zadatak (fazu) prelazi na sljede\u0107i, a onaj koji ne, mora poku\u0161ati ponovno.<\/p>\n<p>Budi prvi igra\u010d koji \u0107e dovr\u0161iti 10 razli\u010ditih zadataka (faza).<\/p>\n<p>Phase 10 igra se u krugovima u kojima svaki igra\u010d poku\u0161ava skupiti kombinaciju karata koja odgovara zadatku.<\/p>\n<p>Kad prvi igra\u010d iza\u0111e iz igre tako \u0161to je skupio potrebnu kombinaciju karata (izvr\u0161io zadatak) i rije\u0161io se preostalih karata, krug zavr\u0161ava. Ako igra\u010d nije uspio izvr\u0161iti zadatak prije nego se krug zavr\u0161io, mora probati izvr\u0161iti zadatak u sljede\u0107em krugu.<\/p>\n<p>Cilj igre je \u0161to prije izvr\u0161iti svih 10 zadataka. Specijalne &#8221;wild&#8221; i &#8221;skip&#8221; karte donose dodatno uzbu\u0111enje i trenutke koji mijenjaju igru. <br \/>\nPhase 10 je zabavna igra za cijelu obitelj.<\/p>\n<p>Sadr\u017ei 108 karata.<\/p>\n","protected":false},"excerpt":{"rendered":"<p>Igra sli\u010dna remiju, ali s dodatnim zaokretom<br \/>\n\u0160to prije zavr\u0161iti 10 zadataka (faza)<br \/>\nSadr\u017ei 108 karata<\/p>\n","protected":false},"featured_media":40612,"template":"","meta":{"_seopress_robots_primary_cat":"","_seopress_titles_title":"","_seopress_titles_desc":"","_seopress_robots_index":"","iawp_total_views":0},"product_brand":[390],"product_cat":[290,221],"product_tag":[],"class_list":{"0":"post-40611","1":"product","2":"type-product","3":"status-publish","4":"has-post-thumbnail","6":"product_brand-games","7":"product_cat-drustvene-igre-221","8":"product_cat-igracke","10":"first","11":"instock","12":"shipping-taxable","13":"purchasable","14":"product-type-simple"},"_links":{"self":[{"href":"https:\/\/singuli.wpress.me\/index.php\/wp-json\/wp\/v2\/product\/40611","targetHints":{"allow":["GET"]}}],"collection":[{"href":"https:\/\/singuli.wpress.me\/index.php\/wp-json\/wp\/v2\/product"}],"about":[{"href":"https:\/\/singuli.wpress.me\/index.php\/wp-json\/wp\/v2\/types\/product"}],"version-history":[{"count":0,"href":"https:\/\/singuli.wpress.me\/index.php\/wp-json\/wp\/v2\/product\/40611\/revisions"}],"wp:featuredmedia":[{"embeddable":true,"href":"https:\/\/singuli.wpress.me\/index.php\/wp-json\/wp\/v2\/media\/40612"}],"wp:attachment":[{"href":"https:\/\/singuli.wpress.me\/index.php\/wp-json\/wp\/v2\/media?parent=40611"}],"wp:term":[{"taxonomy":"product_brand","embeddable":true,"href":"https:\/\/singuli.wpress.me\/index.php\/wp-json\/wp\/v2\/product_brand?post=40611"},{"taxonomy":"product_cat","embeddable":true,"href":"https:\/\/singuli.wpress.me\/index.php\/wp-json\/wp\/v2\/product_cat?post=40611"},{"taxonomy":"product_tag","embeddable":true,"href":"https:\/\/singuli.wpress.me\/index.php\/wp-json\/wp\/v2\/product_tag?post=40611"}],"curies":[{"name":"wp","href":"https:\/\/api.w.org\/{rel}","templated":true}]}}