{"id":40614,"date":"2026-04-19T02:32:30","date_gmt":"2026-04-19T02:32:30","guid":{"rendered":"https:\/\/singuli.wpress.me\/index.php\/proizvod\/paclan-spuzvica-super-sponge-3-1\/"},"modified":"2026-04-21T00:27:03","modified_gmt":"2026-04-21T00:27:03","slug":"paclan-spuzvica-super-sponge-3-1","status":"publish","type":"product","link":"https:\/\/singuli.wpress.me\/index.php\/proizvod\/paclan-spuzvica-super-sponge-3-1\/","title":{"rendered":"PACLAN, spu\u017evica, Super Sponge 3\/1"},"content":{"rendered":"<p>Spu\u017evica za su\u0111e &#8211; 3 komada u pakiranju. Znamo da ne volite pranje. Nitko to ne voli. Ponekad to morate u\u010diniti, pa zato bolje koristite spu\u017evice, koje \u0107e to u\u010diniti na najbolji mogu\u0107i na\u010din. Posebne spu\u017evice \u010dine pranje br\u017eim. <\/p>\n","protected":false},"excerpt":{"rendered":"<p>3 komada u pakiranju<br \/>\nZa jednostavno kori\u0161tenje<br \/>\nGruba i meka strana za optimalno \u010di\u0161\u0107enje<\/p>\n","protected":false},"featured_media":40615,"template":"","meta":{"_seopress_robots_primary_cat":"","_seopress_titles_title":"","_seopress_titles_desc":"","_seopress_robots_index":"","iawp_total_views":0},"product_brand":[474],"product_cat":[274,238],"product_tag":[],"class_list":{"0":"post-40614","1":"product","2":"type-product","3":"status-publish","4":"has-post-thumbnail","6":"product_brand-paclan","7":"product_cat-kucanski-pribor-238","8":"product_cat-sve-za-dom","10":"first","11":"instock","12":"shipping-taxable","13":"purchasable","14":"product-type-simple"},"_links":{"self":[{"href":"https:\/\/singuli.wpress.me\/index.php\/wp-json\/wp\/v2\/product\/40614","targetHints":{"allow":["GET"]}}],"collection":[{"href":"https:\/\/singuli.wpress.me\/index.php\/wp-json\/wp\/v2\/product"}],"about":[{"href":"https:\/\/singuli.wpress.me\/index.php\/wp-json\/wp\/v2\/types\/product"}],"version-history":[{"count":0,"href":"https:\/\/singuli.wpress.me\/index.php\/wp-json\/wp\/v2\/product\/40614\/revisions"}],"wp:featuredmedia":[{"embeddable":true,"href":"https:\/\/singuli.wpress.me\/index.php\/wp-json\/wp\/v2\/media\/40615"}],"wp:attachment":[{"href":"https:\/\/singuli.wpress.me\/index.php\/wp-json\/wp\/v2\/media?parent=40614"}],"wp:term":[{"taxonomy":"product_brand","embeddable":true,"href":"https:\/\/singuli.wpress.me\/index.php\/wp-json\/wp\/v2\/product_brand?post=40614"},{"taxonomy":"product_cat","embeddable":true,"href":"https:\/\/singuli.wpress.me\/index.php\/wp-json\/wp\/v2\/product_cat?post=40614"},{"taxonomy":"product_tag","embeddable":true,"href":"https:\/\/singuli.wpress.me\/index.php\/wp-json\/wp\/v2\/product_tag?post=40614"}],"curies":[{"name":"wp","href":"https:\/\/api.w.org\/{rel}","templated":true}]}}