{"id":40620,"date":"2026-04-19T02:32:32","date_gmt":"2026-04-19T02:32:32","guid":{"rendered":"https:\/\/singuli.wpress.me\/index.php\/proizvod\/dr-oetker-zelatina-mljevena-10-g\/"},"modified":"2026-04-21T00:27:03","modified_gmt":"2026-04-21T00:27:03","slug":"dr-oetker-zelatina-mljevena-10-g","status":"publish","type":"product","link":"https:\/\/singuli.wpress.me\/index.php\/proizvod\/dr-oetker-zelatina-mljevena-10-g\/","title":{"rendered":"DR. OETKER, \u017eelatina mljevena, 10\u00a0g"},"content":{"rendered":"<p>Dr. Oetker \u017eelatina mljevena slu\u017ei za u\u010dvr\u0161\u0107ivanje kremastih torta i kola\u010da, krema i \u017eelatinastih slatkih i slanih jela. <\/p>\n<p>Dvije su mogu\u0107nosti pripreme: <br \/>\n1.Pomije\u0161ajte sadr\u017eaj omota sa 4 \u017elice hladne teku\u0107ine i ostavite da nabubri. Zatim\u00a0 zagrijavajte do potpunog otapanja i malo ohladite prije daljnje uporabe. <br \/>\n2.Drugi na\u010din je da se nakon bubrenja umije\u0161a u 500 ml tople teku\u0107ine i mije\u0161a do potpunog otapanja. <\/p>\n<p>Jedan omot dovoljan je za 500 ml teku\u0107ine i odgovara koli\u010dini od 6 listi\u0107a Dr. Oetker \u017delatine u listi\u0107ima. <\/p>\n<p>NAPOMENA: \u017delatina ne uspijeva sa svje\u017eim ananasom, kivijem, papajom i smokvom.<\/p>\n<p><span style=\"font-weight: bold\">Skladi\u0161tenje<\/span>:\u00a0\u010cuvati na hladnom i suhom mjestu<\/p>\n","protected":false},"excerpt":{"rendered":"<p>U\u010dvr\u0161\u010divanje raznih delicija<br \/>\nDvije mogu\u0107nosti pripreme<br \/>\nIzvrsna kvaliteta<\/p>\n","protected":false},"featured_media":40621,"template":"","meta":{"_seopress_robots_primary_cat":"","_seopress_titles_title":"","_seopress_titles_desc":"","_seopress_robots_index":"","iawp_total_views":0},"product_brand":[328],"product_cat":[261,270],"product_tag":[],"class_list":{"0":"post-40620","1":"product","2":"type-product","3":"status-publish","4":"has-post-thumbnail","6":"product_brand-dr-oetker","7":"product_cat-hrana-i-pice","8":"product_cat-slasticarstvo-261","10":"first","11":"outofstock","12":"shipping-taxable","13":"purchasable","14":"product-type-simple"},"_links":{"self":[{"href":"https:\/\/singuli.wpress.me\/index.php\/wp-json\/wp\/v2\/product\/40620","targetHints":{"allow":["GET"]}}],"collection":[{"href":"https:\/\/singuli.wpress.me\/index.php\/wp-json\/wp\/v2\/product"}],"about":[{"href":"https:\/\/singuli.wpress.me\/index.php\/wp-json\/wp\/v2\/types\/product"}],"version-history":[{"count":0,"href":"https:\/\/singuli.wpress.me\/index.php\/wp-json\/wp\/v2\/product\/40620\/revisions"}],"wp:featuredmedia":[{"embeddable":true,"href":"https:\/\/singuli.wpress.me\/index.php\/wp-json\/wp\/v2\/media\/40621"}],"wp:attachment":[{"href":"https:\/\/singuli.wpress.me\/index.php\/wp-json\/wp\/v2\/media?parent=40620"}],"wp:term":[{"taxonomy":"product_brand","embeddable":true,"href":"https:\/\/singuli.wpress.me\/index.php\/wp-json\/wp\/v2\/product_brand?post=40620"},{"taxonomy":"product_cat","embeddable":true,"href":"https:\/\/singuli.wpress.me\/index.php\/wp-json\/wp\/v2\/product_cat?post=40620"},{"taxonomy":"product_tag","embeddable":true,"href":"https:\/\/singuli.wpress.me\/index.php\/wp-json\/wp\/v2\/product_tag?post=40620"}],"curies":[{"name":"wp","href":"https:\/\/api.w.org\/{rel}","templated":true}]}}