{"id":40624,"date":"2026-04-19T02:32:33","date_gmt":"2026-04-19T02:32:33","guid":{"rendered":"https:\/\/singuli.wpress.me\/index.php\/proizvod\/domo-do2309i-aparat-za-pripremu-sladoleda\/"},"modified":"2026-04-20T12:33:32","modified_gmt":"2026-04-20T12:33:32","slug":"domo-do2309i-aparat-za-pripremu-sladoleda","status":"publish","type":"product","link":"https:\/\/singuli.wpress.me\/index.php\/proizvod\/domo-do2309i-aparat-za-pripremu-sladoleda\/","title":{"rendered":"DOMO DO2309I, aparat za pripremu sladoleda"},"content":{"rendered":"<p>S Domo DO2309I aparatom za sladoled mo\u017eete u\u017eivati \u200b\u200bu svje\u017ee pripremljenom sladoledu svaki dan. Posuda za zamrzavanje se mo\u017ee izvaditi iu njoj mo\u017eete napraviti 1 litru sladoleda. Kada su svi sastojci u posudi, uklju\u010dite aparat pritiskom na samo jednu tipku. Zahvaljuju\u0107i prozirnom poklopcu mo\u017eete lako pratiti proces pripreme. Opremljen je i dodatnim otvorom za dodavanje sastojaka, gdje mo\u017eete jednostavno dodati dodatne sastojke poput \u010dokolade ili ora\u0161astih plodova.<\/p>\n","protected":false},"excerpt":{"rendered":"<p>Kompaktan ure\u0111aj za pripremu do 1 l sladoleda<br \/>\nOdvojivi spremnik<br \/>\nProzirni poklopac s rupom za punjenje<\/p>\n","protected":false},"featured_media":40625,"template":"","meta":{"_seopress_robots_primary_cat":"","_seopress_titles_title":"","_seopress_titles_desc":"","_seopress_robots_index":"","iawp_total_views":0},"product_brand":[255],"product_cat":[266,265,160],"product_tag":[],"class_list":{"0":"post-40624","1":"product","2":"type-product","3":"status-publish","4":"has-post-thumbnail","6":"product_brand-domo","7":"product_cat-aparati-za-kuhanje-265","8":"product_cat-kuhinjski-aparati-160","9":"product_cat-mali-kucanski-aparati","11":"first","12":"outofstock","13":"shipping-taxable","14":"purchasable","15":"product-type-simple"},"_links":{"self":[{"href":"https:\/\/singuli.wpress.me\/index.php\/wp-json\/wp\/v2\/product\/40624","targetHints":{"allow":["GET"]}}],"collection":[{"href":"https:\/\/singuli.wpress.me\/index.php\/wp-json\/wp\/v2\/product"}],"about":[{"href":"https:\/\/singuli.wpress.me\/index.php\/wp-json\/wp\/v2\/types\/product"}],"version-history":[{"count":0,"href":"https:\/\/singuli.wpress.me\/index.php\/wp-json\/wp\/v2\/product\/40624\/revisions"}],"wp:featuredmedia":[{"embeddable":true,"href":"https:\/\/singuli.wpress.me\/index.php\/wp-json\/wp\/v2\/media\/40625"}],"wp:attachment":[{"href":"https:\/\/singuli.wpress.me\/index.php\/wp-json\/wp\/v2\/media?parent=40624"}],"wp:term":[{"taxonomy":"product_brand","embeddable":true,"href":"https:\/\/singuli.wpress.me\/index.php\/wp-json\/wp\/v2\/product_brand?post=40624"},{"taxonomy":"product_cat","embeddable":true,"href":"https:\/\/singuli.wpress.me\/index.php\/wp-json\/wp\/v2\/product_cat?post=40624"},{"taxonomy":"product_tag","embeddable":true,"href":"https:\/\/singuli.wpress.me\/index.php\/wp-json\/wp\/v2\/product_tag?post=40624"}],"curies":[{"name":"wp","href":"https:\/\/api.w.org\/{rel}","templated":true}]}}