{"id":40630,"date":"2026-04-19T02:32:35","date_gmt":"2026-04-19T02:32:35","guid":{"rendered":"https:\/\/singuli.wpress.me\/index.php\/proizvod\/uhu-transparent-ljepljiva-traka-4-x-10m\/"},"modified":"2026-04-20T12:33:32","modified_gmt":"2026-04-20T12:33:32","slug":"uhu-transparent-ljepljiva-traka-4-x-10m","status":"publish","type":"product","link":"https:\/\/singuli.wpress.me\/index.php\/proizvod\/uhu-transparent-ljepljiva-traka-4-x-10m\/","title":{"rendered":"UHU transparent, ljepljiva traka, 4 x 10m"},"content":{"rendered":"<p>Prozirna ljepljiva traka za mnoge zadatke kod ku\u0107e, u \u0161koli i uredu. <\/p>\n<p>Idealno za pri\u010dvr\u0161\u0107ivanje i pakiranje. <\/p>\n<p>Dostupno 7,5 ml ljepljive trake u prakti\u010dnom dr\u017ea\u010du.<\/p>\n","protected":false},"excerpt":{"rendered":"<p>Prozirna ljepljiva traka za mnoge zadatke kod ku\u0107e, u \u0161koli i uredu<br \/>\nIdealno za pri\u010dvr\u0161\u0107ivanje i pakiranje<br \/>\nPrakti\u010dno pakiranje<\/p>\n","protected":false},"featured_media":40631,"template":"","meta":{"_seopress_robots_primary_cat":"","_seopress_titles_title":"","_seopress_titles_desc":"","_seopress_robots_index":"","iawp_total_views":0},"product_brand":[445],"product_cat":[264,238],"product_tag":[],"class_list":{"0":"post-40630","1":"product","2":"type-product","3":"status-publish","4":"has-post-thumbnail","6":"product_brand-uhu","7":"product_cat-ljepila-i-brtvila-238","8":"product_cat-sve-za-dom","10":"first","11":"instock","12":"shipping-taxable","13":"purchasable","14":"product-type-simple"},"_links":{"self":[{"href":"https:\/\/singuli.wpress.me\/index.php\/wp-json\/wp\/v2\/product\/40630","targetHints":{"allow":["GET"]}}],"collection":[{"href":"https:\/\/singuli.wpress.me\/index.php\/wp-json\/wp\/v2\/product"}],"about":[{"href":"https:\/\/singuli.wpress.me\/index.php\/wp-json\/wp\/v2\/types\/product"}],"version-history":[{"count":0,"href":"https:\/\/singuli.wpress.me\/index.php\/wp-json\/wp\/v2\/product\/40630\/revisions"}],"wp:featuredmedia":[{"embeddable":true,"href":"https:\/\/singuli.wpress.me\/index.php\/wp-json\/wp\/v2\/media\/40631"}],"wp:attachment":[{"href":"https:\/\/singuli.wpress.me\/index.php\/wp-json\/wp\/v2\/media?parent=40630"}],"wp:term":[{"taxonomy":"product_brand","embeddable":true,"href":"https:\/\/singuli.wpress.me\/index.php\/wp-json\/wp\/v2\/product_brand?post=40630"},{"taxonomy":"product_cat","embeddable":true,"href":"https:\/\/singuli.wpress.me\/index.php\/wp-json\/wp\/v2\/product_cat?post=40630"},{"taxonomy":"product_tag","embeddable":true,"href":"https:\/\/singuli.wpress.me\/index.php\/wp-json\/wp\/v2\/product_tag?post=40630"}],"curies":[{"name":"wp","href":"https:\/\/api.w.org\/{rel}","templated":true}]}}