{"id":40635,"date":"2026-04-19T15:16:56","date_gmt":"2026-04-19T15:16:56","guid":{"rendered":"https:\/\/singuli.wpress.me\/index.php\/proizvod\/mysella-s5-s-40-biomasa-ulje-za-plinske-motore-209-l\/"},"modified":"2026-04-20T12:33:32","modified_gmt":"2026-04-20T12:33:32","slug":"mysella-s5-s-40-biomasa-ulje-za-plinske-motore-209-l","status":"publish","type":"product","link":"https:\/\/singuli.wpress.me\/index.php\/proizvod\/mysella-s5-s-40-biomasa-ulje-za-plinske-motore-209-l\/","title":{"rendered":"MYSELLA S5 S 40, biomasa \/ ulje za plinske motore, 209\u00a0l"},"content":{"rendered":"<p>Vrhunsko plinsko motorno ulje formulirano za upotrebu u motorima koji rade s kiselim plinovima poput bioplina, deponijskim plinom, plinom za razgradnju. Zahvaljuju\u0107i niskom udjelu pepela minimalizira stvaranje naslaga u komori za izgaranje. Odlikuje ga produljeni \u017eivotni vijek ulja, pru\u017ea za\u0161titu motora. Kompatibilno je s motorima opremljenim ure\u0111ajima za emisije ispu\u0161nih plinova za CO, NOx i formaldehid. U motorima koji koriste recirkulaciju ispu\u0161nih plinova ku\u0107i\u0161ta radilice smanjuje zaga\u0111enje i za\u010depljenje hladnjaka zraka.<\/p>\n<p>Specifikacija: INNIO Jenbacher za motore: tip verzija 6 C i E, tip 4 verzija A, B i D te tipovi 2 i 3-za klasu goriva B i C; MAN T&amp;B M-3271-2 (prirodni plin) i M-3271-4 (posebni plin), MAN Standard M 3271-5; MTU Serija 400: bioplin, deponijski plin\/kiseli plinovi; MWM plinski motori: TR2105; 2G agenitor serije 2, 3 i 4; Tedom: bioplin, deponijski plin i kiseli plinovi; Caterpillar CG132, CG170, CG260-TR 2105, Ispunjava zahtjeve: Waukesha drugi tipovi plinskih motora i Caterpilllar stacionarni plinski motori.<\/p>\n","protected":false},"excerpt":{"rendered":"<p>Plinsko motorno ulje za upotrebu u motorima koji rade s  kiselim plinovima<br \/>\nNiski udio pepela<br \/>\nSmanjuje zaga\u0111enje i za\u010depljenje hladnjaka zraka<\/p>\n","protected":false},"featured_media":40636,"template":"","meta":{"_seopress_robots_primary_cat":"","_seopress_titles_title":"","_seopress_titles_desc":"","_seopress_robots_index":"","iawp_total_views":0},"product_brand":[854],"product_cat":[243,276],"product_tag":[],"class_list":{"0":"post-40635","1":"product","2":"type-product","3":"status-publish","4":"has-post-thumbnail","6":"product_brand-mysella","7":"product_cat-automobili-i-motori","8":"product_cat-industrijska-i-specijalna-ulja-243","10":"first","11":"instock","12":"shipping-taxable","13":"purchasable","14":"product-type-simple"},"_links":{"self":[{"href":"https:\/\/singuli.wpress.me\/index.php\/wp-json\/wp\/v2\/product\/40635","targetHints":{"allow":["GET"]}}],"collection":[{"href":"https:\/\/singuli.wpress.me\/index.php\/wp-json\/wp\/v2\/product"}],"about":[{"href":"https:\/\/singuli.wpress.me\/index.php\/wp-json\/wp\/v2\/types\/product"}],"version-history":[{"count":0,"href":"https:\/\/singuli.wpress.me\/index.php\/wp-json\/wp\/v2\/product\/40635\/revisions"}],"wp:featuredmedia":[{"embeddable":true,"href":"https:\/\/singuli.wpress.me\/index.php\/wp-json\/wp\/v2\/media\/40636"}],"wp:attachment":[{"href":"https:\/\/singuli.wpress.me\/index.php\/wp-json\/wp\/v2\/media?parent=40635"}],"wp:term":[{"taxonomy":"product_brand","embeddable":true,"href":"https:\/\/singuli.wpress.me\/index.php\/wp-json\/wp\/v2\/product_brand?post=40635"},{"taxonomy":"product_cat","embeddable":true,"href":"https:\/\/singuli.wpress.me\/index.php\/wp-json\/wp\/v2\/product_cat?post=40635"},{"taxonomy":"product_tag","embeddable":true,"href":"https:\/\/singuli.wpress.me\/index.php\/wp-json\/wp\/v2\/product_tag?post=40635"}],"curies":[{"name":"wp","href":"https:\/\/api.w.org\/{rel}","templated":true}]}}