{"id":40637,"date":"2026-04-19T15:16:57","date_gmt":"2026-04-19T15:16:57","guid":{"rendered":"https:\/\/singuli.wpress.me\/index.php\/proizvod\/laica-fast-disk-filter-6-kom\/"},"modified":"2026-04-20T12:33:32","modified_gmt":"2026-04-20T12:33:32","slug":"laica-fast-disk-filter-6-kom","status":"publish","type":"product","link":"https:\/\/singuli.wpress.me\/index.php\/proizvod\/laica-fast-disk-filter-6-kom\/","title":{"rendered":"LAICA Fast Disk, filter, 6\u00a0kom"},"content":{"rendered":"<p>Laica, specijalizirana za sustave ku\u0107ne filtracije ve\u0107 vi\u0161e od trideset godina, kreirala je inovativni filter s aktivnim ugljenom Fast Disk koji omogu\u0107uje trenutnu filtraciju vode. <\/p>\n<p>Filtar Fast Disk je ekolo\u0161ko i ekonomi\u010dno rje\u0161enje za svakodnevnu hidrataciju, pogodno za one koji \u017eele piti vodu dobrog okusa iz udobnosti svog doma i izbje\u0107i kori\u0161tenje jednokratne boce.<\/p>\n","protected":false},"excerpt":{"rendered":"<p>Zadr\u017eava mineralne soli<br \/>\nZa sve koji \u017eele piti vodu dobrog okusa iz udobnosti svog doma.<br \/>\nTehnologija filtra s aktivnim ugljenom.<\/p>\n","protected":false},"featured_media":40638,"template":"","meta":{"_seopress_robots_primary_cat":"","_seopress_titles_title":"","_seopress_titles_desc":"","_seopress_robots_index":"","iawp_total_views":0},"product_brand":[148],"product_cat":[274,238],"product_tag":[],"class_list":{"0":"post-40637","1":"product","2":"type-product","3":"status-publish","4":"has-post-thumbnail","6":"product_brand-laica","7":"product_cat-kucanski-pribor-238","8":"product_cat-sve-za-dom","10":"first","11":"outofstock","12":"shipping-taxable","13":"purchasable","14":"product-type-simple"},"_links":{"self":[{"href":"https:\/\/singuli.wpress.me\/index.php\/wp-json\/wp\/v2\/product\/40637","targetHints":{"allow":["GET"]}}],"collection":[{"href":"https:\/\/singuli.wpress.me\/index.php\/wp-json\/wp\/v2\/product"}],"about":[{"href":"https:\/\/singuli.wpress.me\/index.php\/wp-json\/wp\/v2\/types\/product"}],"version-history":[{"count":0,"href":"https:\/\/singuli.wpress.me\/index.php\/wp-json\/wp\/v2\/product\/40637\/revisions"}],"wp:featuredmedia":[{"embeddable":true,"href":"https:\/\/singuli.wpress.me\/index.php\/wp-json\/wp\/v2\/media\/40638"}],"wp:attachment":[{"href":"https:\/\/singuli.wpress.me\/index.php\/wp-json\/wp\/v2\/media?parent=40637"}],"wp:term":[{"taxonomy":"product_brand","embeddable":true,"href":"https:\/\/singuli.wpress.me\/index.php\/wp-json\/wp\/v2\/product_brand?post=40637"},{"taxonomy":"product_cat","embeddable":true,"href":"https:\/\/singuli.wpress.me\/index.php\/wp-json\/wp\/v2\/product_cat?post=40637"},{"taxonomy":"product_tag","embeddable":true,"href":"https:\/\/singuli.wpress.me\/index.php\/wp-json\/wp\/v2\/product_tag?post=40637"}],"curies":[{"name":"wp","href":"https:\/\/api.w.org\/{rel}","templated":true}]}}