{"id":40645,"date":"2026-04-19T15:16:58","date_gmt":"2026-04-19T15:16:58","guid":{"rendered":"https:\/\/singuli.wpress.me\/index.php\/proizvod\/wellaflex-curlswaves-jacina-3-5-pjena-za-kosu-200-ml\/"},"modified":"2026-04-20T12:33:32","modified_gmt":"2026-04-20T12:33:32","slug":"wellaflex-curlswaves-jacina-3-5-pjena-za-kosu-200-ml","status":"publish","type":"product","link":"https:\/\/singuli.wpress.me\/index.php\/proizvod\/wellaflex-curlswaves-jacina-3-5-pjena-za-kosu-200-ml\/","title":{"rendered":"WELLAFLEX Curls&amp;Waves, ja\u010dina 3\/5, pjena za kosu, 200\u00a0ml"},"content":{"rendered":"<p>Preparat za u\u010dvr\u0161\u0107ivanje <span style=\"font-weight: bold\">Wella Wellaflex Curl<\/span> va\u0161oj frizuri pru\u017eit \u0107e \u017eeljeni oblik i volumen.<\/p>\n<p><span style=\"font-weight: bold\">Svojstva:<\/span><br \/>\n&#8211; Fiksira frizuru<br \/>\n&#8211; Brz i jednostavan styling<br \/>\n&#8211; Za neodoljive valove<br \/>\n&#8211; Osigurava elasti\u010dnost kose<\/p>\n<p><span style=\"font-weight: bold\">Na\u010din upotrebe:<\/span><br \/>\nPrije uporabe dobro protresite. Nanesite na mokru kosu. Uredite na \u017eeljeni na\u010din.<\/p>\n<p>Iskoristite svaki trenutak s punim povjerenjem i pobrinite se da va\u0161 izgled uvijek bude na mjestu, zahvaljuju\u0107i \u0161irokoj ponudi Wellaflex proizvoda za oblikovanje. Stvorena da naglasi va\u0161u prirodnu ljepotu i podigne va\u0161 individualni stil, Wellaflex Curls &amp; Waves pjena s FlexCurl formulom daje va\u0161oj kovr\u010davoj i valovitoj kosi dugotrajnu elasti\u010dnost. Osim toga, ova pjena za sna\u017eno u\u010dvr\u0161\u0107ivanje formulirana je s FlexActive tehnologijom kako bi vam pru\u017eila 3 najtra\u017eenija znaka prirodne, fleksibilne frizure. Zaljubite se u nje\u017eni dodir kose i postignite pouzdano u\u010dvr\u0161\u0107ivanje koje \u0107e va\u0161u frizuru odr\u017eati netaknutom do 24 sata, bez gubitka fleksibilnosti dopu\u0161taju\u0107i va\u0161oj kosi slobodno kretanje. Prakti\u010dan za nano\u0161enje i jednostavan za ra\u0161\u010de\u0161ljavanje, Wellaflex Curls &amp; Waves savr\u0161eno je rje\u0161enje za brzo popravljanje. Tako\u0111er poma\u017ee u pru\u017eanju UV za\u0161tite, tako da \u0107e va\u0161a kosa izgledati lijepo, prirodno i zdravo svaki dan.<\/p>\n","protected":false},"excerpt":{"rendered":"<p>Osigurajte dugotrajnu elasti\u010dnost i elasti\u010dnost svojih kovr\u010da<br \/>\nDugotrajna fleksibilnost koja va\u0161oj kosi omogu\u0107uje slobodno kretanje<br \/>\nSna\u017eno dr\u017eanje: 3\/5<\/p>\n","protected":false},"featured_media":40646,"template":"","meta":{"_seopress_robots_primary_cat":"","_seopress_titles_title":"","_seopress_titles_desc":"","_seopress_robots_index":"","iawp_total_views":0},"product_brand":[841],"product_cat":[268,300],"product_tag":[],"class_list":{"0":"post-40645","1":"product","2":"type-product","3":"status-publish","4":"has-post-thumbnail","6":"product_brand-wellaflex","7":"product_cat-kozmetika-2","8":"product_cat-njega-kose-268","10":"first","11":"outofstock","12":"shipping-taxable","13":"purchasable","14":"product-type-simple"},"_links":{"self":[{"href":"https:\/\/singuli.wpress.me\/index.php\/wp-json\/wp\/v2\/product\/40645","targetHints":{"allow":["GET"]}}],"collection":[{"href":"https:\/\/singuli.wpress.me\/index.php\/wp-json\/wp\/v2\/product"}],"about":[{"href":"https:\/\/singuli.wpress.me\/index.php\/wp-json\/wp\/v2\/types\/product"}],"version-history":[{"count":0,"href":"https:\/\/singuli.wpress.me\/index.php\/wp-json\/wp\/v2\/product\/40645\/revisions"}],"wp:featuredmedia":[{"embeddable":true,"href":"https:\/\/singuli.wpress.me\/index.php\/wp-json\/wp\/v2\/media\/40646"}],"wp:attachment":[{"href":"https:\/\/singuli.wpress.me\/index.php\/wp-json\/wp\/v2\/media?parent=40645"}],"wp:term":[{"taxonomy":"product_brand","embeddable":true,"href":"https:\/\/singuli.wpress.me\/index.php\/wp-json\/wp\/v2\/product_brand?post=40645"},{"taxonomy":"product_cat","embeddable":true,"href":"https:\/\/singuli.wpress.me\/index.php\/wp-json\/wp\/v2\/product_cat?post=40645"},{"taxonomy":"product_tag","embeddable":true,"href":"https:\/\/singuli.wpress.me\/index.php\/wp-json\/wp\/v2\/product_tag?post=40645"}],"curies":[{"name":"wp","href":"https:\/\/api.w.org\/{rel}","templated":true}]}}