{"id":40651,"date":"2026-04-19T15:17:01","date_gmt":"2026-04-19T15:17:01","guid":{"rendered":"https:\/\/singuli.wpress.me\/index.php\/proizvod\/old-spice-deep-sea-gel-za-tusiranje-400-ml\/"},"modified":"2026-04-20T12:33:32","modified_gmt":"2026-04-20T12:33:32","slug":"old-spice-deep-sea-gel-za-tusiranje-400-ml","status":"publish","type":"product","link":"https:\/\/singuli.wpress.me\/index.php\/proizvod\/old-spice-deep-sea-gel-za-tusiranje-400-ml\/","title":{"rendered":"OLD SPICE Deep Sea, gel za tu\u0161iranje, 400\u00a0ml"},"content":{"rendered":"<p>Najbolji mirisi na svijetu su oni koje jo\u0161 nisi isprobao. Mo\u017eda je to to\u010dno, mo\u017eda i nije, ali suprotno se ne mo\u017ee dokazati pa nemoj ni poku\u0161avati. Zato smo potra\u017eili svje\u017einu morskih dubina na jednom od najudaljenijih mjesta na Zemlji. Stvarno ti do\u0111e da se zapita\u0161 je li itko ikad ranije pomirisao dno mora. Ono je strogo, ali pravedno, a miri\u0161e na citruse i cvije\u0107e koji rastu uz obalu. <\/p>\n<p>Gel za tu\u0161iranje Old Spice \u010disti tvoju ko\u017eu tako da iz tu\u0161a izlazi\u0161 kao novi mu\u0161karac. <\/p>\n<p>Donesi tako sa sobom miris svojih pustolovina ili zamiri\u0161i poput pustolovina koje jo\u0161 nisi pro\u017eivio. Mi te ne\u0107emo osu\u0111ivati niti ti zamjerati. Samo budi svoj.<\/p>\n","protected":false},"excerpt":{"rendered":"<p>Mo\u0107an mu\u017eevan miris<br \/>\nOsvje\u017eavaju\u0107a pjena ispire prljav\u0161tinu i neugodne mirise<br \/>\nHidratantna formula<\/p>\n","protected":false},"featured_media":40652,"template":"","meta":{"_seopress_robots_primary_cat":"","_seopress_titles_title":"","_seopress_titles_desc":"","_seopress_robots_index":"","iawp_total_views":0},"product_brand":[448],"product_cat":[268,278],"product_tag":[],"class_list":{"0":"post-40651","1":"product","2":"type-product","3":"status-publish","4":"has-post-thumbnail","6":"product_brand-old-spice","7":"product_cat-kozmetika-2","8":"product_cat-njega-tijela-268","10":"first","11":"instock","12":"shipping-taxable","13":"purchasable","14":"product-type-simple"},"_links":{"self":[{"href":"https:\/\/singuli.wpress.me\/index.php\/wp-json\/wp\/v2\/product\/40651","targetHints":{"allow":["GET"]}}],"collection":[{"href":"https:\/\/singuli.wpress.me\/index.php\/wp-json\/wp\/v2\/product"}],"about":[{"href":"https:\/\/singuli.wpress.me\/index.php\/wp-json\/wp\/v2\/types\/product"}],"version-history":[{"count":0,"href":"https:\/\/singuli.wpress.me\/index.php\/wp-json\/wp\/v2\/product\/40651\/revisions"}],"wp:featuredmedia":[{"embeddable":true,"href":"https:\/\/singuli.wpress.me\/index.php\/wp-json\/wp\/v2\/media\/40652"}],"wp:attachment":[{"href":"https:\/\/singuli.wpress.me\/index.php\/wp-json\/wp\/v2\/media?parent=40651"}],"wp:term":[{"taxonomy":"product_brand","embeddable":true,"href":"https:\/\/singuli.wpress.me\/index.php\/wp-json\/wp\/v2\/product_brand?post=40651"},{"taxonomy":"product_cat","embeddable":true,"href":"https:\/\/singuli.wpress.me\/index.php\/wp-json\/wp\/v2\/product_cat?post=40651"},{"taxonomy":"product_tag","embeddable":true,"href":"https:\/\/singuli.wpress.me\/index.php\/wp-json\/wp\/v2\/product_tag?post=40651"}],"curies":[{"name":"wp","href":"https:\/\/api.w.org\/{rel}","templated":true}]}}