{"id":40676,"date":"2026-04-19T15:17:10","date_gmt":"2026-04-19T15:17:10","guid":{"rendered":"https:\/\/singuli.wpress.me\/index.php\/proizvod\/uhu-renature-ljepilo-u-stiku-21-g\/"},"modified":"2026-04-21T00:27:04","modified_gmt":"2026-04-21T00:27:04","slug":"uhu-renature-ljepilo-u-stiku-21-g","status":"publish","type":"product","link":"https:\/\/singuli.wpress.me\/index.php\/proizvod\/uhu-renature-ljepilo-u-stiku-21-g\/","title":{"rendered":"UHU Renature, ljepilo u stiku, 21\u00a0g"},"content":{"rendered":"<p>Kontaktno ljepilo proizvedeno u Njema\u010dkoj sa spremnikom od 58% biljnih sirovina. <\/p>\n<p>Smanjuje emisije CO2 i smanjuje potro\u0161nju fosilnih resursa. <\/p>\n<p>S jedinstvenim poklopcem na odvrtanje koji sprje\u010dava isu\u0161ivanje ljepila. <\/p>\n<p>Formula ljepila sadr\u017ei 98% prirodnih sastojaka (uklju\u010duju\u0107i vodu) i ne sadr\u017ei otapala. <\/p>\n<p>Sna\u017eno prianja, brzo i postojano, glatko klizi, vrlo je u\u010dinkovit i, naravno, pogodan za hladno pranje. <\/p>\n<p>Pogodno za lijepljenje papira, kartona, fotografija, stiropora (ekspandirani polistiren), naljepnica, tekstila itd.<\/p>\n","protected":false},"excerpt":{"rendered":"<p>Bez otapala, sastoji se od 98% prirodnih sastojaka<br \/>\nLijepi sna\u017eno, brzo i trajno<br \/>\nS poklopcem na odvrtanje koji sprje\u010dava isu\u0161ivanje ljepila<\/p>\n","protected":false},"featured_media":40677,"template":"","meta":{"_seopress_robots_primary_cat":"","_seopress_titles_title":"","_seopress_titles_desc":"","_seopress_robots_index":"","iawp_total_views":0},"product_brand":[445],"product_cat":[264,238],"product_tag":[],"class_list":{"0":"post-40676","1":"product","2":"type-product","3":"status-publish","4":"has-post-thumbnail","6":"product_brand-uhu","7":"product_cat-ljepila-i-brtvila-238","8":"product_cat-sve-za-dom","10":"first","11":"instock","12":"shipping-taxable","13":"purchasable","14":"product-type-simple"},"_links":{"self":[{"href":"https:\/\/singuli.wpress.me\/index.php\/wp-json\/wp\/v2\/product\/40676","targetHints":{"allow":["GET"]}}],"collection":[{"href":"https:\/\/singuli.wpress.me\/index.php\/wp-json\/wp\/v2\/product"}],"about":[{"href":"https:\/\/singuli.wpress.me\/index.php\/wp-json\/wp\/v2\/types\/product"}],"version-history":[{"count":0,"href":"https:\/\/singuli.wpress.me\/index.php\/wp-json\/wp\/v2\/product\/40676\/revisions"}],"wp:featuredmedia":[{"embeddable":true,"href":"https:\/\/singuli.wpress.me\/index.php\/wp-json\/wp\/v2\/media\/40677"}],"wp:attachment":[{"href":"https:\/\/singuli.wpress.me\/index.php\/wp-json\/wp\/v2\/media?parent=40676"}],"wp:term":[{"taxonomy":"product_brand","embeddable":true,"href":"https:\/\/singuli.wpress.me\/index.php\/wp-json\/wp\/v2\/product_brand?post=40676"},{"taxonomy":"product_cat","embeddable":true,"href":"https:\/\/singuli.wpress.me\/index.php\/wp-json\/wp\/v2\/product_cat?post=40676"},{"taxonomy":"product_tag","embeddable":true,"href":"https:\/\/singuli.wpress.me\/index.php\/wp-json\/wp\/v2\/product_tag?post=40676"}],"curies":[{"name":"wp","href":"https:\/\/api.w.org\/{rel}","templated":true}]}}