{"id":40693,"date":"2026-04-19T15:17:14","date_gmt":"2026-04-19T15:17:14","guid":{"rendered":"https:\/\/singuli.wpress.me\/index.php\/proizvod\/omala-s4-we-220-sinteticko-ulje-za-industrijske-reduktore-209-l\/"},"modified":"2026-04-20T12:33:32","modified_gmt":"2026-04-20T12:33:32","slug":"omala-s4-we-220-sinteticko-ulje-za-industrijske-reduktore-209-l","status":"publish","type":"product","link":"https:\/\/singuli.wpress.me\/index.php\/proizvod\/omala-s4-we-220-sinteticko-ulje-za-industrijske-reduktore-209-l\/","title":{"rendered":"OMALA S4 WE 220, sinteti\u010dko ulje za industrijske reduktore, 209\u00a0l"},"content":{"rendered":"<p>Napredna sinteti\u010dka industrijska zup\u010dani\u010dka ulja namijenjena te\u0161ko optere\u0107enim industrijskim pu\u017enim reduktorima. Proizvedena su kori\u0161tenjem posebno odabranih polialkilen-glikol baznih ulja i aditiva. Pru\u017eaju izvrsne performanse podmazivanja pod te\u0161kim operativnim uvjetima uklju\u010duju\u0107i pobolj\u0161anu energetsku u\u010dinkovitost stroja, dug servisni interval i visoku otpornost prema mikropitingu. Preporu\u010duju se za industrijske pu\u017ene reduktore koji rade u te\u0161kim operativnim uvjetima poput velikih optere\u0107enja, vrlo niskih ili visokih temperatura i velikim promjenama temperatura.<\/p>\n<p><span style=\"font-weight: bold\">Specifikacija: <\/span>DIN 51517-3 (CLP), Odobreno od Bonfiglioli<\/p>\n","protected":false},"excerpt":{"rendered":"<p>Sinteti\u010dko ulje namijenjeno te\u0161ko optere\u0107enim industrijskim pu\u017enim  reduktorima<br \/>\nOtpornost na mikropiting<br \/>\nPru\u017ea izvanredne performanse podmazivanja<\/p>\n","protected":false},"featured_media":40694,"template":"","meta":{"_seopress_robots_primary_cat":"","_seopress_titles_title":"","_seopress_titles_desc":"","_seopress_robots_index":"","iawp_total_views":0},"product_brand":[431],"product_cat":[243,276],"product_tag":[],"class_list":{"0":"post-40693","1":"product","2":"type-product","3":"status-publish","4":"has-post-thumbnail","6":"product_brand-omala","7":"product_cat-automobili-i-motori","8":"product_cat-industrijska-i-specijalna-ulja-243","10":"first","11":"instock","12":"shipping-taxable","13":"purchasable","14":"product-type-simple"},"_links":{"self":[{"href":"https:\/\/singuli.wpress.me\/index.php\/wp-json\/wp\/v2\/product\/40693","targetHints":{"allow":["GET"]}}],"collection":[{"href":"https:\/\/singuli.wpress.me\/index.php\/wp-json\/wp\/v2\/product"}],"about":[{"href":"https:\/\/singuli.wpress.me\/index.php\/wp-json\/wp\/v2\/types\/product"}],"version-history":[{"count":0,"href":"https:\/\/singuli.wpress.me\/index.php\/wp-json\/wp\/v2\/product\/40693\/revisions"}],"wp:featuredmedia":[{"embeddable":true,"href":"https:\/\/singuli.wpress.me\/index.php\/wp-json\/wp\/v2\/media\/40694"}],"wp:attachment":[{"href":"https:\/\/singuli.wpress.me\/index.php\/wp-json\/wp\/v2\/media?parent=40693"}],"wp:term":[{"taxonomy":"product_brand","embeddable":true,"href":"https:\/\/singuli.wpress.me\/index.php\/wp-json\/wp\/v2\/product_brand?post=40693"},{"taxonomy":"product_cat","embeddable":true,"href":"https:\/\/singuli.wpress.me\/index.php\/wp-json\/wp\/v2\/product_cat?post=40693"},{"taxonomy":"product_tag","embeddable":true,"href":"https:\/\/singuli.wpress.me\/index.php\/wp-json\/wp\/v2\/product_tag?post=40693"}],"curies":[{"name":"wp","href":"https:\/\/api.w.org\/{rel}","templated":true}]}}