{"id":40695,"date":"2026-04-19T15:17:15","date_gmt":"2026-04-19T15:17:15","guid":{"rendered":"https:\/\/singuli.wpress.me\/index.php\/proizvod\/twistshake-zdjelica-bijela-6m\/"},"modified":"2026-04-20T12:33:32","modified_gmt":"2026-04-20T12:33:32","slug":"twistshake-zdjelica-bijela-6m","status":"publish","type":"product","link":"https:\/\/singuli.wpress.me\/index.php\/proizvod\/twistshake-zdjelica-bijela-6m\/","title":{"rendered":"TWISTSHAKE, zdjelica, bijela 6+m"},"content":{"rendered":"<p>Zdjelica Twistshake ima pametno dno kojim se sprje\u010dava klizanje tanjura preko stola i tanjur lak\u0161e zadr\u017eava na mjestu. Sa svakim se tanjurom isporu\u010duje koristan poklopac pomo\u0107u kojeg se zdjelica pretvara u posudu za ostatke hrane ili spremanje hrane za odlazak na piknik. Ako imate dva ili vi\u0161e, mo\u017eete ih jednostavno slo\u017eiti radi u\u0161tede prostora zahvaljuju\u0107i pametnoj inovaciji TwistClick kojom se omogu\u0107uje slaganje klikom tanjura jedan na drugi. Tanjur je dizajniran da bude savr\u0161eno uskla\u0111en s asortimanom pribora za jelo marke Twistshake.<\/p>\n","protected":false},"excerpt":{"rendered":"<p>Anti-Slip \u2013 sprje\u010dava klizanje zdjelice sa stola<br \/>\nMogu\u0107e je prati u perilici posu\u0111a &#8211; na gornjoj polici<br \/>\nSigurna za grijanje u mikrovalnoj pe\u0107nici<\/p>\n","protected":false},"featured_media":40696,"template":"","meta":{"_seopress_robots_primary_cat":"","_seopress_titles_title":"","_seopress_titles_desc":"","_seopress_robots_index":"","iawp_total_views":0},"product_brand":[433],"product_cat":[274,238],"product_tag":[],"class_list":{"0":"post-40695","1":"product","2":"type-product","3":"status-publish","4":"has-post-thumbnail","6":"product_brand-twistshake","7":"product_cat-kucanski-pribor-238","8":"product_cat-sve-za-dom","10":"first","11":"instock","12":"shipping-taxable","13":"purchasable","14":"product-type-simple"},"_links":{"self":[{"href":"https:\/\/singuli.wpress.me\/index.php\/wp-json\/wp\/v2\/product\/40695","targetHints":{"allow":["GET"]}}],"collection":[{"href":"https:\/\/singuli.wpress.me\/index.php\/wp-json\/wp\/v2\/product"}],"about":[{"href":"https:\/\/singuli.wpress.me\/index.php\/wp-json\/wp\/v2\/types\/product"}],"version-history":[{"count":0,"href":"https:\/\/singuli.wpress.me\/index.php\/wp-json\/wp\/v2\/product\/40695\/revisions"}],"wp:featuredmedia":[{"embeddable":true,"href":"https:\/\/singuli.wpress.me\/index.php\/wp-json\/wp\/v2\/media\/40696"}],"wp:attachment":[{"href":"https:\/\/singuli.wpress.me\/index.php\/wp-json\/wp\/v2\/media?parent=40695"}],"wp:term":[{"taxonomy":"product_brand","embeddable":true,"href":"https:\/\/singuli.wpress.me\/index.php\/wp-json\/wp\/v2\/product_brand?post=40695"},{"taxonomy":"product_cat","embeddable":true,"href":"https:\/\/singuli.wpress.me\/index.php\/wp-json\/wp\/v2\/product_cat?post=40695"},{"taxonomy":"product_tag","embeddable":true,"href":"https:\/\/singuli.wpress.me\/index.php\/wp-json\/wp\/v2\/product_tag?post=40695"}],"curies":[{"name":"wp","href":"https:\/\/api.w.org\/{rel}","templated":true}]}}