{"id":40703,"date":"2026-04-19T15:17:17","date_gmt":"2026-04-19T15:17:17","guid":{"rendered":"https:\/\/singuli.wpress.me\/index.php\/proizvod\/headshoulders-deep-cleanse-oil-control-sampon-protiv-peruti-300-ml\/"},"modified":"2026-04-20T12:33:32","modified_gmt":"2026-04-20T12:33:32","slug":"headshoulders-deep-cleanse-oil-control-sampon-protiv-peruti-300-ml","status":"publish","type":"product","link":"https:\/\/singuli.wpress.me\/index.php\/proizvod\/headshoulders-deep-cleanse-oil-control-sampon-protiv-peruti-300-ml\/","title":{"rendered":"HEAD&amp;SHOULDERS Deep Cleanse Oil Control, \u0161ampon protiv peruti, 300\u00a0ml"},"content":{"rendered":"<p>\u0160ampon protiv peruti Head &amp; Shoulders Deep Cleanse pru\u017ea na\u0161e najdublje \u010di\u0161\u0107enje vlasi\u0161ta. <\/p>\n<p>Ovaj \u0161ampon za kontrolu masno\u0107e vlasi\u0161ta, oboga\u0107en citrusima, posebno je osmi\u0161ljen da prodre duboko u pore vlasi\u0161ta radi suzbijanja masno\u0107e, ljuskica i svrbe\u017ea. Pritom pru\u017ea osje\u0107aj temeljitog \u010di\u0161\u0107enja, a vlasi\u0161te i kosu ostavlja do 100% bez peruti*. <\/p>\n<p>Njegova formula ne sadr\u017eava silikone, uravnote\u017eenog je pH i oboga\u0107ena je antioksidansima. <\/p>\n<p>Bo\u010dica je izra\u0111ena od 100% reciklirane plastike (osim poklopca i bojila) i mo\u017ee se reciklirati (osim poklopca i ovisno o postrojenjima za recikliranje) <\/p>\n<p>*vidljive ljuskice, uz redovitu upotrebu<\/p>\n","protected":false},"excerpt":{"rendered":"<p>72 sata za\u0161tite od suho\u0107e, svrbe\u017ei i peruti<br \/>\nNapredna formula bez silikona<br \/>\n\u0160ampon je oboga\u0107en citrusima<\/p>\n","protected":false},"featured_media":40704,"template":"","meta":{"_seopress_robots_primary_cat":"","_seopress_titles_title":"","_seopress_titles_desc":"","_seopress_robots_index":"","iawp_total_views":0},"product_brand":[443],"product_cat":[268,300],"product_tag":[],"class_list":{"0":"post-40703","1":"product","2":"type-product","3":"status-publish","4":"has-post-thumbnail","6":"product_brand-headshoulders","7":"product_cat-kozmetika-2","8":"product_cat-njega-kose-268","10":"first","11":"outofstock","12":"shipping-taxable","13":"purchasable","14":"product-type-simple"},"_links":{"self":[{"href":"https:\/\/singuli.wpress.me\/index.php\/wp-json\/wp\/v2\/product\/40703","targetHints":{"allow":["GET"]}}],"collection":[{"href":"https:\/\/singuli.wpress.me\/index.php\/wp-json\/wp\/v2\/product"}],"about":[{"href":"https:\/\/singuli.wpress.me\/index.php\/wp-json\/wp\/v2\/types\/product"}],"version-history":[{"count":0,"href":"https:\/\/singuli.wpress.me\/index.php\/wp-json\/wp\/v2\/product\/40703\/revisions"}],"wp:featuredmedia":[{"embeddable":true,"href":"https:\/\/singuli.wpress.me\/index.php\/wp-json\/wp\/v2\/media\/40704"}],"wp:attachment":[{"href":"https:\/\/singuli.wpress.me\/index.php\/wp-json\/wp\/v2\/media?parent=40703"}],"wp:term":[{"taxonomy":"product_brand","embeddable":true,"href":"https:\/\/singuli.wpress.me\/index.php\/wp-json\/wp\/v2\/product_brand?post=40703"},{"taxonomy":"product_cat","embeddable":true,"href":"https:\/\/singuli.wpress.me\/index.php\/wp-json\/wp\/v2\/product_cat?post=40703"},{"taxonomy":"product_tag","embeddable":true,"href":"https:\/\/singuli.wpress.me\/index.php\/wp-json\/wp\/v2\/product_tag?post=40703"}],"curies":[{"name":"wp","href":"https:\/\/api.w.org\/{rel}","templated":true}]}}