{"id":40708,"date":"2026-04-19T15:17:22","date_gmt":"2026-04-19T15:17:22","guid":{"rendered":"https:\/\/singuli.wpress.me\/index.php\/proizvod\/jacobs-original-instant-napitak-3u1-kutija-20x15-2g\/"},"modified":"2026-04-20T12:33:32","modified_gmt":"2026-04-20T12:33:32","slug":"jacobs-original-instant-napitak-3u1-kutija-20x15-2g","status":"publish","type":"product","link":"https:\/\/singuli.wpress.me\/index.php\/proizvod\/jacobs-original-instant-napitak-3u1-kutija-20x15-2g\/","title":{"rendered":"JACOBS Original, instant napitak, 3u1, kutija 20&#215;15.2g"},"content":{"rendered":"<p>Otkrijte ukusne Jacobs mje\u0161avine kave za sva\u010diji ukus: bilo klasi\u010dnog, intenzivnog ili \u010dokoladnog okusa, bilo u prakti\u010dnoj 2u1 ili 3u1 mje\u0161avini.<\/p>\n<p>Jacobs 3u1 Classic savr\u0161en je kad ste u \u017eurbi, a \u017eelite malo predahnuti.<\/p>\n<p>Uz uravnote\u017eeni okus kave, mlijeka i \u0161e\u0107era, Jacobs 3u1 Classic najbolji je razlog da na kavu pozovete svoje kolege ili prijatelje.<\/p>\n","protected":false},"excerpt":{"rendered":"<p>Instant mje\u0161avina za napitak od kave<br \/>\nNapitak je ugodne arome i nezaboravnog okusa<br \/>\nPriu\u0161tite si \u0161alicu omiljenog Jacobs toplog napitka<\/p>\n","protected":false},"featured_media":40709,"template":"","meta":{"_seopress_robots_primary_cat":"","_seopress_titles_title":"","_seopress_titles_desc":"","_seopress_robots_index":"","iawp_total_views":0},"product_brand":[419],"product_cat":[261,275],"product_tag":[],"class_list":{"0":"post-40708","1":"product","2":"type-product","3":"status-publish","4":"has-post-thumbnail","6":"product_brand-jacobs","7":"product_cat-hrana-i-pice","8":"product_cat-kava-i-cajevi-261","10":"first","11":"outofstock","12":"shipping-taxable","13":"purchasable","14":"product-type-simple"},"_links":{"self":[{"href":"https:\/\/singuli.wpress.me\/index.php\/wp-json\/wp\/v2\/product\/40708","targetHints":{"allow":["GET"]}}],"collection":[{"href":"https:\/\/singuli.wpress.me\/index.php\/wp-json\/wp\/v2\/product"}],"about":[{"href":"https:\/\/singuli.wpress.me\/index.php\/wp-json\/wp\/v2\/types\/product"}],"version-history":[{"count":0,"href":"https:\/\/singuli.wpress.me\/index.php\/wp-json\/wp\/v2\/product\/40708\/revisions"}],"wp:featuredmedia":[{"embeddable":true,"href":"https:\/\/singuli.wpress.me\/index.php\/wp-json\/wp\/v2\/media\/40709"}],"wp:attachment":[{"href":"https:\/\/singuli.wpress.me\/index.php\/wp-json\/wp\/v2\/media?parent=40708"}],"wp:term":[{"taxonomy":"product_brand","embeddable":true,"href":"https:\/\/singuli.wpress.me\/index.php\/wp-json\/wp\/v2\/product_brand?post=40708"},{"taxonomy":"product_cat","embeddable":true,"href":"https:\/\/singuli.wpress.me\/index.php\/wp-json\/wp\/v2\/product_cat?post=40708"},{"taxonomy":"product_tag","embeddable":true,"href":"https:\/\/singuli.wpress.me\/index.php\/wp-json\/wp\/v2\/product_tag?post=40708"}],"curies":[{"name":"wp","href":"https:\/\/api.w.org\/{rel}","templated":true}]}}