{"id":40710,"date":"2026-04-19T15:17:27","date_gmt":"2026-04-19T15:17:27","guid":{"rendered":"https:\/\/singuli.wpress.me\/index.php\/proizvod\/braun-9417s-brijac-srebrni\/"},"modified":"2026-04-21T00:27:04","modified_gmt":"2026-04-21T00:27:04","slug":"braun-9417s-brijac-srebrni","status":"publish","type":"product","link":"https:\/\/singuli.wpress.me\/index.php\/proizvod\/braun-9417s-brijac-srebrni\/","title":{"rendered":"BRAUN 9417s, brija\u010d, srebrni"},"content":{"rendered":"<p>Braun Series 9 Pro 9417s, elektri\u010dni brija\u0107i aparat za mu\u0161karce, glava 4+1 i trimer ProLift, s baterijom koja traje 60 minuta, za mokro i suho brijanje 1, 3 i 7-dnevne brade<\/p>\n<p>Istaknute zna\u010dajke<br \/>\n\u2022 Braunov najbolji brija\u0107i aparat: Series 9 Pro je postao jo\u0161 bolji zahvaljuju\u0107i novoj brija\u0107oj glavi ProHead.<\/p>\n<p>\u2022 U\u010dinkovit i nje\u017ean, bez obzira radi li se o 1, 3 ili 7-dnevnoj bradi: zahvaljuju\u0107i na\u0161em jedinstvenom trimeru ProLift, ovaj elektri\u010dni brija\u0107i aparat za mu\u0161karce s lako\u0107om podi\u017ee i podrezuje problemati\u010dne dla\u010dice.<\/p>\n<p>\u2022 U\u010dinkovitiji** i nje\u017ean: inovativni trimer ProLift i Braunova jedinstvena soni\u010dna tehnologija poma\u017eu da brijanje bude do 10% br\u017ee** te samim time i nje\u017enije.<\/p>\n<p>\u2022 Hvata kompliciranije dla\u010dice na zahtjevnijim podru\u010djima: redizajnirani i pobolj\u0161ani prekida\u010d za preciznost zaklju\u010dava glavu brija\u0107eg aparata za jo\u0161 bolju kontrolu i lak\u0161e hvatanje problemati\u010dnih dla\u010dica.<\/p>\n<p>\u2022 Proizveden u Njema\u010dkoj: ovaj elektri\u010dni brija\u0107i aparat za mu\u0161karce 100% je vodootporan i mo\u017ee se koristiti s pjenom i gelom te \u010dak i pod tu\u0161em.<\/p>\n<p>*testirano u usporedbi s vode\u0107im proizvodima u najvi\u0161em cjenovnom razredu<br \/>\n**u odnosu na dosada\u0161nju liniju Braun Series 9<\/p>\n<p>\nBraunovo najbolje brijanje upravo je postalo jo\u0161 bolje<br \/>\nNa\u0161 dosad najnapredniji brija\u0107i aparat, novi Series 9 Pro, ima inovativnu glavu s 5 brija\u0107ih elemenata kao i novi trimer ProLift dizajniran za nje\u017eno podrezivanje \u010dak i zahtjevnijih dla\u010dica \u2013 bez obzira radi li se o 1, 3 ili 7-dnevnoj bradi.<br \/>\nBraunova jedinstvena soni\u010dna tehnologija s 10.000 mikrovibracija poma\u017ee nje\u017eno uhvatiti vi\u0161e dla\u010dica.  <br \/>\nBraunov najbolji brija\u0107i aparat.* Izuzetno nje\u017ean.<br \/>\nSada sa zna\u010dajno pobolj\u0161anim brija\u0107im performansama.<br \/>\n*testirano u usporedbi s vode\u0107im proizvodima u najvi\u0161em cjenovnom razredu<\/p>\n<p>Obe\u0107anje tehnologije na kojoj po\u010diva Series 9 Pro<br \/>\n\u2022 Podignite svoje brijanje na jo\u0161 vi\u0161u razinu uz pomo\u0107 na\u0161eg dosad najboljeg brija\u0107eg aparata.<br \/>\n\u2022 Superiorno brijanje i intuitivna upotreba, do najsitnijeg detalja.<br \/>\n\u2022 Proizvedeno u Njema\u010dkoj, dizajnirano da traje do 7 godina.<\/p>\n<p>Temeljito, \u010dak i kod guste brade<br \/>\nJedinstveno dizajnirane Braunove mre\u017eice re\u017eu dla\u010dice na duljinu ispod 0,05 mm, a tehnologija AutoSense prilago\u0111ava rad motora gusto\u0107i va\u0161e brade, osiguravaju\u0107i dovoljno snage \u010dak i za najgu\u0161\u0107e brade.<\/p>\n<p>Osvje\u017eavaju\u0107e<br \/>\nNovi Series 9 Pro je 100% vodootporan, pa ga mo\u017eete koristiti s pjenom, gelom ili \u010dak i pod tu\u0161em za nje\u017eno i osvje\u017eavaju\u0107e iskustvo brijanja.<\/p>\n<p>Precizno brijanje<br \/>\nRedizajnirani prekida\u010d za preciznost zaklju\u010dava glavu brija\u0107eg aparata i olak\u0161ava hvatanje kompliciranijih dla\u010dica \u2013 nude\u0107i nenadma\u0161nu preciznost i kontrolu.<\/p>\n<p>Mo\u0107na, dugotrajna baterija<br \/>\nMo\u0107na litij-ionska baterija pru\u017ea do 60 minuta brijanja, a ima i mogu\u0107nost 5-minutnog brzog punjenja za brzinsko brijanje.<\/p>\n<p>Uvijek spreman<br \/>\nKad ste gotovi s brijanjem, samo odlo\u017eite brija\u0107i aparat na postolje za punjenje tako da uvijek bude pun i spreman za akciju.<\/p>\n<p>\nOpis proizvoda<br \/>\nBraunov najbolji brija\u0107i aparat dolazi u novoj, jo\u0161 boljoj verziji. Novi Series 9 Pro u\u010dinkovit je i nje\u017ean, bez obzira brijete li 1, 3 ili 7-dnevnu bradu. Njegov jedinstveni trimer ProLift podi\u017ee i podrezuje duge i polegnute dla\u010dice. Brija\u0107i aparat lako hvata \u010dak i problemati\u010dne dla\u010dice zahvaljuju\u0107i redizajniranom prekida\u010du za preciznost koji je posebno koristan za zahtjevnija mjesta. 100% vodootporan do 5 m, ovaj elektri\u010dni brija\u0107i aparat za mu\u0161karce mo\u017ee se koristiti za mokro i za suho brijanje.  <\/p>\n<p>Sadr\u017eaj pakiranja:<br \/>\n1x elektri\u010dni brija\u0107i aparat<br \/>\n1x postolje za punjenje<br \/>\n1x putni etui<br \/>\n1x \u010detkica za \u010di\u0161\u0107enje<br \/>\n1x kabel za punjenje<br \/>\n1x korisni\u010dki priru\u010dnik<\/p>\n","protected":false},"excerpt":{"rendered":"<p>U\u010dinkovito i nje\u017eno za brade od 1, 3 ili 7 dana<br \/>\nInovativni trimer ProLift i zvu\u010dna tehnologija poma\u017eu pri brijanju do 10% br\u017ee i osiguravaju nje\u017eno brijanje<br \/>\nNovi Series 9 Pro je 100% vodootporan, pa ga mo\u017eete koristiti s pjenom, gelom ili \u010dak i pod tu\u0161em za nje\u017eno i osvje\u017eavaju\u0107e iskustvo brijanja<\/p>\n","protected":false},"featured_media":40711,"template":"","meta":{"_seopress_robots_primary_cat":"","_seopress_titles_title":"","_seopress_titles_desc":"","_seopress_robots_index":"","iawp_total_views":0},"product_brand":[144],"product_cat":[280,192,279],"product_tag":[],"class_list":{"0":"post-40710","1":"product","2":"type-product","3":"status-publish","4":"has-post-thumbnail","6":"product_brand-braun","7":"product_cat-aparati-za-muskarce-279","8":"product_cat-aparati-za-osobnu-njegu","9":"product_cat-brijanje-i-sisanje-192","11":"first","12":"outofstock","13":"shipping-taxable","14":"purchasable","15":"product-type-simple"},"_links":{"self":[{"href":"https:\/\/singuli.wpress.me\/index.php\/wp-json\/wp\/v2\/product\/40710","targetHints":{"allow":["GET"]}}],"collection":[{"href":"https:\/\/singuli.wpress.me\/index.php\/wp-json\/wp\/v2\/product"}],"about":[{"href":"https:\/\/singuli.wpress.me\/index.php\/wp-json\/wp\/v2\/types\/product"}],"version-history":[{"count":0,"href":"https:\/\/singuli.wpress.me\/index.php\/wp-json\/wp\/v2\/product\/40710\/revisions"}],"wp:featuredmedia":[{"embeddable":true,"href":"https:\/\/singuli.wpress.me\/index.php\/wp-json\/wp\/v2\/media\/40711"}],"wp:attachment":[{"href":"https:\/\/singuli.wpress.me\/index.php\/wp-json\/wp\/v2\/media?parent=40710"}],"wp:term":[{"taxonomy":"product_brand","embeddable":true,"href":"https:\/\/singuli.wpress.me\/index.php\/wp-json\/wp\/v2\/product_brand?post=40710"},{"taxonomy":"product_cat","embeddable":true,"href":"https:\/\/singuli.wpress.me\/index.php\/wp-json\/wp\/v2\/product_cat?post=40710"},{"taxonomy":"product_tag","embeddable":true,"href":"https:\/\/singuli.wpress.me\/index.php\/wp-json\/wp\/v2\/product_tag?post=40710"}],"curies":[{"name":"wp","href":"https:\/\/api.w.org\/{rel}","templated":true}]}}