{"id":40737,"date":"2026-04-19T15:17:37","date_gmt":"2026-04-19T15:17:37","guid":{"rendered":"https:\/\/singuli.wpress.me\/index.php\/proizvod\/glade-aromatherapy-difuzor-i-punjenje-naranca-i-cvijet-nerolij\/"},"modified":"2026-04-20T12:33:32","modified_gmt":"2026-04-20T12:33:32","slug":"glade-aromatherapy-difuzor-i-punjenje-naranca-i-cvijet-nerolij","status":"publish","type":"product","link":"https:\/\/singuli.wpress.me\/index.php\/proizvod\/glade-aromatherapy-difuzor-i-punjenje-naranca-i-cvijet-nerolij\/","title":{"rendered":"GLADE Aromatherapy, difuzor i punjenje, naran\u010da i cvijet nerolij"},"content":{"rendered":"<p>Glade\u00ae Difuzor pru\u017ea pouzdanu svje\u017einu s dvostrukom mje\u0161avinom esencijalnih ulja u svakoj prostoriji do 60 dana.<\/p>\n<p>Pakiranje sadr\u017ei: difuzor, punjenje i USB kabel. <\/p>\n<p>Odaberite \u017eeljeni intenzitet mirisa i svjetla te stvorite savr\u0161en ambijent u svakoj prostoriji. <\/p>\n<p>Birajte izme\u0111u 3 intenziteta ispu\u0161tanja mirisa i 3 vrste svjetlosnog indikatora u bijeloj, \u017eutoj i plavoj boji te 2 razine svjetline. <\/p>\n<p>Punjenje je spremno za kori\u0161tenje i nije ga potrebno mije\u0161ati s vodom. <\/p>\n<p>Ne sadr\u017ei parabene, ftalate, nitro mo\u0161us, boje ili umjetna bojila.<\/p>\n<p>Uljep\u0161ajte svoj dan i inspirirajte se uz pomo\u0107 \u017eivopisne mje\u0161avine brazilske naran\u010de i slatkog sjevernoafri\u010dkog cvijeta nerolija.<\/p>\n","protected":false},"excerpt":{"rendered":"<p>Sadr\u017ei: difuzor, punjenje &#8211; miris naran\u010de i cvijeta nerolija te USB kabel<br \/>\n3 intenziteta mirisa, 3 boje i 2 razine svjetline<br \/>\nJednostavne kontrole prilago\u0111avanja intenziteta mirisa i boje<\/p>\n","protected":false},"featured_media":40738,"template":"","meta":{"_seopress_robots_primary_cat":"","_seopress_titles_title":"","_seopress_titles_desc":"","_seopress_robots_index":"","iawp_total_views":0},"product_brand":[405],"product_cat":[294,238],"product_tag":[],"class_list":{"0":"post-40737","1":"product","2":"type-product","3":"status-publish","4":"has-post-thumbnail","6":"product_brand-glade","7":"product_cat-osvjezivaci-zraka-238","8":"product_cat-sve-za-dom","10":"first","11":"outofstock","12":"shipping-taxable","13":"purchasable","14":"product-type-simple"},"_links":{"self":[{"href":"https:\/\/singuli.wpress.me\/index.php\/wp-json\/wp\/v2\/product\/40737","targetHints":{"allow":["GET"]}}],"collection":[{"href":"https:\/\/singuli.wpress.me\/index.php\/wp-json\/wp\/v2\/product"}],"about":[{"href":"https:\/\/singuli.wpress.me\/index.php\/wp-json\/wp\/v2\/types\/product"}],"version-history":[{"count":0,"href":"https:\/\/singuli.wpress.me\/index.php\/wp-json\/wp\/v2\/product\/40737\/revisions"}],"wp:featuredmedia":[{"embeddable":true,"href":"https:\/\/singuli.wpress.me\/index.php\/wp-json\/wp\/v2\/media\/40738"}],"wp:attachment":[{"href":"https:\/\/singuli.wpress.me\/index.php\/wp-json\/wp\/v2\/media?parent=40737"}],"wp:term":[{"taxonomy":"product_brand","embeddable":true,"href":"https:\/\/singuli.wpress.me\/index.php\/wp-json\/wp\/v2\/product_brand?post=40737"},{"taxonomy":"product_cat","embeddable":true,"href":"https:\/\/singuli.wpress.me\/index.php\/wp-json\/wp\/v2\/product_cat?post=40737"},{"taxonomy":"product_tag","embeddable":true,"href":"https:\/\/singuli.wpress.me\/index.php\/wp-json\/wp\/v2\/product_tag?post=40737"}],"curies":[{"name":"wp","href":"https:\/\/api.w.org\/{rel}","templated":true}]}}